{"id":1188,"date":"2026-01-12T17:14:31","date_gmt":"2026-01-12T13:14:31","guid":{"rendered":"https:\/\/chs.az\/?post_type=product&#038;p=1188"},"modified":"2026-01-12T17:14:31","modified_gmt":"2026-01-12T13:14:31","slug":"hypochlorite-solution","status":"publish","type":"product","link":"https:\/\/chs.az\/az\/product\/hypochlorite-solution\/","title":{"rendered":"Hipoxlorit m\u0259hlulu"},"content":{"rendered":"<p data-path-to-node=\"3\" class=\"translation-block\"><b data-path-to-node=\"3\" data-index-in-node=\"0\">Sodyum hipoxlorit (NaOCl)<\/b> suyun dezinfeksiyas\u0131 v\u0259 oksidl\u0259\u015fm\u0259si \u00fc\u00e7\u00fcn \u0259n geni\u015f istifad\u0259 olunan v\u0259 effektiv kimy\u0259vi reagentl\u0259rd\u0259n biridir. S\u0259naye v\u0259 b\u0259l\u0259diyy\u0259 su t\u0259mizl\u0259m\u0259 sisteml\u0259rind\u0259 bu madd\u0259 mikrobioloji t\u0259hl\u00fck\u0259l\u0259rin aradan qald\u0131r\u0131lmas\u0131 v\u0259 sistemin gigiyenas\u0131n\u0131n qorunmas\u0131 \u00fc\u00e7\u00fcn g\u00fccl\u00fc vasit\u0259 kimi xidm\u0259t edir.<\/p>\n<h3 data-path-to-node=\"4\">\u018fsas Performans \u00dcst\u00fcnl\u00fckl\u0259ri<\/h3>\n<ul data-path-to-node=\"5\">\n<li>\n<p data-path-to-node=\"5,0,0\" class=\"translation-block\"><b data-path-to-node=\"5,0,0\" data-index-in-node=\"0\">Geni\u015f Spektrli Dezinfeksiya:<\/b> Bakteriyalar, viruslar v\u0259 yosunlar da daxil olmaqla su vasit\u0259sil\u0259 yay\u0131lan geni\u015f spektrli patogenl\u0259r\u0259 qar\u015f\u0131 y\u00fcks\u0259k effektivdir v\u0259 i\u00e7m\u0259li su t\u0259chizat\u0131nda t\u0259hl\u00fck\u0259sizliyi t\u0259min edir.<\/p>\n<\/li>\n<li>\n<p data-path-to-node=\"5,1,0\" class=\"translation-block\"><b data-path-to-node=\"5,1,0\" data-index-in-node=\"0\">Biofilm\u0259 N\u0259zar\u0259t:<\/b> Boru x\u0259tl\u0259ri v\u0259 saxlama tanklar\u0131ndak\u0131 \u00fczvi biofilml\u0259r\u0259 n\u00fcfuz etm\u0259k v\u0259 onlar\u0131 aradan qald\u0131rmaq \u00fc\u00e7\u00fcn x\u00fcsusi haz\u0131rlanm\u0131\u015fd\u0131r, ikincili \u00e7irkl\u0259nm\u0259nin qar\u015f\u0131s\u0131n\u0131 al\u0131r.<\/p>\n<\/li>\n<li>\n<p data-path-to-node=\"5,2,0\" class=\"translation-block\"><b data-path-to-node=\"5,2,0\" data-index-in-node=\"0\">Oksidl\u0259\u015fdirm\u0259 Qabiliyy\u0259tl\u0259ri:<\/b> D\u0259mir, manqan v\u0259 hidrogen sulfidin effektiv oksidl\u0259\u015fm\u0259sini t\u0259min edir v\u0259 onlar\u0131n <b data-path-to-node=\"5,2,0\" data-index-in-node=\"157\">\u00c7oxs\u00fczg\u0259cli filtrasiya<\/b> sisteml\u0259ri kimi n\u00f6vb\u0259ti filtrasiya m\u0259rh\u0259l\u0259l\u0259ri vasit\u0259sil\u0259 \u00e7\u0131xar\u0131lmas\u0131n\u0131 asanla\u015fd\u0131r\u0131r.<\/p>\n<\/li>\n<li>\n<p data-path-to-node=\"5,3,0\" class=\"translation-block\"><b data-path-to-node=\"5,3,0\" data-index-in-node=\"0\">Qal\u0131q Qoruma:<\/b> Paylama sistemind\u0259 \u00f6l\u00e7\u00fcl\u0259 bil\u0259n xlor qal\u0131qlar\u0131n\u0131 t\u0259min edir v\u0259 m\u00fcalic\u0259 n\u00f6qt\u0259sind\u0259n son krana q\u0259d\u0259r davaml\u0131 qoruma t\u0259klif edir.<\/p>\n<\/li>\n<\/ul>\n<h3 data-path-to-node=\"6\">Avtomatla\u015fd\u0131r\u0131lm\u0131\u015f sisteml\u0259r \u00fc\u00e7\u00fcn ideald\u0131r<\/h3>\n<p data-path-to-node=\"7\">Bu m\u0259hlul x\u00fcsusi olaraq kataloqunuzda g\u00f6st\u0259ril\u0259n y\u00fcks\u0259k d\u0259qiqlikli avadanl\u0131qla istifad\u0259 \u00fc\u00e7\u00fcn haz\u0131rlanm\u0131\u015fd\u0131r:<\/p>\n<ol start=\"1\" data-path-to-node=\"8\">\n<li>\n<p data-path-to-node=\"8,0,0\" class=\"translation-block\"><b data-path-to-node=\"8,0,0\" data-index-in-node=\"0\">Dozalama Sisteml\u0259ri:<\/b> D\u0259qiq inyeksiya \u00fc\u00e7\u00fcn sabit konsentrasiyaya ehtiyac\u0131 olan avtomatla\u015fd\u0131r\u0131lm\u0131\u015f kimy\u0259vi dozaj nasoslar\u0131 \u00fc\u00e7\u00fcn ideald\u0131r.<\/p>\n<\/li>\n<li>\n<p data-path-to-node=\"8,1,0\" class=\"translation-block\"><b data-path-to-node=\"8,1,0\" data-index-in-node=\"0\">Grundfos Dezinfeksiya Qur\u011fular\u0131:<\/b> Xlor s\u0259viyy\u0259l\u0259rini real vaxt rejimind\u0259 izl\u0259y\u0259n v\u0259 t\u0259nziml\u0259y\u0259n inki\u015faf etmi\u015f dezinfeksiya skid-l\u0259ri il\u0259 uy\u011fundur v\u0259 s\u0259rt \u201cWater Works\u201d standartlar\u0131na cavab verir.<\/p>\n<\/li>\n<li>\n<p data-path-to-node=\"8,2,0\" class=\"translation-block\"><b data-path-to-node=\"8,2,0\" data-index-in-node=\"0\">S\u0259naye Soyutma v\u0259 RO \u00d6n-m\u00fcalic\u0259si:<\/b> <b data-path-to-node=\"8,2,0\" data-index-in-node=\"69\">T\u0259rs Osmoz (RO)<\/b> v\u0259 <b data-path-to-node=\"8,2,0\" data-index-in-node=\"94\">Ultrafiltrasiya (UF)<\/b> membranlar\u0131nda biofilm yaranmas\u0131n\u0131n qar\u015f\u0131s\u0131n\u0131 almaq \u00fc\u00e7\u00fcn istifad\u0259 olunur v\u0259 bahal\u0131 filtrasiya komponentl\u0259rinin \u00f6mr\u00fcn\u00fc uzad\u0131r.<\/p>\n<\/li>\n<\/ol>\n<h3 data-path-to-node=\"9\">\u018fsas t\u0259tbiq sah\u0259l\u0259ri<\/h3>\n<ul data-path-to-node=\"10\">\n<li>\n<p data-path-to-node=\"10,0,0\" class=\"translation-block\"><b data-path-to-node=\"10,0,0\" data-index-in-node=\"0\">Su T\u0259chizat\u0131 v\u0259 B\u0259l\u0259diyy\u0259l\u0259r:<\/b> \u015e\u0259h\u0259r i\u00e7m\u0259li su \u015f\u0259b\u0259k\u0259l\u0259ri \u00fc\u00e7\u00fcn \u0259sas dezinfeksiya t\u0259dbiri.<\/p>\n<\/li>\n<li>\n<p data-path-to-node=\"10,1,0\" class=\"translation-block\"><b data-path-to-node=\"10,1,0\" data-index-in-node=\"0\">S\u0259naye Proses Suyu:<\/b> Qida v\u0259 i\u00e7ki istehsal\u0131 v\u0259 ya \u0259cza\u00e7\u0131l\u0131q istehsal\u0131 \u00fc\u00e7\u00fcn mikroblardan t\u0259miz su t\u0259min edir.<\/p>\n<\/li>\n<li>\n<p data-path-to-node=\"10,2,0\" class=\"translation-block\"><b data-path-to-node=\"10,2,0\" data-index-in-node=\"0\">\u00c7irkl\u0259nmi\u015f S\u0259naye Sular\u0131:<\/b> At\u0131k su v\u0259 sular\u0131n m\u00fcalic\u0259si il\u0259 \u0259traf m\u00fchit\u0259 burax\u0131lma qaydalar\u0131na uy\u011funluq t\u0259min edilir.<\/p>\n<\/li>\n<li>\n<p data-path-to-node=\"10,3,0\" class=\"translation-block\"><b data-path-to-node=\"10,3,0\" data-index-in-node=\"0\">Soyutma Q\u00fcll\u0259si Bax\u0131m\u0131:<\/b> B\u00f6y\u00fck h\u0259cmli soyutma d\u00f6vrl\u0259rind\u0259 Legionella v\u0259 dig\u0259r z\u0259r\u0259rli bakteriyalar\u0131n inki\u015faf\u0131n\u0131n qar\u015f\u0131s\u0131n\u0131 al\u0131r.<\/p>\n<\/li>\n<\/ul>","protected":false},"excerpt":{"rendered":"<table data-path-to-node=\"13\">\n<thead>\n<tr>\n<td><strong>X\u00fcsusiyy\u0259t<\/strong><\/td>\n<td><strong>Texniki g\u00f6st\u0259ricil\u0259r<\/strong><\/td>\n<\/tr>\n<\/thead>\n<tbody>\n<tr>\n<td><span data-path-to-node=\"13,1,0,0\"><b data-path-to-node=\"13,1,0,0\" data-index-in-node=\"0\">Kimy\u0259vi formul<\/b><\/span><\/td>\n<td><span data-path-to-node=\"13,1,1,0\"><span class=\"math-inline\" data-math=\"NaOCl\" data-index-in-node=\"0\">$NaOCl$<\/span><\/span><\/td>\n<\/tr>\n<tr>\n<td><span data-path-to-node=\"13,2,0,0\"><b data-path-to-node=\"13,2,0,0\" data-index-in-node=\"0\">\u018fsas istifad\u0259 sah\u0259si<\/b><\/span><\/td>\n<td><span data-path-to-node=\"13,2,1,0\">Dezinfeksiya, oksidl\u0259\u015fm\u0259, yosunlara n\u0259zar\u0259t<\/span><\/td>\n<\/tr>\n<tr>\n<td><span data-path-to-node=\"13,3,0,0\"><b data-path-to-node=\"13,3,0,0\" data-index-in-node=\"0\">\u00c7atd\u0131r\u0131lma \u00fcsulu<\/b><\/span><\/td>\n<td class=\"translation-block\"><span data-path-to-node=\"13,3,1,0\">Maye inyeksiyas\u0131 <b data-path-to-node=\"13,3,1,0\" data-index-in-node=\"21\">dozalama sisteml\u0259ri<\/b> vasit\u0259sil\u0259<\/span><\/td>\n<\/tr>\n<tr>\n<td><span data-path-to-node=\"13,4,0,0\"><b data-path-to-node=\"13,4,0,0\" data-index-in-node=\"0\">Qoxu<\/b><\/span><\/td>\n<td><span data-path-to-node=\"13,4,1,0\">Xarakterik xlor qoxusu<\/span><\/td>\n<\/tr>\n<tr>\n<td><span data-path-to-node=\"13,5,0,0\"><b data-path-to-node=\"13,5,0,0\" data-index-in-node=\"0\">T\u0259hl\u00fck\u0259sizlik t\u0259l\u0259bl\u0259rin\u0259 uy\u011funluq<\/b><\/span><\/td>\n<td><span data-path-to-node=\"13,5,1,0\">\u0130\u00e7m\u0259li suyun t\u0259mizl\u0259nm\u0259si \u00fc\u00e7\u00fcn uy\u011fundur<\/span><\/td>\n<\/tr>\n<\/tbody>\n<\/table>","protected":false},"featured_media":1189,"template":"","meta":[],"product_brand":[],"product_cat":[211,215],"product_tag":[],"class_list":{"0":"post-1188","1":"product","2":"type-product","3":"status-publish","4":"has-post-thumbnail","6":"product_cat-commercial","7":"product_cat-water-works","9":"first","10":"instock","11":"shipping-taxable","12":"product-type-simple"},"_links":{"self":[{"href":"https:\/\/chs.az\/az\/wp-json\/wp\/v2\/product\/1188","targetHints":{"allow":["GET"]}}],"collection":[{"href":"https:\/\/chs.az\/az\/wp-json\/wp\/v2\/product"}],"about":[{"href":"https:\/\/chs.az\/az\/wp-json\/wp\/v2\/types\/product"}],"wp:featuredmedia":[{"embeddable":true,"href":"https:\/\/chs.az\/az\/wp-json\/wp\/v2\/media\/1189"}],"wp:attachment":[{"href":"https:\/\/chs.az\/az\/wp-json\/wp\/v2\/media?parent=1188"}],"wp:term":[{"taxonomy":"product_brand","embeddable":true,"href":"https:\/\/chs.az\/az\/wp-json\/wp\/v2\/product_brand?post=1188"},{"taxonomy":"product_cat","embeddable":true,"href":"https:\/\/chs.az\/az\/wp-json\/wp\/v2\/product_cat?post=1188"},{"taxonomy":"product_tag","embeddable":true,"href":"https:\/\/chs.az\/az\/wp-json\/wp\/v2\/product_tag?post=1188"}],"curies":[{"name":"wp","href":"https:\/\/api.w.org\/{rel}","templated":true}]}}