{"id":1130,"date":"2026-01-05T01:24:11","date_gmt":"2026-01-04T21:24:11","guid":{"rendered":"https:\/\/chs.az\/?post_type=product&#038;p=1130"},"modified":"2026-01-05T01:24:11","modified_gmt":"2026-01-04T21:24:11","slug":"mbr-system","status":"publish","type":"product","link":"https:\/\/chs.az\/az\/product\/mbr-system\/","title":{"rendered":"MBR (Membran Bioreaktor) Sistemi"},"content":{"rendered":"<h2 data-path-to-node=\"9\">Industrial Membrane Filtration Skid<\/h2>\n<p data-path-to-node=\"10\" class=\"translation-block\">S\u0259naye tipli membran filtrasiya skidi (Industrial Membrane Filtration Skid) b\u00f6y\u00fck miqyasl\u0131 t\u0259mizl\u0259m\u0259 tap\u015f\u0131r\u0131qlar\u0131 \u00fc\u00e7\u00fcn n\u0259z\u0259rd\u0259 tutulmu\u015f davaml\u0131 v\u0259 y\u00fcks\u0259k m\u0259hsuldarl\u0131ql\u0131 su t\u0259mizl\u0259m\u0259 h\u0259llidir. Bu modulyar sistem m\u00fcxt\u0259lif su m\u0259nb\u0259l\u0259rind\u0259n as\u0131l\u0131 hiss\u0259cikl\u0259rin, patogenl\u0259rin v\u0259 kimy\u0259vi qar\u0131\u015f\u0131qlar\u0131n m\u00fck\u0259mm\u0259l k\u0259narla\u015fd\u0131r\u0131lmas\u0131n\u0131 t\u0259min etm\u0259k \u00fc\u00e7\u00fcn qabaqc\u0131l membran texnologiyas\u0131ndan (m\u0259s\u0259l\u0259n, Ultrafiltrasiya v\u0259 ya Nanofiltrasiya) istifad\u0259 edir.<\/p>\n<h3 data-path-to-node=\"11\">\u018fsas texniki x\u00fcsusiyy\u0259tl\u0259r<\/h3>\n<ul data-path-to-node=\"12\">\n<li>\n<p data-path-to-node=\"12,0,0\" class=\"translation-block\">Y\u00fcks\u0259k H\u0259cmli \u00d6t\u00fcr\u00fcc\u00fcl\u00fck: B\u00f6y\u00fck ax\u0131n s\u00fcr\u0259tl\u0259rini idar\u0259 etm\u0259k \u00fc\u00e7\u00fcn layih\u0259l\u0259ndirilmi\u015fdir ki, bu da onu b\u0259l\u0259diyy\u0259 v\u0259 a\u011f\u0131r s\u0259naye t\u0259tbiql\u0259ri \u00fc\u00e7\u00fcn uy\u011fun edir.<\/p>\n<\/li>\n<li>\n<p data-path-to-node=\"12,1,0\" class=\"translation-block\">Modulyar Skid Dizayn\u0131: Membranlar\u0131n \u015faquli d\u00fcz\u00fcl\u00fc\u015f\u00fc artan su t\u0259l\u0259bat\u0131n\u0131 qar\u015f\u0131lamaq \u00fc\u00e7\u00fcn asan geni\u015fl\u0259ndirm\u0259 imkan\u0131 t\u0259qdim etm\u0259kl\u0259 yana\u015f\u0131, y\u0131\u011fcam yerl\u0259\u015fm\u0259 sah\u0259sin\u0259 (kompakt \u00f6l\u00e7\u00fcl\u0259r\u0259) imkan verir.<\/p>\n<\/li>\n<li>\n<p data-path-to-node=\"12,2,0\" class=\"translation-block\">A\u011f\u0131r \u0130\u015f \u015e\u0259raiti \u00fc\u00e7\u00fcn Boru v\u0259 Klapanlar: T\u0259zyiq v\u0259 ax\u0131n\u0131n d\u0259qiq idar\u0259 olunmas\u0131 \u00fc\u00e7\u00fcn s\u0259naye tipli kollektor borular\u0131 v\u0259 y\u00fcks\u0259k m\u0259hsuldarl\u0131ql\u0131 idar\u0259etm\u0259 klapanlar\u0131 il\u0259 t\u0259chiz edilmi\u015fdir.<\/p>\n<\/li>\n<li>\n<p data-path-to-node=\"12,3,0\" class=\"translation-block\">\u00dcst\u00fcn Davaml\u0131l\u0131q: Da\u011f-m\u0259d\u0259n sah\u0259l\u0259rinin v\u0259 s\u0259naye m\u00fc\u0259ssis\u0259l\u0259rinin s\u0259rt m\u00fchitl\u0259rin\u0259 tab g\u0259tirm\u0259k \u00fc\u00e7\u00fcn n\u0259z\u0259rd\u0259 tutulmu\u015f g\u00fccl\u0259ndirilmi\u015f struktur \u00e7\u0259r\u00e7iv\u0259 \u00fcz\u0259rind\u0259 qurulmu\u015fdur.<\/p>\n<\/li>\n<li>\n<p data-path-to-node=\"12,4,0\" class=\"translation-block\">Qabaqc\u0131l \u0130lkin T\u0259mizl\u0259m\u0259 D\u0259st\u0259yi: M\u00fcst\u0259qil filtrasiya qur\u011fusu kimi v\u0259 ya T\u0259rs Osmos (RO) sisteml\u0259ri \u00fc\u00e7\u00fcn kritik bir ilkin t\u0259mizl\u0259m\u0259 m\u0259rh\u0259l\u0259si kimi m\u00fck\u0259mm\u0259l \u015f\u0259kild\u0259 f\u0259aliyy\u0259t g\u00f6st\u0259rir.<\/p>\n<\/li>\n<\/ul>\n<h3 data-path-to-node=\"13\">\u018fsas t\u0259tbiq sah\u0259l\u0259ri<\/h3>\n<ul data-path-to-node=\"14\">\n<li>\n<p data-path-to-node=\"14,0,0\" class=\"translation-block\">B\u0259l\u0259diyy\u0259 Su T\u0259mizl\u0259m\u0259: B\u00f6y\u00fck miqyasl\u0131 ictimai paylanma \u00fc\u00e7\u00fcn xam suyun t\u0259mizl\u0259nm\u0259si.<\/p>\n<\/li>\n<li>\n<p data-path-to-node=\"14,1,0\" class=\"translation-block\">S\u0259naye Tullant\u0131 Sular\u0131n\u0131n T\u0259krar Emal\u0131: Zavod daxilind\u0259 davaml\u0131 t\u0259krar istifad\u0259 \u00fc\u00e7\u00fcn \u00e7irkl\u0259nmi\u015f proses suyunun t\u0259mizl\u0259nm\u0259si.<\/p>\n<\/li>\n<li>\n<p data-path-to-node=\"14,2,0\" class=\"translation-block\">Resurslar\u0131n \u00c7\u0131xar\u0131lmas\u0131 v\u0259 Da\u011f-m\u0259d\u0259n \u0130\u015fl\u0259ri: Yerli ekosisteml\u0259ri qorumaq \u00fc\u00e7\u00fcn tur\u015fulu v\u0259 ya \u00e7\u00f6k\u00fcnt\u00fcs\u00fc \u00e7ox olan m\u0259d\u0259n sular\u0131n\u0131n idar\u0259 olunmas\u0131 v\u0259 t\u0259mizl\u0259nm\u0259si.<\/p>\n<\/li>\n<\/ul>","protected":false},"excerpt":{"rendered":"<table data-path-to-node=\"16\">\n<thead>\n<tr>\n<td><strong>X\u00fcsusiyy\u0259t<\/strong><\/td>\n<td><strong>Texniki g\u00f6st\u0259ricil\u0259r<\/strong><\/td>\n<\/tr>\n<\/thead>\n<tbody>\n<tr>\n<td><span data-path-to-node=\"16,1,0,0\"><b data-path-to-node=\"16,1,0,0\" data-index-in-node=\"0\">Texnologiya<\/b><\/span><\/td>\n<td><span data-path-to-node=\"16,1,1,0\">T\u0259zyiql\u0259 idar\u0259 olunan membran filtrasiyas\u0131<\/span><\/td>\n<\/tr>\n<tr>\n<td><span data-path-to-node=\"16,2,0,0\"><b data-path-to-node=\"16,2,0,0\" data-index-in-node=\"0\">Konstruksiya<\/b><\/span><\/td>\n<td><span data-path-to-node=\"16,2,1,0\">S\u0259naye tipli monoblok (skid) qur\u011fu<\/span><\/td>\n<\/tr>\n<tr>\n<td><span data-path-to-node=\"16,3,0,0\"><b data-path-to-node=\"16,3,0,0\" data-index-in-node=\"0\">H\u0259d\u0259f \u00e7irkl\u0259ndiricil\u0259r<\/b><\/span><\/td>\n<td><span data-path-to-node=\"16,3,1,0\">Bakteriyalar, viruslar, lil (lil \u00e7\u00f6k\u00fcnt\u00fcs\u00fc) v\u0259 s\u0259naye \u00e7irkl\u0259ndiricil\u0259ri<\/span><\/td>\n<\/tr>\n<tr>\n<td><span data-path-to-node=\"16,4,0,0\"><b data-path-to-node=\"16,4,0,0\" data-index-in-node=\"0\">Miqyas<\/b><\/span><\/td>\n<td><span data-path-to-node=\"16,4,1,0\">B\u00f6y\u00fck miqyasl\u0131 \/ S\u0259naye tipli<\/span><\/td>\n<\/tr>\n<\/tbody>\n<\/table>\n<p data-path-to-node=\"17\">\n<p data-path-to-node=\"17\">","protected":false},"featured_media":1131,"template":"","meta":[],"product_brand":[],"product_cat":[211,215],"product_tag":[],"class_list":{"0":"post-1130","1":"product","2":"type-product","3":"status-publish","4":"has-post-thumbnail","6":"product_cat-commercial","7":"product_cat-water-works","9":"first","10":"instock","11":"shipping-taxable","12":"product-type-simple"},"_links":{"self":[{"href":"https:\/\/chs.az\/az\/wp-json\/wp\/v2\/product\/1130","targetHints":{"allow":["GET"]}}],"collection":[{"href":"https:\/\/chs.az\/az\/wp-json\/wp\/v2\/product"}],"about":[{"href":"https:\/\/chs.az\/az\/wp-json\/wp\/v2\/types\/product"}],"wp:featuredmedia":[{"embeddable":true,"href":"https:\/\/chs.az\/az\/wp-json\/wp\/v2\/media\/1131"}],"wp:attachment":[{"href":"https:\/\/chs.az\/az\/wp-json\/wp\/v2\/media?parent=1130"}],"wp:term":[{"taxonomy":"product_brand","embeddable":true,"href":"https:\/\/chs.az\/az\/wp-json\/wp\/v2\/product_brand?post=1130"},{"taxonomy":"product_cat","embeddable":true,"href":"https:\/\/chs.az\/az\/wp-json\/wp\/v2\/product_cat?post=1130"},{"taxonomy":"product_tag","embeddable":true,"href":"https:\/\/chs.az\/az\/wp-json\/wp\/v2\/product_tag?post=1130"}],"curies":[{"name":"wp","href":"https:\/\/api.w.org\/{rel}","templated":true}]}}