{"id":1128,"date":"2026-01-05T01:19:43","date_gmt":"2026-01-04T21:19:43","guid":{"rendered":"https:\/\/chs.az\/?post_type=product&#038;p=1128"},"modified":"2026-01-05T01:19:43","modified_gmt":"2026-01-04T21:19:43","slug":"industrial-ultrafiltration-uf-membrane-system","status":"publish","type":"product","link":"https:\/\/chs.az\/az\/product\/industrial-ultrafiltration-uf-membrane-system\/","title":{"rendered":"S\u0259naye Ultrafiltrasiya (UF) Membran Sistemi"},"content":{"rendered":"<h2 data-path-to-node=\"5\">S\u0259naye Ultrafiltrasiya (UF) Membran Sistemi<\/h2>\n<p data-path-to-node=\"6\" class=\"translation-block\">Ultrafiltrasiya (UF) Membran Sistemi, m\u00fcxt\u0259lif su m\u0259nb\u0259l\u0259rind\u0259n as\u0131l\u0131 hiss\u0259cikl\u0259ri, bakteriyalar\u0131, viruslar\u0131 v\u0259 dig\u0259r patogenl\u0259ri k\u0259narla\u015fd\u0131raraq \u00fcst\u00fcn filtrasiya t\u0259min etm\u0259k \u00fc\u00e7\u00fcn n\u0259z\u0259rd\u0259 tutulmu\u015f qabaqc\u0131l su t\u0259mizl\u0259m\u0259 texnologiyas\u0131d\u0131r. Bu sistem geni\u015f kimy\u0259vi t\u0259mizl\u0259m\u0259y\u0259 ehtiyac duymadan y\u00fcks\u0259k safl\u0131ql\u0131 su t\u0259min etm\u0259k \u00fc\u00e7\u00fcn y\u00fcks\u0259k keyfiyy\u0259tli i\u00e7i bo\u015f lifli (hollow-fiber) membranlardan istifad\u0259 edir.<\/p>\n<h3 data-path-to-node=\"7\">\u018fsas texniki x\u00fcsusiyy\u0259tl\u0259r<\/h3>\n<ul data-path-to-node=\"8\">\n<li>\n<p data-path-to-node=\"8,0,0\" class=\"translation-block\">Y\u00fcks\u0259k Effektivli Filtrasiya: Bulan\u0131ql\u0131\u011f\u0131 v\u0259 mikrobioloji \u00e7irkl\u0259ndiricil\u0259ri effektiv \u015f\u0259kild\u0259 k\u0259narla\u015fd\u0131raraq, davaml\u0131 olaraq b\u00fcllur kimi t\u0259miz suyun \u00e7\u0131x\u0131\u015f\u0131n\u0131 t\u0259min edir.<\/p>\n<\/li>\n<li>\n<p data-path-to-node=\"8,1,0\" class=\"translation-block\">Modulyar Dizayn: Membran korpuslar\u0131n\u0131n paralel d\u00fcz\u00fcl\u00fc\u015f\u00fc b\u00f6y\u00fck h\u0259cmli su t\u0259l\u0259bat\u0131n\u0131 qar\u015f\u0131lamaqla yana\u015f\u0131, asan geni\u015fl\u0259ndirm\u0259 v\u0259 texniki xidm\u0259t imkan\u0131 yarad\u0131r.<\/p>\n<\/li>\n<li>\n<p data-path-to-node=\"8,2,0\" class=\"translation-block\">Davaml\u0131 Paslanmaz Polad \u00c7\u0259r\u00e7iv\u0259: B\u00fct\u00fcn sistem s\u0259rt m\u00fchitl\u0259rd\u0259 sabitliyi v\u0259 uzun\u00f6m\u00fcrl\u00fcl\u00fcy\u00fc t\u0259min etm\u0259k \u00fc\u00e7\u00fcn m\u00f6hk\u0259m s\u0259naye \u00e7\u0259r\u00e7iv\u0259si \u00fcz\u0259rind\u0259 qura\u015fd\u0131r\u0131lm\u0131\u015fd\u0131r.<\/p>\n<\/li>\n<li>\n<p data-path-to-node=\"8,3,0\" class=\"translation-block\">Avtomatla\u015fd\u0131r\u0131lm\u0131\u015f Geri Yuma Sistemi: Membran performans\u0131n\u0131 qorumaq v\u0259 xidm\u0259t m\u00fcdd\u0259tini uzatmaq \u00fc\u00e7\u00fcn inteqrasiya olunmu\u015f t\u0259mizl\u0259m\u0259 mexanizmin\u0259 malikdir.<\/p>\n<\/li>\n<li>\n<p data-path-to-node=\"8,4,0\" class=\"translation-block\">Ekoloji C\u0259h\u0259td\u0259n T\u0259miz \u018fm\u0259liyyat: \u018fn\u0259n\u0259vi filtrasiya \u00fcsullar\u0131 il\u0259 m\u00fcqayis\u0259d\u0259 a\u015fa\u011f\u0131 enerji istehlak\u0131 v\u0259 minimum kimy\u0259vi madd\u0259 t\u0259l\u0259bat\u0131 il\u0259 f\u0259aliyy\u0259t g\u00f6st\u0259rir.<\/p>\n<\/li>\n<\/ul>\n<h3 data-path-to-node=\"9\">\u018fsas t\u0259tbiq sah\u0259l\u0259ri<\/h3>\n<ul data-path-to-node=\"10\">\n<li>\n<p data-path-to-node=\"10,0,0\" class=\"translation-block\">B\u0259l\u0259diyy\u0259 Su T\u0259mizl\u0259m\u0259: \u0130ctimai i\u00e7m\u0259li su t\u0259chizat\u0131 \u00fc\u00e7\u00fcn yer\u00fcst\u00fc sular\u0131n t\u0259mizl\u0259nm\u0259sind\u0259 ideal se\u00e7imdir.<\/p>\n<\/li>\n<li>\n<p data-path-to-node=\"10,1,0\" class=\"translation-block\">S\u0259naye Proses Suyu: T\u0259rs Osmos (RO) sisteml\u0259ri v\u0259 qazan b\u0259sl\u0259m\u0259 suyu \u00fc\u00e7\u00fcn y\u00fcks\u0259k keyfiyy\u0259tli ilkin t\u0259mizl\u0259m\u0259ni t\u0259min edir.<\/p>\n<\/li>\n<li>\n<p data-path-to-node=\"10,2,0\" class=\"translation-block\">Tullant\u0131 Sular\u0131n\u0131n B\u0259rpas\u0131: S\u0259naye m\u00fc\u0259ssis\u0259l\u0259rind\u0259 v\u0259 da\u011f-m\u0259d\u0259n \u0259m\u0259liyyatlar\u0131nda proses suyunun t\u0259mizl\u0259nm\u0259si v\u0259 t\u0259krar istifad\u0259si \u00fc\u00e7\u00fcn istifad\u0259 olunur, davaml\u0131 su idar\u0259\u00e7iliyini d\u0259st\u0259kl\u0259yir.<\/p>\n<\/li>\n<\/ul>","protected":false},"excerpt":{"rendered":"<p>Industrial Ultrafiltration (UF) Membrane System The Ultrafiltration (UF) Membrane System is an&hellip;<\/p>","protected":false},"featured_media":1129,"template":"","meta":[],"product_brand":[],"product_cat":[211,216],"product_tag":[],"class_list":{"0":"post-1128","1":"product","2":"type-product","3":"status-publish","4":"has-post-thumbnail","6":"product_cat-commercial","7":"product_cat-mining","9":"first","10":"instock","11":"shipping-taxable","12":"product-type-simple"},"_links":{"self":[{"href":"https:\/\/chs.az\/az\/wp-json\/wp\/v2\/product\/1128","targetHints":{"allow":["GET"]}}],"collection":[{"href":"https:\/\/chs.az\/az\/wp-json\/wp\/v2\/product"}],"about":[{"href":"https:\/\/chs.az\/az\/wp-json\/wp\/v2\/types\/product"}],"wp:featuredmedia":[{"embeddable":true,"href":"https:\/\/chs.az\/az\/wp-json\/wp\/v2\/media\/1129"}],"wp:attachment":[{"href":"https:\/\/chs.az\/az\/wp-json\/wp\/v2\/media?parent=1128"}],"wp:term":[{"taxonomy":"product_brand","embeddable":true,"href":"https:\/\/chs.az\/az\/wp-json\/wp\/v2\/product_brand?post=1128"},{"taxonomy":"product_cat","embeddable":true,"href":"https:\/\/chs.az\/az\/wp-json\/wp\/v2\/product_cat?post=1128"},{"taxonomy":"product_tag","embeddable":true,"href":"https:\/\/chs.az\/az\/wp-json\/wp\/v2\/product_tag?post=1128"}],"curies":[{"name":"wp","href":"https:\/\/api.w.org\/{rel}","templated":true}]}}