{"id":1126,"date":"2026-01-05T01:14:15","date_gmt":"2026-01-04T21:14:15","guid":{"rendered":"https:\/\/chs.az\/?post_type=product&#038;p=1126"},"modified":"2026-01-05T01:14:15","modified_gmt":"2026-01-04T21:14:15","slug":"industrial-2-pass-ro-system","status":"publish","type":"product","link":"https:\/\/chs.az\/az\/product\/industrial-2-pass-ro-system\/","title":{"rendered":"S\u0259naye tipli 2-m\u0259rh\u0259l\u0259li RO sistemi"},"content":{"rendered":"<h2 data-path-to-node=\"0\">Industrial 2-Pass Reverse Osmosis (RO) System<\/h2>\n<p data-path-to-node=\"1\" class=\"translation-block\">2-M\u0259rh\u0259l\u0259li T\u0259rs Osmos (RO) Sistemi, \u0259n y\u00fcks\u0259k s\u0259viyy\u0259d\u0259 su safl\u0131\u011f\u0131 t\u0259l\u0259b ed\u0259n t\u0259tbiql\u0259r \u00fc\u00e7\u00fcn m\u00fch\u0259ndislik edilmi\u015f y\u00fcks\u0259k m\u0259hsuldarl\u0131ql\u0131 su t\u0259mizl\u0259m\u0259 h\u0259llidir. Suyu ard\u0131c\u0131l iki yar\u0131ke\u00e7irici membran m\u0259rh\u0259l\u0259sind\u0259n ke\u00e7irm\u0259kl\u0259, bu sistem h\u0259ll olunmu\u015f b\u0259rk madd\u0259l\u0259rin, duzlar\u0131n, minerallar\u0131n v\u0259 \u00fczvi \u00e7irkl\u0259ndiricil\u0259rin b\u00f6y\u00fck \u0259ks\u0259riyy\u0259tini effektiv \u015f\u0259kild\u0259 k\u0259narla\u015fd\u0131r\u0131r.<\/p>\n<hr data-path-to-node=\"2\" \/>\n<h3 data-path-to-node=\"3\">\u018fsas texniki x\u00fcsusiyy\u0259tl\u0259r<\/h3>\n<ul data-path-to-node=\"4\">\n<li>\n<p data-path-to-node=\"4,0,0\" class=\"translation-block\">\u0130kim\u0259rh\u0259l\u0259li Filtrasiya: \u201c2-m\u0259rh\u0259l\u0259li\u201d (2-pass) dizayn o dem\u0259kdir ki, birinci m\u0259rh\u0259l\u0259d\u0259n al\u0131nan m\u0259hsul suyu (permeat) ikinci m\u0259rh\u0259l\u0259 \u00fc\u00e7\u00fcn xam su rolunu oynay\u0131r v\u0259 bu, ultra-t\u0259miz n\u0259tic\u0259l\u0259ri t\u0259min edir.<\/p>\n<\/li>\n<li>\n<p data-path-to-node=\"4,1,0\" class=\"translation-block\">\u0130nteqrasiya Olunmu\u015f \u0130dar\u0259etm\u0259 M\u0259rk\u0259zi: Qur\u011fu, avtomatla\u015fd\u0131rman\u0131 v\u0259 sistem t\u0259hl\u00fck\u0259sizliyini idar\u0259 ed\u0259n m\u0259rk\u0259zl\u0259\u015fdirilmi\u015f elektrik idar\u0259etm\u0259 \u015fkaf\u0131 il\u0259 t\u0259chiz edilmi\u015fdir.<\/p>\n<\/li>\n<li>\n<p data-path-to-node=\"4,2,0\" class=\"translation-block\">T\u0259kmil Monitorinq: Operatorlara h\u0259r bir m\u0259rh\u0259l\u0259nin performans\u0131n\u0131 real vaxt rejimind\u0259 izl\u0259m\u0259y\u0259 imkan ver\u0259n y\u00fcks\u0259k d\u0259qiqlikli t\u0259zyiq \u00f6l\u00e7\u0259nl\u0259r (manometrl\u0259r) v\u0259 ax\u0131n say\u011faclar\u0131 il\u0259 t\u0259chiz edilmi\u015fdir.<\/p>\n<\/li>\n<li>\n<p data-path-to-node=\"4,3,0\" class=\"translation-block\">Korroziyaya Davaml\u0131 \u015eassi (Skid): B\u00fct\u00fcn komplektasiya struktur sabitliyi v\u0259 qura\u015fd\u0131rma asanl\u0131\u011f\u0131n\u0131 t\u0259min ed\u0259n a\u011f\u0131r i\u015f rejimi \u00fc\u00e7\u00fcn n\u0259z\u0259rd\u0259 tutulmu\u015f paslanmaz polad \u00e7\u0259r\u00e7iv\u0259 \u00fcz\u0259rin\u0259 qura\u015fd\u0131r\u0131lm\u0131\u015fd\u0131r.<\/p>\n<\/li>\n<li>\n<p data-path-to-node=\"4,4,0\" class=\"translation-block\">\u0130nteqrasiya Olunmu\u015f \u0130lkin T\u0259mizl\u0259m\u0259: Membranlar\u0131 \u00e7irkl\u0259nm\u0259d\u0259n qorumaq v\u0259 sabit m\u0259hsuldarl\u0131\u011f\u0131 t\u0259min etm\u0259k \u00fc\u00e7\u00fcn \u015faquli filtrasiya korpuslar\u0131n\u0131 v\u0259 y\u00fcks\u0259k t\u0259zyiqli nasoslar\u0131 daxil edir.<\/p>\n<\/li>\n<\/ul>\n<h3 data-path-to-node=\"5\">\u018fsas t\u0259tbiq sah\u0259l\u0259ri<\/h3>\n<ul data-path-to-node=\"6\">\n<li>\n<p data-path-to-node=\"6,0,0\" class=\"translation-block\">Su \u0130dar\u0259l\u0259ri v\u0259 B\u0259l\u0259diyy\u0259l\u0259r: \u015eor (ac\u0131) v\u0259 ya \u00e7irkl\u0259nmi\u015f m\u0259nb\u0259l\u0259rd\u0259n y\u00fcks\u0259k keyfiyy\u0259tli i\u00e7m\u0259li su istehsal etm\u0259k \u00fc\u00e7\u00fcn ideald\u0131r.<\/p>\n<\/li>\n<li>\n<p data-path-to-node=\"6,1,0\" class=\"translation-block\">S\u0259naye Proses Suyu: Ultra-t\u0259miz suyun istehsal \u00fc\u00e7\u00fcn kritik \u0259h\u0259miyy\u0259t k\u0259sb etdiyi \u0259cza\u00e7\u0131l\u0131q, yar\u0131mke\u00e7iricil\u0259r v\u0259 i\u00e7ki s\u0259nayel\u0259rind\u0259 geni\u015f istifad\u0259 olunur.<\/p>\n<\/li>\n<li>\n<p data-path-to-node=\"6,2,0\" class=\"translation-block\">Da\u011f-m\u0259d\u0259n v\u0259 Energetika: S\u0259rt m\u00fchitl\u0259rd\u0259 tullant\u0131 sular\u0131n\u0131n t\u0259krar istifad\u0259 \u00fc\u00e7\u00fcn t\u0259mizl\u0259nm\u0259si v\u0259 ya texniki proses suyunun t\u0259mizl\u0259nm\u0259si \u00fc\u00e7\u00fcn effektivdir.<\/p>\n<\/li>\n<\/ul>","protected":false},"excerpt":{"rendered":"<table data-path-to-node=\"9\">\n<thead>\n<tr>\n<td><strong>X\u00fcsusiyy\u0259t<\/strong><\/td>\n<td><strong>Texniki g\u00f6st\u0259ricil\u0259r<\/strong><\/td>\n<\/tr>\n<\/thead>\n<tbody>\n<tr>\n<td><span data-path-to-node=\"9,1,0,0\"><b data-path-to-node=\"9,1,0,0\" data-index-in-node=\"0\">Sistem N\u00f6v\u00fc<\/b><\/span><\/td>\n<td><span data-path-to-node=\"9,1,1,0\">2-M\u0259rh\u0259l\u0259li (Pill\u0259li) T\u0259rs Osmos (RO)<\/span><\/td>\n<\/tr>\n<tr>\n<td><span data-path-to-node=\"9,2,0,0\"><b data-path-to-node=\"9,2,0,0\" data-index-in-node=\"0\">\u00c7\u0259r\u00e7iv\u0259 Material\u0131<\/b><\/span><\/td>\n<td><span data-path-to-node=\"9,2,1,0\">S\u0259naye Tipli Paslanmaz Polad<\/span><\/td>\n<\/tr>\n<tr>\n<td><span data-path-to-node=\"9,3,0,0\"><b data-path-to-node=\"9,3,0,0\" data-index-in-node=\"0\">Monitorinq<\/b><\/span><\/td>\n<td><span data-path-to-node=\"9,3,1,0\">T\u0259zyiq \u00d6l\u00e7\u0259nl\u0259r (Manometrl\u0259r) v\u0259 Avtomatla\u015fd\u0131r\u0131lm\u0131\u015f \u0130dar\u0259etm\u0259 Paneli<\/span><\/td>\n<\/tr>\n<tr>\n<td><span data-path-to-node=\"9,4,0,0\"><b data-path-to-node=\"9,4,0,0\" data-index-in-node=\"0\">H\u0259d\u0259f \u00e7irkl\u0259ndiricil\u0259r<\/b><\/span><\/td>\n<td><span data-path-to-node=\"9,4,1,0\">H\u0259ll Olunmu\u015f Duzlar, A\u011f\u0131r Metallar, Mikroorqanizml\u0259r<\/span><\/td>\n<\/tr>\n<tr>\n<td><span data-path-to-node=\"9,5,0,0\"><b data-path-to-node=\"9,5,0,0\" data-index-in-node=\"0\">\u0130stismar<\/b><\/span><\/td>\n<td><span data-path-to-node=\"9,5,1,0\">Tam Avtomatla\u015fd\u0131r\u0131lm\u0131\u015f Giri\u015f N\u00f6qt\u0259si (Sistemi)<\/span><\/td>\n<\/tr>\n<\/tbody>\n<\/table>\n<p>&nbsp;<\/p>","protected":false},"featured_media":1127,"template":"","meta":[],"product_brand":[],"product_cat":[211,215],"product_tag":[],"class_list":{"0":"post-1126","1":"product","2":"type-product","3":"status-publish","4":"has-post-thumbnail","6":"product_cat-commercial","7":"product_cat-water-works","9":"first","10":"instock","11":"shipping-taxable","12":"product-type-simple"},"_links":{"self":[{"href":"https:\/\/chs.az\/az\/wp-json\/wp\/v2\/product\/1126","targetHints":{"allow":["GET"]}}],"collection":[{"href":"https:\/\/chs.az\/az\/wp-json\/wp\/v2\/product"}],"about":[{"href":"https:\/\/chs.az\/az\/wp-json\/wp\/v2\/types\/product"}],"wp:featuredmedia":[{"embeddable":true,"href":"https:\/\/chs.az\/az\/wp-json\/wp\/v2\/media\/1127"}],"wp:attachment":[{"href":"https:\/\/chs.az\/az\/wp-json\/wp\/v2\/media?parent=1126"}],"wp:term":[{"taxonomy":"product_brand","embeddable":true,"href":"https:\/\/chs.az\/az\/wp-json\/wp\/v2\/product_brand?post=1126"},{"taxonomy":"product_cat","embeddable":true,"href":"https:\/\/chs.az\/az\/wp-json\/wp\/v2\/product_cat?post=1126"},{"taxonomy":"product_tag","embeddable":true,"href":"https:\/\/chs.az\/az\/wp-json\/wp\/v2\/product_tag?post=1126"}],"curies":[{"name":"wp","href":"https:\/\/api.w.org\/{rel}","templated":true}]}}