{"id":1120,"date":"2026-01-05T00:38:35","date_gmt":"2026-01-04T20:38:35","guid":{"rendered":"https:\/\/chs.az\/?post_type=product&#038;p=1120"},"modified":"2026-01-05T00:38:35","modified_gmt":"2026-01-04T20:38:35","slug":"arros-15-v","status":"publish","type":"product","link":"https:\/\/chs.az\/az\/product\/arros-15-v\/","title":{"rendered":"Arros 15-V"},"content":{"rendered":"<h2 data-path-to-node=\"0\">VIQUA Arros 15-V | Whole Home UV Water Treatment System<\/h2>\n<p data-path-to-node=\"1\" class=\"translation-block\">VIQUA Arros 15-V, ya\u015fay\u0131\u015f binalar\u0131nda istifad\u0259 \u00fc\u00e7\u00fcn n\u0259z\u0259rd\u0259 tutulmu\u015f y\u00fcks\u0259k m\u0259hsuldarl\u0131ql\u0131 ultrab\u0259n\u00f6v\u015f\u0259yi (UV) su t\u0259mizl\u0259m\u0259 sistemidir. O, mikrobioloji \u00e7irkl\u0259ndiricil\u0259ri effektiv \u015f\u0259kild\u0259 z\u0259r\u0259rsizl\u0259\u015fdir\u0259r\u0259k, t\u0259hl\u00fck\u0259siz i\u00e7m\u0259li suyu t\u0259min etm\u0259k \u00fc\u00e7\u00fcn kimy\u0259vi madd\u0259l\u0259rd\u0259n azad bir h\u0259ll t\u0259klif edir.<\/p>\n<h3 data-path-to-node=\"2\">\u018fsas Texniki G\u00f6st\u0259ricil\u0259r<\/h3>\n<ul data-path-to-node=\"3\">\n<li>\n<p data-path-to-node=\"3,0,0\" class=\"translation-block\">Modelin Ad\u0131: Arros 15-V.<\/p>\n<\/li>\n<li>\n<p data-path-to-node=\"3,1,0\" class=\"translation-block\">H\u0259d\u0259f \u00c7irkl\u0259ndiricil\u0259r: X\u00fcsusi olaraq bakteriyalar\u0131n z\u0259r\u0259rsizl\u0259\u015fdirilm\u0259si \u00fc\u00e7\u00fcn optimalla\u015fd\u0131r\u0131lm\u0131\u015fd\u0131r.<\/p>\n<\/li>\n<li>\n<p data-path-to-node=\"3,2,0\" class=\"translation-block\">Ax\u0131n S\u00fcr\u0259ti: 9.4 gpm (49.2 l\/d\u0259q) v\u0259 ya 2.13 m\u00b3\/saat h\u0259cmind\u0259 sabit ax\u0131n t\u0259min edir.<\/p>\n<\/li>\n<li>\n<p data-path-to-node=\"3,3,0\" class=\"translation-block\">Sistem Kateqoriyas\u0131: B\u00fct\u00fcn Ev \u00fc\u00e7\u00fcn UV Su T\u0259mizl\u0259m\u0259 Sistemi.<\/p>\n<\/li>\n<\/ul>\n<h3 data-path-to-node=\"4\">\u018fsas X\u00fcsusiyy\u0259tl\u0259r<\/h3>\n<ul data-path-to-node=\"5\">\n<li>\n<p data-path-to-node=\"5,0,0\" class=\"translation-block\">M\u00fct\u0259r\u0259qqi Dezinfeksiya: Z\u0259r\u0259rli kimy\u0259vi madd\u0259l\u0259r\u0259 ehtiyac qalmadan, sudak\u0131 patogenl\u0259ri m\u0259hv etm\u0259k \u00fc\u00e7\u00fcn g\u00fccl\u00fc ultrab\u0259n\u00f6v\u015f\u0259yi (UV) i\u015f\u0131qdan istifad\u0259 edir.<\/p>\n<\/li>\n<li>\n<p data-path-to-node=\"5,1,0\" class=\"translation-block\">Kompakt Giri\u015f N\u00f6qt\u0259si Dizayn\u0131: Hamar, \u015faquli qurulu\u015fa malik cihaz, evin b\u00fct\u00fcn kranlar\u0131n\u0131 qorumaq \u00fc\u00e7\u00fcn \u0259sas su x\u0259ttind\u0259 asan qura\u015fd\u0131r\u0131lma \u00fc\u00e7\u00fcn n\u0259z\u0259rd\u0259 tutulmu\u015fdur.<\/p>\n<\/li>\n<li>\n<p data-path-to-node=\"5,2,0\" class=\"translation-block\">\u0130stifad\u0259\u00e7i \u0130nterfeysi: Sistemin v\u0259ziyy\u0259tin\u0259 real vaxt rejimind\u0259 n\u0259zar\u0259t etm\u0259k v\u0259 lampan\u0131n istismar m\u00fcdd\u0259tini izl\u0259m\u0259k \u00fc\u00e7\u00fcn m\u00fcasir r\u0259q\u0259msal displeyl\u0259 t\u0259chiz edilmi\u015fdir.<\/p>\n<\/li>\n<li>\n<p data-path-to-node=\"5,3,0\" class=\"translation-block\">Sah\u0259 S\u0259m\u0259r\u0259liliyi: IHS (\u0130nteqrasiya Olunmu\u015f M\u0259i\u015f\u0259t Sistemi) modell\u0259rind\u0259n f\u0259rqli olaraq, Arros 15-V y\u0131\u011fcam qurulu\u015fa malikdir; bu da onu ilkin filtrasiya sisteminin art\u0131q m\u00f6vcud oldu\u011fu v\u0259 ya sah\u0259nin m\u0259hdud oldu\u011fu yerl\u0259r \u00fc\u00e7\u00fcn ideal edir.<\/p>\n<\/li>\n<\/ul>","protected":false},"excerpt":{"rendered":"<table class=\"specifications-table\">\n<tbody>\n<tr>\n<td class=\"text-specs\">Qo\u015fulma \u00d6l\u00e7\u00fcs\u00fc<\/td>\n<td class=\"text-specs\">Kombin\u0259edilmi\u015f Giri\u015f (Combo Port): 1 d\u00fcym MNPT, 3\/4 d\u00fcym FNPT<\/td>\n<\/tr>\n<tr>\n<td class=\"text-specs\">\u00d6l\u00e7\u00fcl\u0259r<\/td>\n<td class=\"text-specs\">16.5\u201d x 4.0\u201d (42.0 cm x 10.16 cm)<\/td>\n<\/tr>\n<tr>\n<td class=\"text-specs\">Ax\u0131n S\u00fcr\u0259ti<\/td>\n<td class=\"text-specs translation-block\">NSF Class B Sertifikatl\u0131 16mJ\/cm\u00b2 @70%UVT: 9.4 gpm (49.2 l\/d\u0259q) 2.13 m\u00b3\/saat<\/td>\n<\/tr>\n<tr>\n<td class=\"text-specs\">Enerji S\u0259rfiyyat\u0131<\/td>\n<td class=\"text-specs\">46 W<\/td>\n<\/tr>\n<tr>\n<td class=\"text-specs\">\u00c7atd\u0131r\u0131lma \u00c7\u0259kisi<\/td>\n<td class=\"text-specs\">12 lbs (5.5 kg)<\/td>\n<\/tr>\n<\/tbody>\n<\/table>\n<p>&nbsp;<\/p>","protected":false},"featured_media":1121,"template":"","meta":[],"product_brand":[],"product_cat":[214,211],"product_tag":[],"class_list":{"0":"post-1120","1":"product","2":"type-product","3":"status-publish","4":"has-post-thumbnail","6":"product_cat-buildings","7":"product_cat-commercial","9":"first","10":"instock","11":"shipping-taxable","12":"product-type-simple"},"_links":{"self":[{"href":"https:\/\/chs.az\/az\/wp-json\/wp\/v2\/product\/1120","targetHints":{"allow":["GET"]}}],"collection":[{"href":"https:\/\/chs.az\/az\/wp-json\/wp\/v2\/product"}],"about":[{"href":"https:\/\/chs.az\/az\/wp-json\/wp\/v2\/types\/product"}],"wp:featuredmedia":[{"embeddable":true,"href":"https:\/\/chs.az\/az\/wp-json\/wp\/v2\/media\/1121"}],"wp:attachment":[{"href":"https:\/\/chs.az\/az\/wp-json\/wp\/v2\/media?parent=1120"}],"wp:term":[{"taxonomy":"product_brand","embeddable":true,"href":"https:\/\/chs.az\/az\/wp-json\/wp\/v2\/product_brand?post=1120"},{"taxonomy":"product_cat","embeddable":true,"href":"https:\/\/chs.az\/az\/wp-json\/wp\/v2\/product_cat?post=1120"},{"taxonomy":"product_tag","embeddable":true,"href":"https:\/\/chs.az\/az\/wp-json\/wp\/v2\/product_tag?post=1120"}],"curies":[{"name":"wp","href":"https:\/\/api.w.org\/{rel}","templated":true}]}}