{"id":1118,"date":"2026-01-05T00:32:36","date_gmt":"2026-01-04T20:32:36","guid":{"rendered":"https:\/\/chs.az\/?post_type=product&#038;p=1118"},"modified":"2026-01-05T00:32:36","modified_gmt":"2026-01-04T20:32:36","slug":"arros-15-ihs22","status":"publish","type":"product","link":"https:\/\/chs.az\/az\/product\/arros-15-ihs22\/","title":{"rendered":"Arros 15-IHS22"},"content":{"rendered":"<div class=\"ng-tns-c3718423159-334\">\n<section id=\"processing-state-51\" class=\"processing-state_container ng-tns-c3718423159-334 is-gpi-avatar ng-trigger ng-trigger-processingStateShowHide ng-star-inserted is-done-processing\">\n<div id=\"processing-state-51-summary\" class=\"processing-state_details ng-trigger ng-trigger-menuExpansion ng-tns-c3718423159-334 is-gpi-avatar ng-star-inserted\" aria-hidden=\"true\">\n<div class=\"tool-summary ng-tns-c3718423159-334\">\n<div class=\"tool-summary-message ng-tns-c3718423159-334 gds-body-l ng-star-inserted\">\n<div class=\"ng-tns-c3718423159-334\"><span style=\"font-family: Roboto, sans-serif; font-size: 30px; font-style: normal; font-weight: 800; letter-spacing: 0px;\">Arros 15-IHS22 | B\u00fct\u00fcn Ev \u00fc\u00e7\u00fcn UV Su T\u0259mizl\u0259m\u0259 Sistemi<\/span><\/div>\n<\/div>\n<\/div>\n<\/div>\n<\/section>\n<\/div>\n<div class=\"response-content ng-tns-c4079042586-333\">\n<div class=\"container\">\n<div id=\"model-response-message-contentr_4546d640f05521c1\" class=\"markdown markdown-main-panel stronger enable-updated-hr-color\" dir=\"ltr\" aria-live=\"polite\" aria-busy=\"false\">\n<p data-path-to-node=\"1\" class=\"translation-block\">Arros 15-IHS22, h\u0259rt\u0259r\u0259fli filtrasiya v\u0259 dezinfeksiya t\u0259l\u0259b ed\u0259n evl\u0259r \u00fc\u00e7\u00fcn n\u0259z\u0259rd\u0259 tutulmu\u015f y\u00fcks\u0259k m\u0259hsuldarl\u0131ql\u0131, premium inteqrasiya olunmu\u015f su t\u0259mizl\u0259m\u0259 sistemidir. Bu sistem, h\u0259r krandan \u0259n y\u00fcks\u0259k keyfiyy\u0259tli suyun g\u0259lm\u0259sini t\u0259min etm\u0259k \u00fc\u00e7\u00fcn ikim\u0259rh\u0259l\u0259li ilkin filtrasiyan\u0131 qabaqc\u0131l ultrab\u0259n\u00f6v\u015f\u0259yi (UV) texnologiyas\u0131 il\u0259 birl\u0259\u015fdir\u0259r\u0259k \"ham\u0131s\u0131 birind\u0259\" h\u0259llini t\u0259qdim edir.<\/p>\n<h3 data-path-to-node=\"2\">Texniki G\u00f6st\u0259ricil\u0259r<\/h3>\n<ul data-path-to-node=\"3\">\n<li>\n<p data-path-to-node=\"3,0,0\" class=\"translation-block\">Modelin Ad\u0131: Arros 15-IHS22.<\/p>\n<\/li>\n<li>\n<p data-path-to-node=\"3,1,0\" class=\"translation-block\">Partiya n\u00f6mr\u0259si: ARROS15-IHS22.<\/p>\n<\/li>\n<li>\n<p data-path-to-node=\"3,2,0\" class=\"translation-block\">Ax\u0131n S\u00fcr\u0259ti: 15 gpm (56.8 l\/d\u0259q) \/ 3.41 m\u00b3\/saat.<\/p>\n<\/li>\n<li>\n<p data-path-to-node=\"3,3,0\" class=\"translation-block\">Sistem Konfiqurasiyas\u0131: UV dezinfeksiya kameras\u0131 il\u0259 inteqrasiya olunmu\u015f ikili filtr korpusu.<\/p>\n<\/li>\n<\/ul>\n<h3 data-path-to-node=\"4\">H\u0259d\u0259fl\u0259nmi\u015f Qoruma v\u0259 M\u0259hsuldarl\u0131q<\/h3>\n<ul data-path-to-node=\"5\">\n<li>\n<p data-path-to-node=\"5,0,0\" class=\"translation-block\">\u00c7irkl\u0259ndiricil\u0259rin H\u0259rt\u0259r\u0259fli T\u0259mizl\u0259nm\u0259si: X\u00fcsusi olaraq bakteriyalar\u0131 z\u0259r\u0259rsizl\u0259\u015fdirm\u0259k v\u0259 r\u0259ng, qoxu h\u0259m\u00e7inin bulan\u0131ql\u0131q\/tutqunluq probleml\u0259rini h\u0259ll ed\u0259r\u0259k suyun keyfiyy\u0259tini \u0259h\u0259miyy\u0259tli d\u0259r\u0259c\u0259d\u0259 yax\u015f\u0131la\u015fd\u0131rmaq \u00fc\u00e7\u00fcn haz\u0131rlanm\u0131\u015fd\u0131r.<\/p>\n<\/li>\n<li>\n<p data-path-to-node=\"5,1,0\" class=\"translation-block\">\u0130kim\u0259rh\u0259l\u0259li \u0130lkin Filtrasiya: \u00c7oxm\u0259rh\u0259l\u0259li sediment v\u0259 karbon filtrasiyas\u0131na imkan ver\u0259n iki \u0259d\u0259d b\u00f6y\u00fck filtr korpusuna malikdir; bu, UV kameras\u0131n\u0131 \u00e7irkl\u0259nm\u0259d\u0259n qoruyur, suyun dad\u0131n\u0131 v\u0259 \u015f\u0259ffafl\u0131\u011f\u0131n\u0131 yax\u015f\u0131la\u015fd\u0131r\u0131r.<\/p>\n<\/li>\n<li>\n<p data-path-to-node=\"5,2,0\" class=\"translation-block\">Y\u00fcks\u0259k M\u0259hsuldarl\u0131ql\u0131 UV Dezinfeksiya: He\u00e7 bir kimy\u0259vi madd\u0259 \u0259lav\u0259 etm\u0259d\u0259n E. coli, Kriptosporidium (Cryptosporidium) v\u0259 Giardiya (Giardia) daxil olmaqla, z\u0259r\u0259rli mikroorqanizml\u0259rin 99,99%-ni z\u0259r\u0259rsizl\u0259\u015fdirm\u0259k \u00fc\u00e7\u00fcn g\u00fccl\u00fc ultrab\u0259n\u00f6v\u015f\u0259yi i\u015f\u0131qdan istifad\u0259 edir.<\/p>\n<\/li>\n<\/ul>\n<h3 data-path-to-node=\"6\">\u018fsas X\u00fcsusiyy\u0259tl\u0259r v\u0259 Dizayn<\/h3>\n<ul data-path-to-node=\"7\">\n<li>\n<p data-path-to-node=\"7,0,0\" class=\"translation-block\">Optimalla\u015fd\u0131r\u0131lm\u0131\u015f Ax\u0131n: D\u0259qiq\u0259d\u0259 15 qallon sabit ax\u0131n s\u00fcr\u0259tini t\u0259min edir, bu da onu \u00e7oxsayl\u0131 vanna ota\u011f\u0131 v\u0259 y\u00fcks\u0259k su t\u0259l\u0259bat\u0131 olan b\u00f6y\u00fck evl\u0259r \u00fc\u00e7\u00fcn uy\u011fun edir.<\/p>\n<\/li>\n<li>\n<p data-path-to-node=\"7,1,0\" class=\"translation-block\">Kompakt \u0130nteqrasiya Olunmu\u015f Kron\u015fteyn: T\u0259kmill\u0259\u015fdirilmi\u015f dizayn divara m\u00f6hk\u0259m qura\u015fd\u0131r\u0131lma\u011fa imkan verir, b\u00fct\u00fcn komponentl\u0259ri nizaml\u0131 saxlay\u0131r v\u0259 texniki qulluq \u00fc\u00e7\u00fcn \u0259l\u00e7atan edir.<\/p>\n<\/li>\n<li>\n<p data-path-to-node=\"7,2,0\" class=\"translation-block\">\u0130stifad\u0259\u00e7i \u0130nterfeysi: UV lampas\u0131n\u0131n v\u0259ziyy\u0259ti v\u0259 sistemin \u00fcmumi m\u0259hsuldarl\u0131\u011f\u0131 bar\u0259d\u0259 rahatl\u0131q t\u0259min ed\u0259n, real vaxt rejimind\u0259 sistem\u0259 n\u0259zar\u0259t \u00fc\u00e7\u00fcn r\u0259q\u0259msal displeyl\u0259 t\u0259chiz edilmi\u015fdir.<\/p>\n<\/li>\n<li>\n<p data-path-to-node=\"7,3,0\" class=\"translation-block\">B\u00fct\u00fcn Borular \u00fc\u00e7\u00fcn T\u0259hl\u00fck\u0259sizdir: He\u00e7 bir kimy\u0259vi madd\u0259 \u0259lav\u0259 edilm\u0259diyi \u00fc\u00e7\u00fcn sistem b\u00fct\u00fcn n\u00f6v santexnika borular\u0131 \u00fc\u00e7\u00fcn t\u0259hl\u00fck\u0259sizdir v\u0259 z\u0259r\u0259rli dezinfeksiya \u0259lav\u0259 m\u0259hsullar\u0131 yaratm\u0131r.<\/p>\n<\/li>\n<\/ul>\n<\/div>\n<\/div>\n<\/div>","protected":false},"excerpt":{"rendered":"<h3>X\u00fcsusiyy\u0259tl\u0259r v\u0259 Texniki G\u00f6st\u0259ricil\u0259r<\/h3>\n<div id=\"specsTable\" class=\"specsTable\">\n<table class=\"specifications-table\">\n<tbody>\n<tr>\n<td class=\"text-specs\">Qo\u015fulma \u00d6l\u00e7\u00fcs\u00fc<\/td>\n<td class=\"text-specs\">1\u201d FNPT, \u00c7\u0131x\u0131\u015f: (Kombin\u0259edilmi\u015f Port) 1\u201d MNPT \/ \u00be\u201d FNPT<\/td>\n<\/tr>\n<tr>\n<td class=\"text-specs\">\u00d6l\u00e7\u00fcl\u0259r<\/td>\n<td class=\"text-specs\">24.95\u2033 \u00d7 27.5\u2033 \u00d7 9.0\u2033 (63.4 cm \u00d7 69.9 cm \u00d7 22.9 cm)<\/td>\n<\/tr>\n<tr>\n<td class=\"text-specs\">Ax\u0131n S\u00fcr\u0259ti<\/td>\n<td class=\"text-specs\">30mJ\/cm2: 15 gpm (56.8 lpm) 3.41 m\u00b3\/hr<\/td>\n<\/tr>\n<tr>\n<td class=\"text-specs\">Korpusun Detallar\u0131<\/td>\n<td class=\"text-specs\">\u0130ki \u0259d\u0259d 20 d\u00fcyml\u00fck, 3 hiss\u0259li korpus.<\/td>\n<\/tr>\n<tr>\n<td class=\"text-specs\">Enerji S\u0259rfiyyat\u0131<\/td>\n<td class=\"text-specs\">46 W<\/td>\n<\/tr>\n<tr>\n<td class=\"text-specs\">\u00c7atd\u0131r\u0131lma \u00c7\u0259kisi<\/td>\n<td class=\"text-specs\">50lbs (22.7kg)<\/td>\n<\/tr>\n<\/tbody>\n<\/table>\n<p>&nbsp;<\/p>\n<\/div>","protected":false},"featured_media":1119,"template":"","meta":[],"product_brand":[],"product_cat":[214,211],"product_tag":[],"class_list":{"0":"post-1118","1":"product","2":"type-product","3":"status-publish","4":"has-post-thumbnail","6":"product_cat-buildings","7":"product_cat-commercial","9":"first","10":"instock","11":"shipping-taxable","12":"product-type-simple"},"_links":{"self":[{"href":"https:\/\/chs.az\/az\/wp-json\/wp\/v2\/product\/1118","targetHints":{"allow":["GET"]}}],"collection":[{"href":"https:\/\/chs.az\/az\/wp-json\/wp\/v2\/product"}],"about":[{"href":"https:\/\/chs.az\/az\/wp-json\/wp\/v2\/types\/product"}],"wp:featuredmedia":[{"embeddable":true,"href":"https:\/\/chs.az\/az\/wp-json\/wp\/v2\/media\/1119"}],"wp:attachment":[{"href":"https:\/\/chs.az\/az\/wp-json\/wp\/v2\/media?parent=1118"}],"wp:term":[{"taxonomy":"product_brand","embeddable":true,"href":"https:\/\/chs.az\/az\/wp-json\/wp\/v2\/product_brand?post=1118"},{"taxonomy":"product_cat","embeddable":true,"href":"https:\/\/chs.az\/az\/wp-json\/wp\/v2\/product_cat?post=1118"},{"taxonomy":"product_tag","embeddable":true,"href":"https:\/\/chs.az\/az\/wp-json\/wp\/v2\/product_tag?post=1118"}],"curies":[{"name":"wp","href":"https:\/\/api.w.org\/{rel}","templated":true}]}}