{"id":1116,"date":"2026-01-05T00:26:32","date_gmt":"2026-01-04T20:26:32","guid":{"rendered":"https:\/\/chs.az\/?post_type=product&#038;p=1116"},"modified":"2026-01-05T00:26:32","modified_gmt":"2026-01-04T20:26:32","slug":"arros-15-ihs10","status":"publish","type":"product","link":"https:\/\/chs.az\/az\/product\/arros-15-ihs10\/","title":{"rendered":"Arros 15-IHS10"},"content":{"rendered":"<h2 data-path-to-node=\"0\">Arros 15-IHS10 | Whole Home UV Water Treatment System<\/h2>\n<p data-path-to-node=\"1\" class=\"translation-block\">Arros 15-IHS10, b\u00fct\u00fcn ev t\u0259s\u0259rr\u00fcfat\u0131n\u0131z \u00fc\u00e7\u00fcn h\u0259rt\u0259r\u0259fli su m\u00fchafiz\u0259sini t\u0259min etm\u0259k \u00fc\u00e7\u00fcn n\u0259z\u0259rd\u0259 tutulmu\u015f premium, inteqrasiya olunmu\u015f bir h\u0259lldir. Qabaqc\u0131l ultrab\u0259n\u00f6v\u015f\u0259yi dezinfeksiyan\u0131 y\u00fcks\u0259k keyfiyy\u0259tli ilkin filtrasiya il\u0259 birl\u0259\u015fdir\u0259n bu sistem, evinizd\u0259ki h\u0259r bir kran\u0131n t\u0259hl\u00fck\u0259siz, \u015f\u0259ffaf v\u0259 t\u0259miz su \u00f6t\u00fcrm\u0259sini t\u0259min edir.<\/p>\n<h3 data-path-to-node=\"2\">Texniki G\u00f6st\u0259ricil\u0259r<\/h3>\n<ul data-path-to-node=\"3\">\n<li>\n<p data-path-to-node=\"3,0,0\" class=\"translation-block\">Modelin Ad\u0131: Arros 15-IHS10.<\/p>\n<\/li>\n<li>\n<p data-path-to-node=\"3,1,0\" class=\"translation-block\">Partiya n\u00f6mr\u0259si: ARROS15-IHS10.<\/p>\n<\/li>\n<li>\n<p data-path-to-node=\"3,2,0\" class=\"translation-block\">Ax\u0131n S\u00fcr\u0259ti: 15 gpm (56.8 l\/d\u0259q) \/ 3.41 m\u00b3\/saat.<\/p>\n<\/li>\n<li>\n<p data-path-to-node=\"3,3,0\" class=\"translation-block\">Sistem N\u00f6v\u00fc: \u0130nteqrasiya olunmu\u015f B\u00fct\u00fcn Ev \u00fc\u00e7\u00fcn UV T\u0259mizl\u0259m\u0259 Sistemi.<\/p>\n<\/li>\n<\/ul>\n<h3 data-path-to-node=\"4\">\u018fsas \u00dcst\u00fcnl\u00fckl\u0259r v\u0259 T\u0259tbiq Sah\u0259l\u0259ri<\/h3>\n<ul data-path-to-node=\"5\">\n<li>\n<p data-path-to-node=\"5,0,0\" class=\"translation-block\">H\u0259d\u0259fl\u0259nmi\u015f Qoruma: X\u00fcsusi olaraq su t\u0259chizat\u0131ndak\u0131 bakteriyalar\u0131 z\u0259r\u0259rsizl\u0259\u015fdirm\u0259k v\u0259 bulan\u0131ql\u0131\u011f\u0131\/tutqunlu\u011fu azaltmaq \u00fc\u00e7\u00fcn ideal \u015f\u0259kild\u0259 haz\u0131rlanm\u0131\u015fd\u0131r.<\/p>\n<\/li>\n<li>\n<p data-path-to-node=\"5,1,0\" class=\"translation-block\">Y\u00fcks\u0259k M\u0259hsuldarl\u0131ql\u0131 \u00c7\u0131x\u0131\u015f: D\u0259qiq\u0259d\u0259 15 qallon ax\u0131n s\u00fcr\u0259ti il\u0259 bu sistem, su t\u0259zyiqini azaltmadan y\u00fcks\u0259k t\u0259l\u0259batl\u0131 ya\u015fay\u0131\u015f sah\u0259l\u0259rini asanl\u0131qla t\u0259min edir.<\/p>\n<\/li>\n<li>\n<p data-path-to-node=\"5,2,0\" class=\"translation-block\">\u0130nteqrasiya Olunmu\u015f Filtrasiya: IHS seriyas\u0131 \u00e7\u00f6k\u00fcnt\u00fc v\u0259 hiss\u0259cikl\u0259ri k\u0259narla\u015fd\u0131ran daxili filtrasiya qur\u011fusuna malikdir ki, bu da ultrab\u0259n\u00f6v\u015f\u0259yi i\u015f\u0131\u011f\u0131n maksimum dezinfeksiya \u00fc\u00e7\u00fcn suya effektiv n\u00fcfuz etm\u0259sini t\u0259min edir.<\/p>\n<\/li>\n<li>\n<p data-path-to-node=\"5,3,0\" class=\"translation-block\">Kimy\u0259vi Madd\u0259siz T\u0259hl\u00fck\u0259sizlik: Suya kimy\u0259vi madd\u0259l\u0259r \u0259lav\u0259 etm\u0259d\u0259n, dad\u0131n\u0131 v\u0259 ya qoxusunu d\u0259yi\u015fm\u0259d\u0259n y\u00fcks\u0259k s\u0259viyy\u0259d\u0259 mikrobioloji t\u0259hl\u00fck\u0259sizlik t\u0259min edir.<\/p>\n<\/li>\n<\/ul>\n<h3 data-path-to-node=\"6\">Niy\u0259 m\u0259hz Arros seriyas\u0131n\u0131 se\u00e7m\u0259li?<\/h3>\n<ul data-path-to-node=\"7\">\n<li>\n<p data-path-to-node=\"7,0,0\" class=\"translation-block\">M\u00fcasir Dizayn: Ma\u015f\u0131n otaqlar\u0131nda v\u0259 ya giri\u015f n\u00f6qt\u0259l\u0259rind\u0259 qura\u015fd\u0131rman\u0131 sad\u0259l\u0259\u015fdir\u0259n y\u0131\u011fcam v\u0259 q\u0259\u015f\u0259ng \u00f6l\u00e7\u00fcl\u0259r\u0259 malikdir.<\/p>\n<\/li>\n<li>\n<p data-path-to-node=\"7,1,0\" class=\"translation-block\">Etibarl\u0131 M\u00f6hk\u0259mlik: Su vasit\u0259sil\u0259 yay\u0131lan patogenl\u0259r\u0259 qar\u015f\u0131 davaml\u0131 qorunman\u0131 t\u0259min etm\u0259k \u00fc\u00e7\u00fcn \u0259n ciddi standartlara uy\u011fun haz\u0131rlanm\u0131\u015fd\u0131r.<\/p>\n<\/li>\n<\/ul>","protected":false},"excerpt":{"rendered":"<table class=\"specifications-table\">\n<tbody>\n<tr>\n<td class=\"text-specs\">Qo\u015fulma \u00d6l\u00e7\u00fcs\u00fc<\/td>\n<td class=\"text-specs\">1\u201d FNPT, \u00c7\u0131x\u0131\u015f: (Kombin\u0259edilmi\u015f Port) 1\u201d MNPT \/ \u00be\u201d FNPT<\/td>\n<\/tr>\n<tr>\n<td class=\"text-specs\">\u00d6l\u00e7\u00fcl\u0259r<\/td>\n<td class=\"text-specs\">16.95\u2033 \u00d7 20.82\u2033 \u00d7 9.0\u2033 (43.0 cm \u00d7 52.9 cm \u00d7 22.9 cm)<\/td>\n<\/tr>\n<tr>\n<td class=\"text-specs\">Ax\u0131n S\u00fcr\u0259ti<\/td>\n<td class=\"text-specs\">30mJ\/cm2: 15 gpm (56.8 lpm) 3.41 m\u00b3\/hr<\/td>\n<\/tr>\n<tr>\n<td class=\"text-specs\">Korpusun Detallar\u0131<\/td>\n<td class=\"text-specs\">Bir \u0259d\u0259d 10 d\u00fcyml\u00fck 3 hiss\u0259li filtr korpusu<\/td>\n<\/tr>\n<tr>\n<td class=\"text-specs\">Enerji S\u0259rfiyyat\u0131<\/td>\n<td class=\"text-specs\">46 W<\/td>\n<\/tr>\n<tr>\n<td class=\"text-specs\">\u00c7atd\u0131r\u0131lma \u00c7\u0259kisi<\/td>\n<td class=\"text-specs\">40lbs (18.1kg)<\/td>\n<\/tr>\n<\/tbody>\n<\/table>\n<p>&nbsp;<\/p>","protected":false},"featured_media":1117,"template":"","meta":[],"product_brand":[],"product_cat":[214,211],"product_tag":[],"class_list":{"0":"post-1116","1":"product","2":"type-product","3":"status-publish","4":"has-post-thumbnail","6":"product_cat-buildings","7":"product_cat-commercial","9":"first","10":"instock","11":"shipping-taxable","12":"product-type-simple"},"_links":{"self":[{"href":"https:\/\/chs.az\/az\/wp-json\/wp\/v2\/product\/1116","targetHints":{"allow":["GET"]}}],"collection":[{"href":"https:\/\/chs.az\/az\/wp-json\/wp\/v2\/product"}],"about":[{"href":"https:\/\/chs.az\/az\/wp-json\/wp\/v2\/types\/product"}],"wp:featuredmedia":[{"embeddable":true,"href":"https:\/\/chs.az\/az\/wp-json\/wp\/v2\/media\/1117"}],"wp:attachment":[{"href":"https:\/\/chs.az\/az\/wp-json\/wp\/v2\/media?parent=1116"}],"wp:term":[{"taxonomy":"product_brand","embeddable":true,"href":"https:\/\/chs.az\/az\/wp-json\/wp\/v2\/product_brand?post=1116"},{"taxonomy":"product_cat","embeddable":true,"href":"https:\/\/chs.az\/az\/wp-json\/wp\/v2\/product_cat?post=1116"},{"taxonomy":"product_tag","embeddable":true,"href":"https:\/\/chs.az\/az\/wp-json\/wp\/v2\/product_tag?post=1116"}],"curies":[{"name":"wp","href":"https:\/\/api.w.org\/{rel}","templated":true}]}}