{"id":1103,"date":"2026-01-04T22:44:22","date_gmt":"2026-01-04T18:44:22","guid":{"rendered":"https:\/\/chs.az\/?post_type=product&#038;p=1103"},"modified":"2026-01-04T23:03:47","modified_gmt":"2026-01-04T19:03:47","slug":"primary-water-wastewater-treatment-systems","status":"publish","type":"product","link":"https:\/\/chs.az\/az\/product\/primary-water-wastewater-treatment-systems\/","title":{"rendered":"CWT GEM Sistemi"},"content":{"rendered":"<h2 data-path-to-node=\"2\">Clean Water Technology | GEM\u00ae System Wastewater Treatment<\/h2>\n<p data-path-to-node=\"3\" class=\"translation-block\">Clean Water Technology, Inc. (CWT) ilkin \u00e7irkab sular\u0131n t\u0259mizl\u0259nm\u0259si sisteml\u0259ri sah\u0259sind\u0259 qlobal bir qabaqc\u0131ld\u0131r. Unikal v\u0259 patentl\u0259\u015fdirilmi\u015f GEM\u00ae Sistemi (Gas Energy Management - Qaz Enerjisinin \u0130dar\u0259 Edilm\u0259si) haz\u0131rda bazarda m\u00f6vcud olan \u0259n dayan\u0131ql\u0131 v\u0259 s\u0259m\u0259r\u0259li ilkin \u00e7irkab su t\u0259mizl\u0259m\u0259 texnologiyas\u0131n\u0131 t\u0259msil edir. Flokulyasiya v\u0259 flotasiya prosesind\u0259 inqilab ed\u0259r\u0259k, CWT texnologiyalar\u0131 h\u0259m performans, h\u0259m d\u0259 \u0259traf m\u00fchit\u0259 t\u0259sir bax\u0131m\u0131ndan \u0259n\u0259n\u0259vi \u00fcsullar\u0131 \u00fcst\u0259l\u0259yir.<\/p>\n<h3 data-path-to-node=\"4\">\u018fsas Performans \u00dcst\u00fcnl\u00fckl\u0259ri<\/h3>\n<ul data-path-to-node=\"5\">\n<li>\n<p data-path-to-node=\"5,0,0\" class=\"translation-block\">\u00dcst\u00fcn Su \u015e\u0259ffafl\u0131\u011f\u0131: Hiss\u0259cikl\u0259rin daha yax\u015f\u0131 ayr\u0131lmas\u0131n\u0131 t\u0259min ed\u0259r\u0259k, \u00e7irkab sular\u0131 \u0259n\u0259n\u0259vi h\u0259ll olunmu\u015f hava flotasiyas\u0131 (DAF) sisteml\u0259rind\u0259n daha effektiv t\u0259mizl\u0259yir.<\/p>\n<\/li>\n<li>\n<p data-path-to-node=\"5,1,0\" class=\"translation-block\">Y\u0131\u011fcam Sah\u0259 (Footprint): H\u0259cmli \u0259n\u0259n\u0259vi t\u0259mizl\u0259m\u0259 qur\u011fular\u0131 il\u0259 m\u00fcqayis\u0259d\u0259 m\u00fc\u0259ssis\u0259 sah\u0259sin\u0259 \u0259h\u0259miyy\u0259tli d\u0259r\u0259c\u0259d\u0259 q\u0259na\u0259t etm\u0259k \u00fc\u00e7\u00fcn m\u00fch\u0259ndislikl\u0259 i\u015fl\u0259nib haz\u0131rlanm\u0131\u015fd\u0131r.<\/p>\n<\/li>\n<li>\n<p data-path-to-node=\"5,2,0\" class=\"translation-block\">Kimy\u0259vi S\u0259m\u0259r\u0259lilik: \u00c7irkab sular\u0131n effektiv t\u0259mizl\u0259nm\u0259si \u00fc\u00e7\u00fcn t\u0259l\u0259b olunan kimy\u0259vi madd\u0259l\u0259rin h\u0259cmini k\u0259skin \u015f\u0259kild\u0259 azaldaraq istismar x\u0259rcl\u0259rini a\u015fa\u011f\u0131 sal\u0131r.<\/p>\n<\/li>\n<li>\n<p data-path-to-node=\"5,3,0\" class=\"translation-block\">Qlobal \u0130nnovasiya: D\u00fcnya miqyas\u0131nda qura\u015fd\u0131r\u0131lm\u0131\u015f sisteml\u0259rl\u0259 s\u00fcbut edilmi\u015f etibarl\u0131l\u0131q v\u0259 flotasiya h\u0259m\u00e7inin flokulyasiya texnologiyas\u0131 sah\u0259sind\u0259 20-d\u0259n \u00e7ox patentl\u0259 d\u0259st\u0259kl\u0259nir.<\/p>\n<\/li>\n<li>\n<p data-path-to-node=\"5,4,0\" class=\"translation-block\">S\u0259naye Liderliyi: X\u00fcsusi olaraq su v\u0259 \u00e7irkab su s\u0259nayesi standartlar\u0131n\u0131n t\u0259kmill\u0259\u015fdirilm\u0259sin\u0259 v\u0259 m\u00fcasirl\u0259\u015fdirilm\u0259sin\u0259 y\u00f6n\u0259lmi\u015f innovativ texnologiyalar.<\/p>\n<\/li>\n<\/ul>","protected":false},"excerpt":{"rendered":"<table data-path-to-node=\"8\">\n<thead>\n<tr>\n<td><strong>X\u00fcsusiyy\u0259t<\/strong><\/td>\n<td><strong>\u018fn\u0259n\u0259vi DAF Sisteml\u0259ri<\/strong><\/td>\n<td><strong>CWT GEM\u00ae Sistemi<\/strong><\/td>\n<\/tr>\n<\/thead>\n<tbody>\n<tr>\n<td><span data-path-to-node=\"8,1,0,0\"><b data-path-to-node=\"8,1,0,0\" data-index-in-node=\"0\">Texnologiya<\/b><\/span><\/td>\n<td><span data-path-to-node=\"8,1,1,0\">Standart Hava Flotasiyas\u0131<\/span><\/td>\n<td><span data-path-to-node=\"8,1,2,0\">Patentl\u0259\u015fdirilmi\u015f Qaz Enerjisinin \u0130dar\u0259 Edilm\u0259si (GEM)<\/span><\/td>\n<\/tr>\n<tr>\n<td><span data-path-to-node=\"8,2,0,0\"><b data-path-to-node=\"8,2,0,0\" data-index-in-node=\"0\">Yerl\u0259\u015fm\u0259 Sah\u0259si<\/b><\/span><\/td>\n<td><span data-path-to-node=\"8,2,1,0\">B\u00f6y\u00fck \/ Y\u00fcks\u0259k M\u0259kan T\u0259l\u0259bi<\/span><\/td>\n<td><span data-path-to-node=\"8,2,2,0\">Son D\u0259r\u0259c\u0259 Y\u0131\u011fcam v\u0259 M\u0259kana Q\u0259na\u0259t Ed\u0259n<\/span><\/td>\n<\/tr>\n<tr>\n<td><span data-path-to-node=\"8,3,0,0\"><b data-path-to-node=\"8,3,0,0\" data-index-in-node=\"0\">Kimy\u0259vi Madd\u0259l\u0259rin \u0130stifad\u0259si<\/b><\/span><\/td>\n<td><span data-path-to-node=\"8,3,1,0\">Y\u00fcks\u0259k \/ \u018fn\u0259n\u0259vi<\/span><\/td>\n<td><span data-path-to-node=\"8,3,2,0\">\u018fh\u0259miyy\u0259tli D\u0259r\u0259c\u0259d\u0259 Azald\u0131lm\u0131\u015f<\/span><\/td>\n<\/tr>\n<tr>\n<td><span data-path-to-node=\"8,4,0,0\"><b data-path-to-node=\"8,4,0,0\" data-index-in-node=\"0\">T\u0259mizl\u0259m\u0259 Keyfiyy\u0259ti<\/b><\/span><\/td>\n<td><span data-path-to-node=\"8,4,1,0\">Standart<\/span><\/td>\n<td><span data-path-to-node=\"8,4,2,0\">\u00dcst\u00fcn T\u0259mizl\u0259m\u0259 G\u00fcc\u00fc<\/span><\/td>\n<\/tr>\n<tr>\n<td><span data-path-to-node=\"8,5,0,0\"><b data-path-to-node=\"8,5,0,0\" data-index-in-node=\"0\">\u0130nnovasiya<\/b><\/span><\/td>\n<td><span data-path-to-node=\"8,5,1,0\">\u018fn\u0259n\u0259vi<\/span><\/td>\n<td><span data-path-to-node=\"8,5,2,0\">20-d\u0259n \u00c7ox Patentl\u0259\u015fdirilmi\u015f Texnologiya<\/span><\/td>\n<\/tr>\n<tr>\n<td><span data-path-to-node=\"8,6,0,0\"><b data-path-to-node=\"8,6,0,0\" data-index-in-node=\"0\">Sustainability<\/b><\/span><\/td>\n<td><span data-path-to-node=\"8,6,1,0\">M\u00fclayim<\/span><\/td>\n<td><span data-path-to-node=\"8,6,2,0\">Bazarda Lider Davaml\u0131l\u0131q<\/span><\/td>\n<\/tr>\n<\/tbody>\n<\/table>\n<p>&nbsp;<\/p>","protected":false},"featured_media":1104,"template":"","meta":[],"product_brand":[],"product_cat":[211,212],"product_tag":[],"class_list":{"0":"post-1103","1":"product","2":"type-product","3":"status-publish","4":"has-post-thumbnail","6":"product_cat-commercial","7":"product_cat-contaminated-industrial-waters","9":"first","10":"instock","11":"shipping-taxable","12":"product-type-simple"},"_links":{"self":[{"href":"https:\/\/chs.az\/az\/wp-json\/wp\/v2\/product\/1103","targetHints":{"allow":["GET"]}}],"collection":[{"href":"https:\/\/chs.az\/az\/wp-json\/wp\/v2\/product"}],"about":[{"href":"https:\/\/chs.az\/az\/wp-json\/wp\/v2\/types\/product"}],"wp:featuredmedia":[{"embeddable":true,"href":"https:\/\/chs.az\/az\/wp-json\/wp\/v2\/media\/1104"}],"wp:attachment":[{"href":"https:\/\/chs.az\/az\/wp-json\/wp\/v2\/media?parent=1103"}],"wp:term":[{"taxonomy":"product_brand","embeddable":true,"href":"https:\/\/chs.az\/az\/wp-json\/wp\/v2\/product_brand?post=1103"},{"taxonomy":"product_cat","embeddable":true,"href":"https:\/\/chs.az\/az\/wp-json\/wp\/v2\/product_cat?post=1103"},{"taxonomy":"product_tag","embeddable":true,"href":"https:\/\/chs.az\/az\/wp-json\/wp\/v2\/product_tag?post=1103"}],"curies":[{"name":"wp","href":"https:\/\/api.w.org\/{rel}","templated":true}]}}