{"id":1097,"date":"2026-01-04T21:02:44","date_gmt":"2026-01-04T17:02:44","guid":{"rendered":"https:\/\/chs.az\/?post_type=product&#038;p=1097"},"modified":"2026-01-04T21:02:44","modified_gmt":"2026-01-04T17:02:44","slug":"biotal-mcw","status":"publish","type":"product","link":"https:\/\/chs.az\/az\/product\/biotal-mcw\/","title":{"rendered":"BIOTAL MCW"},"content":{"rendered":"<h2>Monoblock plants \u2013 BIOTAL\u00a0wastewater treatment<\/h2>\n<h3>\u0130stifad\u0259<\/h3>\n<p class=\"translation-block\">(BIOTAL-MCW) tipli monoblok qur\u011fular g\u00fcnd\u0259lik 1,5-d\u0259n 12 m\u00b3-\u0259 q\u0259d\u0259r m\u0259i\u015f\u0259t \u00e7irkab sular\u0131n\u0131n d\u0259rin bioloji t\u0259mizl\u0259nm\u0259si \u00fc\u00e7\u00fcn n\u0259z\u0259rd\u0259 tutulmu\u015fdur. Bu tip monoblok qur\u011funun x\u00fcsusiyy\u0259ti ondan ibar\u0259tdir ki, art\u0131q aktiv lil stabill\u0259\u015fdirm\u0259 v\u0259 s\u0131xla\u015fd\u0131rma prosesl\u0259rinin ba\u015f verdiyi ayr\u0131ca bir quyuya vurulur.<\/p>\n<h3>Qura\u015fd\u0131rma x\u00fcsusiyy\u0259tl\u0259ri<\/h3>\n<p class=\"translation-block\">T\u0259mizl\u0259m\u0259 zonalar\u0131na b\u00f6l\u00fcnm\u00fc\u015f silindrik polipropilen bioreaktor ya\u015fay\u0131\u015f binas\u0131ndan \u0259n az\u0131 5 m m\u0259saf\u0259d\u0259, yeralt\u0131 d\u0259mir-beton quyuda yerl\u0259\u015fdirilir. Qur\u011fu su il\u0259 doldurulduqdan sonra, qur\u011funun divarlar\u0131 il\u0259 quyunun divar\u0131 aras\u0131ndak\u0131 dair\u0259vi bo\u015fluq qat-qat sement-qum qar\u0131\u015f\u0131\u011f\u0131 il\u0259 doldurulur v\u0259 su il\u0259 \"islad\u0131l\u0131r\". \u00c7irkab sular\u0131n qur\u011fuya \u00f6zax\u0131nl\u0131 ax\u0131\u015f\u0131 zaman\u0131 quyular\u0131n dibinin ni\u015fan\u0131 (s\u0259viyy\u0259si) t\u0259chizat borusunun dibinin ni\u015fan\u0131na \u0259sas\u0259n m\u00fc\u0259yy\u0259n edilir. BIOTAL qur\u011fusunun avtomatik idar\u0259etm\u0259 bloku v\u0259 hava \u00fcf\u00fcr\u00fcc\u00fc (blower) ventilyasiya il\u0259 t\u0259chiz olunmu\u015f m\u00f6vcud qeyri-ya\u015fay\u0131\u015f q\u0131zd\u0131r\u0131lan otaqda, x\u00fcsusi olaraq tikilmi\u015f \u00fcf\u00fcr\u00fcc\u00fc binas\u0131nda v\u0259 ya quyunun tavan\u0131na qura\u015fd\u0131r\u0131lan boks-rekuperatorda yerl\u0259\u015fdiril\u0259 bil\u0259r. Kabell\u0259r v\u0259 hava kanallar\u0131 qoruyucu qab\u0131qlarda \u00e7\u0259kilm\u0259lidir. Qur\u011fudan \u00fcf\u00fcr\u00fcc\u00fc binas\u0131na q\u0259d\u0259r maksimum m\u0259saf\u0259 20 metrdir. T\u0259mizl\u0259nmi\u015f \u00e7irkab sular\u0131n ax\u0131d\u0131lmas\u0131 \u00f6zax\u0131nl\u0131 v\u0259 ya qur\u011funun t\u0259krar \u00e7\u00f6kd\u00fcr\u00fcc\u00fcs\u00fcnd\u0259 qura\u015fd\u0131r\u0131lm\u0131\u015f nasos vasit\u0259sil\u0259 m\u00fcmk\u00fcnd\u00fcr.<\/p>\n<p class=\"translation-block\">Diqq\u0259t yetirin! BIOTAL qur\u011fular\u0131 \u00fc\u00e7\u00fcn z\u0259man\u0259t m\u00fcdd\u0259ti 5 il, idar\u0259etm\u0259 bloku v\u0259 hava \u00fcf\u00fcr\u00fcc\u00fcl\u0259r (blower) \u00fc\u00e7\u00fcn 3 il, nasos avadanl\u0131\u011f\u0131 \u00fc\u00e7\u00fcn is\u0259 2 ildir.<\/p>\n<p>BIOTAL monoblok qur\u011fular\u0131n\u0131n servis xidm\u0259tini a\u015fa\u011f\u0131dak\u0131 d\u00f6vrilikl\u0259 ke\u00e7irm\u0259yi t\u00f6vsiy\u0259 edirik: f\u0259rdi sektor obyektl\u0259ri \u00fc\u00e7\u00fcn (kotecl\u0259r, f\u0259rdi v\u0259 ba\u011f evl\u0259ri, malikan\u0259l\u0259r...) \u2013 r\u00fcbd\u0259 bir d\u0259f\u0259; dig\u0259r n\u00f6v obyektl\u0259r \u00fc\u00e7\u00fcn (YDM-l\u0259r, kafel\u0259r, otell\u0259r, istehsalat sah\u0259l\u0259ri...) \u2013 ayda 1 d\u0259f\u0259.<\/p>\n<h3>Terminl\u0259r l\u00fc\u011f\u0259ti:<\/h3>\n<ul>\n<li class=\"translation-block\">Kobud qar\u0131\u015f\u0131qlar\u0131n saxlan\u0131lmas\u0131 \u00fc\u00e7\u00fcn paslanmayan tor BIOTAL qur\u011fusunda kobud qar\u0131\u015f\u0131qlar\u0131n saxlan\u0131lmas\u0131 ikit\u0259r\u0259fli hava qabarc\u0131qlanmas\u0131 (bubbling) v\u0259 stasionar qapa\u011f\u0131 olan b\u00f6y\u00fck paslanmayan torda ba\u015f verir.<\/li>\n<li class=\"translation-block\">Sifonlu eyrlift T\u0259mizl\u0259nmi\u015f \u00e7irkab sular\u0131n bioloji s\u00fczg\u0259cli t\u0259krar \u00e7\u00f6kd\u00fcr\u00fcc\u00fcy\u0259 \u00f6t\u00fcr\u00fclm\u0259si \u00fc\u00e7\u00fcn n\u0259z\u0259rd\u0259 tutulmu\u015f qur\u011fudur; onun konstruksiyas\u0131 s\u0259thd\u0259ki \u00e7irkl\u0259ndiricil\u0259rin n\u00f6vb\u0259ti t\u0259mizl\u0259m\u0259 zonas\u0131na daxil olmas\u0131n\u0131n qar\u015f\u0131s\u0131n\u0131 al\u0131r.<\/li>\n<li class=\"translation-block\">Bioloji s\u00fczg\u0259c \u00d6z-\u00f6z\u00fcn\u0259 t\u0259mizl\u0259n\u0259n bioloji s\u00fczg\u0259c \u00e7irkab sular\u0131n sonradan t\u0259mizl\u0259nm\u0259sini t\u0259min edir, h\u0259m\u00e7inin nazik qatl\u0131 \u00e7\u00f6kd\u00fcr\u00fcc\u00fc kimi f\u0259aliyy\u0259t g\u00f6st\u0259rir.<\/li>\n<li class=\"translation-block\">Su s\u0259viyy\u0259si sensoru Qur\u011funun avtomatika sistemin\u0259 siqnallar\u0131n vaxt\u0131nda \u00f6t\u00fcr\u00fclm\u0259si \u00fc\u00e7\u00fcn n\u0259z\u0259rd\u0259 tutulmu\u015fdur ki, bu da \u00f6z n\u00f6vb\u0259sind\u0259 sistemi avtomatik olaraq 7 proqramdan birin\u0259 ke\u00e7irir v\u0259 elektrik enerjisin\u0259 70%-\u0259 q\u0259d\u0259r q\u0259na\u0259t edir.<\/li>\n<li class=\"translation-block\">Ultrab\u0259n\u00f6v\u015f\u0259yi (UV) dezinfeksiya Ultrab\u0259n\u00f6v\u015f\u0259yi su dezinfeksiya qur\u011fusu 254 nm dal\u011fa uzunlu\u011funa malik UV-C diapazonlu \u015f\u00fcalanma lampas\u0131 il\u0259 t\u0259chiz edilmi\u015fdir.<\/li>\n<li class=\"translation-block\">Aerator Aerator lazer perforasiyal\u0131 PUR (poliuretan) membrandan haz\u0131rlan\u0131b v\u0259 \u00e7irkab sular\u0131n ki\u00e7ik qabarc\u0131ql\u0131 aerasiyas\u0131n\u0131 t\u0259min edir. Bu, \u00e7irkab sular\u0131n oksigenl\u0259 doyma s\u0259m\u0259r\u0259liliyini art\u0131rma\u011fa imkan verir, h\u0259m\u00e7inin aktiv lilli bakteriyalar\u0131n absorbsiya (udma) x\u00fcsusiyy\u0259tl\u0259rini yax\u015f\u0131la\u015fd\u0131r\u0131r.<\/li>\n<\/ul>","protected":false},"excerpt":{"rendered":"<table class=\"table table-adaptive table-bordered table-hover\">\n<tbody>\n<tr class=\"warning\">\n<td width=\"69\"><strong>Model<\/strong><\/td>\n<td width=\"319\"><strong>T\u0259svir<\/strong><\/td>\n<\/tr>\n<tr>\n<td width=\"69\">MCW<\/td>\n<td width=\"319\">Dehidratasiya (susuzla\u015fd\u0131rma) qur\u011fusu il\u0259 t\u0259chiz olunmu\u015f, polipropilend\u0259n haz\u0131rlanm\u0131\u015f baza zavod\/qur\u011fu.<\/td>\n<\/tr>\n<tr>\n<td width=\"69\">MCW-R<\/td>\n<td width=\"319\">Boks-rekuperatorlu baza zavod\/qur\u011fu.<\/td>\n<\/tr>\n<tr>\n<td width=\"69\">MCW-RB<\/td>\n<td width=\"319\">Boks-rekuperatorlu v\u0259 bioloji s\u00fczg\u0259cli baza zavod\/qur\u011fu.<\/td>\n<\/tr>\n<tr>\n<td width=\"69\">MCW-B<\/td>\n<td width=\"319\">Bioloji s\u00fczg\u0259cli baza zavod\/qur\u011fu.<\/td>\n<\/tr>\n<tr>\n<td width=\"69\">MCW-BU<\/td>\n<td width=\"319\">Bioloji s\u00fczg\u0259cli v\u0259 ultrab\u0259n\u00f6v\u015f\u0259yi (UV) dezinfeksiya qur\u011fulu baza zavod\/qur\u011fu.<\/td>\n<\/tr>\n<tr>\n<td width=\"69\">MCW-RBU<\/td>\n<td width=\"319\">Bioloji s\u00fczg\u0259cli, boks-rekuperatorlu v\u0259 ultrab\u0259n\u00f6v\u015f\u0259yi (UV) dezinfeksiya qur\u011fulu baza zavod\/qur\u011fu.<\/td>\n<\/tr>\n<\/tbody>\n<\/table>\n<p>&nbsp;<\/p>","protected":false},"featured_media":1098,"template":"","meta":[],"product_brand":[],"product_cat":[205,210],"product_tag":[],"class_list":{"0":"post-1097","1":"product","2":"type-product","3":"status-publish","4":"has-post-thumbnail","6":"product_cat-residential","7":"product_cat-sewage","9":"first","10":"instock","11":"shipping-taxable","12":"product-type-simple"},"_links":{"self":[{"href":"https:\/\/chs.az\/az\/wp-json\/wp\/v2\/product\/1097","targetHints":{"allow":["GET"]}}],"collection":[{"href":"https:\/\/chs.az\/az\/wp-json\/wp\/v2\/product"}],"about":[{"href":"https:\/\/chs.az\/az\/wp-json\/wp\/v2\/types\/product"}],"wp:featuredmedia":[{"embeddable":true,"href":"https:\/\/chs.az\/az\/wp-json\/wp\/v2\/media\/1098"}],"wp:attachment":[{"href":"https:\/\/chs.az\/az\/wp-json\/wp\/v2\/media?parent=1097"}],"wp:term":[{"taxonomy":"product_brand","embeddable":true,"href":"https:\/\/chs.az\/az\/wp-json\/wp\/v2\/product_brand?post=1097"},{"taxonomy":"product_cat","embeddable":true,"href":"https:\/\/chs.az\/az\/wp-json\/wp\/v2\/product_cat?post=1097"},{"taxonomy":"product_tag","embeddable":true,"href":"https:\/\/chs.az\/az\/wp-json\/wp\/v2\/product_tag?post=1097"}],"curies":[{"name":"wp","href":"https:\/\/api.w.org\/{rel}","templated":true}]}}