{"id":1090,"date":"2026-01-04T19:57:12","date_gmt":"2026-01-04T15:57:12","guid":{"rendered":"https:\/\/chs.az\/?post_type=product&#038;p=1090"},"modified":"2026-01-04T20:03:54","modified_gmt":"2026-01-04T16:03:54","slug":"monoblock-plants","status":"publish","type":"product","link":"https:\/\/chs.az\/az\/product\/monoblock-plants\/","title":{"rendered":"Monoblok t\u0259mizl\u0259m\u0259 qur\u011fular\u0131"},"content":{"rendered":"<h2 class=\"icon-einige\">Monoblock plants BIOTAL from 1.5 to 10 m3\/day.<\/h2>\n<p>Monoblok qur\u011fular g\u00fcnd\u0259lik h\u0259cmi 1,5-d\u0259n 10 m\u00b3-\u0259 q\u0259d\u0259r olan m\u0259i\u015f\u0259t \u00e7irkab sular\u0131n\u0131n d\u0259rin bioloji t\u0259mizl\u0259nm\u0259si \u00fc\u00e7\u00fcn n\u0259z\u0259rd\u0259 tutulmu\u015fdur.<\/p>\n<div class=\"type-box\">\n<p><strong>Qura\u015fd\u0131rma x\u00fcsusiyy\u0259tl\u0259ri<\/strong><\/p>\n<\/div>\n<p class=\"translation-block\">T\u0259mizl\u0259m\u0259 zonalar\u0131na b\u00f6l\u00fcnm\u00fc\u015f silindrik polipropilen bioreaktor ya\u015fay\u0131\u015f binas\u0131ndan \u0259n az\u0131 5 m m\u0259saf\u0259d\u0259, yeralt\u0131 d\u0259mir-beton quyuda yerl\u0259\u015fdirilir. Avtomatik idar\u0259etm\u0259 bloku v\u0259 hava \u00fcf\u00fcr\u00fcc\u00fc (blower) m\u00f6vcud qeyri-ya\u015fay\u0131\u015f sah\u0259sind\u0259, x\u00fcsusi olaraq tikilmi\u015f otaqda v\u0259 ya quyunun tavan\u0131na qura\u015fd\u0131r\u0131lan boks-rekuperatorda yerl\u0259\u015fdiril\u0259 bil\u0259r. Hava \u00fcf\u00fcr\u00fcc\u00fc ota\u011f\u0131ndan BIOTAL qur\u011fusu olan quyuya q\u0259d\u0259r maksimum m\u0259saf\u0259 20 metri ke\u00e7m\u0259m\u0259lidir.<\/p>\n<p class=\"translation-block\">A\u015fa\u011f\u0131dak\u0131 n\u00f6vl\u0259rd\u0259 BIOTAL monoblok qur\u011fular\u0131 istehsal olunur \u2013 MPD, MPD-R, MPD-RB, MPD-B, MPD-BU, MPD-RBU.<\/p>\n<p class=\"translation-block\">BIOTAL qur\u011fular\u0131n\u0131n n\u00f6vl\u0259ri haqq\u0131nda \u0259trafl\u0131 m\u0259lumat veb-sayt\u0131n m\u00fcvafiq b\u00f6lm\u0259l\u0259rind\u0259 verilmi\u015fdir.<\/p>\n<p class=\"translation-block\">N\u0259z\u0259riniz\u0259 \u00e7atd\u0131r\u0131r\u0131q! BIOTAL monoblok qur\u011fular\u0131 \u00fc\u00e7\u00fcn, avtomatika v\u0259 NITTO kompressorlar\u0131 daxil olmaqla, z\u0259man\u0259t m\u00fcdd\u0259ti 3 ildir.<\/p>","protected":false},"excerpt":{"rendered":"<table data-path-to-node=\"9\">\n<thead>\n<tr>\n<td><strong>X\u00fcsusiyy\u0259t<\/strong><\/td>\n<td><strong>Detallar<\/strong><\/td>\n<\/tr>\n<\/thead>\n<tbody>\n<tr>\n<td><span data-path-to-node=\"9,1,0,0\"><b data-path-to-node=\"9,1,0,0\" data-index-in-node=\"0\">Texnologiya<\/b><\/span><\/td>\n<td><span data-path-to-node=\"9,1,1,0\">Bioloji Aerasiya S\u00fczg\u0259ci (BAF) \/ \u0130nteqrasiya edilmi\u015f Aktiv Lil<\/span><\/td>\n<\/tr>\n<tr>\n<td><span data-path-to-node=\"9,2,0,0\"><b data-path-to-node=\"9,2,0,0\" data-index-in-node=\"0\">Material<\/b><\/span><\/td>\n<td><span data-path-to-node=\"9,2,1,0\">Y\u00fcks\u0259k s\u0131xl\u0131ql\u0131 m\u00f6hk\u0259ml\u0259ndirilmi\u015f polimerl\u0259r v\u0259 ya kompozitl\u0259r<\/span><\/td>\n<\/tr>\n<tr>\n<td><span data-path-to-node=\"9,3,0,0\"><b data-path-to-node=\"9,3,0,0\" data-index-in-node=\"0\">Qura\u015fd\u0131r\u0131lma<\/b><\/span><\/td>\n<td><span data-path-to-node=\"9,3,1,0\">Yeralt\u0131 (S\u0259thalt\u0131)<\/span><\/td>\n<\/tr>\n<tr>\n<td><span data-path-to-node=\"9,4,0,0\"><b data-path-to-node=\"9,4,0,0\" data-index-in-node=\"0\">Texniki xidm\u0259t<\/b><\/span><\/td>\n<td><span data-path-to-node=\"9,4,1,0\">Minimum vaxta\u015f\u0131r\u0131 lil k\u0259narla\u015fd\u0131r\u0131lmas\u0131 t\u0259l\u0259b olunur<\/span><\/td>\n<\/tr>\n<tr>\n<td><span data-path-to-node=\"9,5,0,0\"><b data-path-to-node=\"9,5,0,0\" data-index-in-node=\"0\">Konfiqurasiya<\/b><\/span><\/td>\n<td><span data-path-to-node=\"9,5,1,0\">\u00c7oxkameral\u0131 monoblok \u00e7\u0259n<\/span><\/td>\n<\/tr>\n<\/tbody>\n<\/table>\n<p>&nbsp;<\/p>","protected":false},"featured_media":1092,"template":"","meta":[],"product_brand":[],"product_cat":[205,210],"product_tag":[],"class_list":{"0":"post-1090","1":"product","2":"type-product","3":"status-publish","4":"has-post-thumbnail","6":"product_cat-residential","7":"product_cat-sewage","9":"first","10":"instock","11":"shipping-taxable","12":"product-type-simple"},"_links":{"self":[{"href":"https:\/\/chs.az\/az\/wp-json\/wp\/v2\/product\/1090","targetHints":{"allow":["GET"]}}],"collection":[{"href":"https:\/\/chs.az\/az\/wp-json\/wp\/v2\/product"}],"about":[{"href":"https:\/\/chs.az\/az\/wp-json\/wp\/v2\/types\/product"}],"wp:featuredmedia":[{"embeddable":true,"href":"https:\/\/chs.az\/az\/wp-json\/wp\/v2\/media\/1092"}],"wp:attachment":[{"href":"https:\/\/chs.az\/az\/wp-json\/wp\/v2\/media?parent=1090"}],"wp:term":[{"taxonomy":"product_brand","embeddable":true,"href":"https:\/\/chs.az\/az\/wp-json\/wp\/v2\/product_brand?post=1090"},{"taxonomy":"product_cat","embeddable":true,"href":"https:\/\/chs.az\/az\/wp-json\/wp\/v2\/product_cat?post=1090"},{"taxonomy":"product_tag","embeddable":true,"href":"https:\/\/chs.az\/az\/wp-json\/wp\/v2\/product_tag?post=1090"}],"curies":[{"name":"wp","href":"https:\/\/api.w.org\/{rel}","templated":true}]}}