{"id":1088,"date":"2026-01-04T19:05:55","date_gmt":"2026-01-04T15:05:55","guid":{"rendered":"https:\/\/chs.az\/?post_type=product&#038;p=1088"},"modified":"2026-01-23T16:00:32","modified_gmt":"2026-01-23T12:00:32","slug":"oz-spa","status":"publish","type":"product","link":"https:\/\/chs.az\/az\/product\/oz-spa\/","title":{"rendered":"OZ \u2013 SPA"},"content":{"rendered":"<h2 data-path-to-node=\"2\">OzoneMAX OZ-SPA | The Healthy Alternative to Chlorine for Spas<\/h2>\n<p data-path-to-node=\"3\" class=\"translation-block\">Clearwater Pool Systems t\u0259r\u0259find\u0259n t\u0259qdim olunan OzoneMAX OZ-SPA, t\u0259miz bir hidromasajl\u0131 vanna v\u0259 ya SPA-n\u0131 qoruyub saxlamaq \u00fc\u00e7\u00fcn g\u00fccl\u00fc v\u0259 ekoloji c\u0259h\u0259td\u0259n t\u0259miz bir \u00fcsul t\u0259klif edir. T\u0259bi\u0259tin \u0259n g\u00fccl\u00fc oksidl\u0259\u015fdiricil\u0259rind\u0259n biri olan ozondan istifad\u0259 ed\u0259r\u0259k, bu sistem \u00e7irkl\u0259ndiricil\u0259ri effektiv \u015f\u0259kild\u0259 neytralla\u015fd\u0131r\u0131r, \"xlara sa\u011flam alternativ\" t\u0259qdim edir v\u0259 n\u0259tic\u0259d\u0259 daha t\u0259miz, t\u0259hl\u00fck\u0259siz v\u0259 t\u0259rav\u0259tl\u0259ndirici su t\u0259min edir.<\/p>\n<h3 data-path-to-node=\"4\">\u018fsas X\u00fcsusiyy\u0259tl\u0259r<\/h3>\n<ul data-path-to-node=\"5\">\n<li>\n<p data-path-to-node=\"5,0,0\" class=\"translation-block\">Qabaqc\u0131l Oksidl\u0259\u015fm\u0259: Bakteriyalar\u0131, viruslar\u0131 v\u0259 \u00fczvi \u00e7irkl\u0259ndiricil\u0259ri t\u0259mas an\u0131nda, \u0259n\u0259n\u0259vi kimy\u0259vi madd\u0259l\u0259rd\u0259n qat-qat daha effektiv \u015f\u0259kild\u0259 m\u0259hv edir.<\/p>\n<\/li>\n<li>\n<p data-path-to-node=\"5,1,0\" class=\"translation-block\">Kimy\u0259vi madd\u0259l\u0259rin azald\u0131lmas\u0131: Xlor v\u0259 ya broma olan ehtiyac\u0131 \u0259h\u0259miyy\u0259tli d\u0259r\u0259c\u0259d\u0259 azald\u0131r; SPA istifad\u0259si zaman\u0131 tez-tez rast g\u0259lin\u0259n \"kimy\u0259vi qoxu\", g\u00f6z q\u0131zart\u0131s\u0131 v\u0259 d\u0259ri qa\u015f\u0131nt\u0131s\u0131n\u0131 aradan qald\u0131r\u0131r.<\/p>\n<\/li>\n<li>\n<p data-path-to-node=\"5,2,0\" class=\"translation-block\">SPA-lar \u00fc\u00e7\u00fcn n\u0259z\u0259rd\u0259 tutulub: Ya\u015fay\u0131\u015f binalar\u0131ndak\u0131 hidromasajl\u0131 vannalar\u0131n daha y\u00fcks\u0259k su temperaturlar\u0131 v\u0259 ki\u00e7ik h\u0259cml\u0259ri il\u0259 i\u015fl\u0259m\u0259k \u00fc\u00e7\u00fcn x\u00fcsusi olaraq haz\u0131rlanm\u0131\u015f ixtisasla\u015fd\u0131r\u0131lm\u0131\u015f, y\u0131\u011fcam qur\u011fu.<\/p>\n<\/li>\n<li>\n<p data-path-to-node=\"5,3,0\" class=\"translation-block\">B\u00fcllur kimi t\u0259miz su: SPA suyunun par\u0131lt\u0131l\u0131 v\u0259 \u015f\u0259ffaf qalmas\u0131 \u00fc\u00e7\u00fcn ya\u011flar\u0131, losyonlar\u0131 v\u0259 dig\u0259r tullant\u0131 m\u0259hsullar\u0131n\u0131 oksidl\u0259\u015fdirir.<\/p>\n<\/li>\n<li>\n<p data-path-to-node=\"5,4,0\" class=\"translation-block\">Ekoloji t\u0259miz v\u0259 t\u0259hl\u00fck\u0259siz: Ail\u0259niz v\u0259 \u0259traf m\u00fchit \u00fc\u00e7\u00fcn t\u0259hl\u00fck\u0259siz olan, duzsuz bir h\u0259ll yolu.<\/p>\n<\/li>\n<\/ul>\n<h3 data-path-to-node=\"6\">Sistem komponentl\u0259ri<\/h3>\n<ul data-path-to-node=\"7\">\n<li>\n<p data-path-to-node=\"7,0,0\" class=\"translation-block\">OzoneMAX OZ-SPA \u0130dar\u0259etm\u0259 Bloku: Uzunm\u00fcdd\u0259tli performans \u00fc\u00e7\u00fcn n\u0259z\u0259rd\u0259 tutulmu\u015f, davaml\u0131, hava \u015f\u0259raitin\u0259 davaml\u0131 mavi al\u00fcminium g\u00f6vd\u0259.<\/p>\n<\/li>\n<li>\n<p data-path-to-node=\"7,1,0\" class=\"translation-block\">Qura\u015fd\u0131rma d\u0259sti: SPA-n\u0131n santexnika sistemin\u0259 inteqrasiya \u00fc\u00e7\u00fcn x\u00fcsusi venturi injektoru (mavi T-\u015f\u0259killi hiss\u0259), \u015f\u0259ffaf boru v\u0259 laz\u0131mi fitinql\u0259r daxildir.<\/p>\n<\/li>\n<li>\n<p data-path-to-node=\"7,2,0\" class=\"translation-block\">AB\u015e istehsal\u0131d\u0131r: Clear Water Enviro Technologies t\u0259r\u0259find\u0259n layih\u0259l\u0259ndirilmi\u015f, m\u00fch\u0259ndislik i\u015fl\u0259ri g\u00f6r\u00fclm\u00fc\u015f v\u0259 y\u0131\u011f\u0131lm\u0131\u015fd\u0131r.<\/p>\n<\/li>\n<\/ul>","protected":false},"excerpt":{"rendered":"<table data-path-to-node=\"9\">\n<thead>\n<tr>\n<td><strong>X\u00fcsusiyy\u0259t<\/strong><\/td>\n<td><strong>Detallar<\/strong><\/td>\n<\/tr>\n<\/thead>\n<tbody>\n<tr>\n<td><span data-path-to-node=\"9,1,0,0\"><b data-path-to-node=\"9,1,0,0\" data-index-in-node=\"0\">Model<\/b><\/span><\/td>\n<td><span data-path-to-node=\"9,1,1,0\">OzoneMAX OZ-SPA<\/span><\/td>\n<\/tr>\n<tr>\n<td><span data-path-to-node=\"9,2,0,0\"><b data-path-to-node=\"9,2,0,0\" data-index-in-node=\"0\">T\u0259tbiq<\/b><\/span><\/td>\n<td><span data-path-to-node=\"9,2,1,0\">M\u0259i\u015f\u0259t SPA hovuzlar\u0131 v\u0259 hidromasajl\u0131 vannalar<\/span><\/td>\n<\/tr>\n<tr>\n<td><span data-path-to-node=\"9,3,0,0\"><b data-path-to-node=\"9,3,0,0\" data-index-in-node=\"0\">\u018fsas \u00fcsul<\/b><\/span><\/td>\n<td><span data-path-to-node=\"9,3,1,0\">Ozonla oksidl\u0259\u015fm\u0259<\/span><\/td>\n<\/tr>\n<tr>\n<td><span data-path-to-node=\"9,4,0,0\"><b data-path-to-node=\"9,4,0,0\" data-index-in-node=\"0\">\u0130stehsal\u00e7\u0131<\/b><\/span><\/td>\n<td><span data-path-to-node=\"9,4,1,0\">Clear Water Enviro Technologies<\/span><\/td>\n<\/tr>\n<tr>\n<td><span data-path-to-node=\"9,5,0,0\"><b data-path-to-node=\"9,5,0,0\" data-index-in-node=\"0\">Texniki d\u0259st\u0259k<\/b><\/span><\/td>\n<td><span data-path-to-node=\"9,5,1,0\">800-756-7946 \/ ClearwaterPoolSystems.com<\/span><\/td>\n<\/tr>\n<\/tbody>\n<\/table>\n<p>&nbsp;<\/p>","protected":false},"featured_media":1089,"template":"","meta":[],"product_brand":[],"product_cat":[205,206],"product_tag":[],"class_list":{"0":"post-1088","1":"product","2":"type-product","3":"status-publish","4":"has-post-thumbnail","6":"product_cat-residential","7":"product_cat-swimming-pools","9":"first","10":"instock","11":"shipping-taxable","12":"product-type-simple"},"_links":{"self":[{"href":"https:\/\/chs.az\/az\/wp-json\/wp\/v2\/product\/1088","targetHints":{"allow":["GET"]}}],"collection":[{"href":"https:\/\/chs.az\/az\/wp-json\/wp\/v2\/product"}],"about":[{"href":"https:\/\/chs.az\/az\/wp-json\/wp\/v2\/types\/product"}],"wp:featuredmedia":[{"embeddable":true,"href":"https:\/\/chs.az\/az\/wp-json\/wp\/v2\/media\/1089"}],"wp:attachment":[{"href":"https:\/\/chs.az\/az\/wp-json\/wp\/v2\/media?parent=1088"}],"wp:term":[{"taxonomy":"product_brand","embeddable":true,"href":"https:\/\/chs.az\/az\/wp-json\/wp\/v2\/product_brand?post=1088"},{"taxonomy":"product_cat","embeddable":true,"href":"https:\/\/chs.az\/az\/wp-json\/wp\/v2\/product_cat?post=1088"},{"taxonomy":"product_tag","embeddable":true,"href":"https:\/\/chs.az\/az\/wp-json\/wp\/v2\/product_tag?post=1088"}],"curies":[{"name":"wp","href":"https:\/\/api.w.org\/{rel}","templated":true}]}}