{"id":1086,"date":"2026-01-04T19:02:40","date_gmt":"2026-01-04T15:02:40","guid":{"rendered":"https:\/\/chs.az\/?post_type=product&#038;p=1086"},"modified":"2026-01-23T16:00:42","modified_gmt":"2026-01-23T12:00:42","slug":"spa-1r","status":"publish","type":"product","link":"https:\/\/chs.az\/az\/product\/spa-1r\/","title":{"rendered":"SPA \u2013 1R"},"content":{"rendered":"<h2 data-path-to-node=\"2\">MineralPURE SPA-1R | Premium Spa &amp; Hot Tub Ionization System<\/h2>\n<p data-path-to-node=\"3\" class=\"translation-block\">MineralPURE SPA-1R \u2014 spa v\u0259 jakuzil\u0259rd\u0259 maksimum rahatl\u0131q t\u0259cr\u00fcb\u0259si t\u0259min etm\u0259k \u00fc\u00e7\u00fcn haz\u0131rlanm\u0131\u015f kompakt v\u0259 y\u00fcks\u0259k s\u0259m\u0259r\u0259li t\u0259mizl\u0259m\u0259 sistemidir. NASA t\u0259r\u0259find\u0259n lisenziyala\u015fd\u0131r\u0131lm\u0131\u015f mis\/g\u00fcm\u00fc\u015f ionla\u015fma texnologiyas\u0131ndan istifad\u0259 ed\u0259r\u0259k, y\u00fcks\u0259k miqdarda xlor v\u0259 brom ehtiyac\u0131n\u0131 aradan qald\u0131r\u0131r v\u0259 spa suyunun d\u0259riy\u0259, g\u00f6zl\u0259r\u0259 v\u0259 sa\u00e7lara qar\u015f\u0131 daha yum\u015faq olmas\u0131n\u0131 t\u0259min edir.<\/p>\n<h3 data-path-to-node=\"4\">\u018fsas X\u00fcsusiyy\u0259tl\u0259r<\/h3>\n<ul data-path-to-node=\"5\">\n<li>\n<p data-path-to-node=\"5,0,0\" class=\"translation-block\">H\u0259d\u0259fl\u0259nmi\u015f Spa Dezinfeksiyas\u0131: Cakuzi v\u0259 spalar\u0131n y\u00fcks\u0259k temperatur m\u00fchiti \u00fc\u00e7\u00fcn x\u00fcsusi olaraq haz\u0131rlanm\u0131\u015fd\u0131r.<\/p>\n<\/li>\n<li>\n<p data-path-to-node=\"5,1,0\" class=\"translation-block\">Daha Sa\u011flam Su: Duzsuz v\u0259 azald\u0131lm\u0131\u015f kimy\u0259vi t\u0259rkibli alternativ t\u0259qdim ed\u0259r\u0259k, d\u0259ri q\u0131c\u0131qlanmas\u0131 v\u0259 kimy\u0259vi qoxu riskini \u0259h\u0259miyy\u0259tli d\u0259r\u0259c\u0259d\u0259 azald\u0131r.<\/p>\n<\/li>\n<li>\n<p data-path-to-node=\"5,2,0\" class=\"translation-block\">Sad\u0259 Analoq \u0130dar\u0259etm\u0259: Spa \u00f6l\u00e7\u00fcn\u00fcz\u0259 uy\u011fun mineral \u00e7\u0131x\u0131\u015f\u0131n\u0131 d\u0259qiq t\u0259nziml\u0259m\u0259k \u00fc\u00e7\u00fcn istifad\u0259si asan t\u0259nziml\u0259m\u0259 d\u00fcym\u0259si il\u0259 t\u0259chiz olunmu\u015fdur.<\/p>\n<\/li>\n<li>\n<p data-path-to-node=\"5,3,0\" class=\"translation-block\">Kompakt Qura\u015fd\u0131rma: Standart spa boru sistemin\u0259 asanl\u0131qla uy\u011funla\u015fmas\u0131 \u00fc\u00e7\u00fcn ki\u00e7ik \u00f6l\u00e7\u00fcl\u00fc v\u0259 x\u00fcsusi ax\u0131n h\u00fcceyr\u0259si il\u0259 dizayn edilmi\u015fdir.<\/p>\n<\/li>\n<li>\n<p data-path-to-node=\"5,4,0\" class=\"translation-block\">NASA Lisenziyal\u0131 Texnologiya: \u018fvv\u0259lc\u0259 kosmik t\u0259dqiqat \u00fc\u00e7\u00fcn haz\u0131rlanm\u0131\u015f qabaqc\u0131l g\u00fcm\u00fc\u015f v\u0259 mis ion t\u0259mizl\u0259m\u0259 texnologiyas\u0131ndan istifad\u0259 edir.<\/p>\n<\/li>\n<li>\n<p data-path-to-node=\"5,5,0\" class=\"translation-block\">T\u0259hl\u00fck\u0259sizlik Sertifikatl\u0131: NSF t\u0259r\u0259find\u0259n t\u0259sdiql\u0259nmi\u015f v\u0259 AB\u015e-da Clear Water Enviro Technologies t\u0259r\u0259find\u0259n istehsal edilmi\u015fdir.<\/p>\n<\/li>\n<\/ul>","protected":false},"excerpt":{"rendered":"<table data-path-to-node=\"7\">\n<thead>\n<tr>\n<td><strong>X\u00fcsusiyy\u0259t<\/strong><\/td>\n<td><strong>Detallar<\/strong><\/td>\n<\/tr>\n<\/thead>\n<tbody>\n<tr>\n<td><span data-path-to-node=\"7,1,0,0\"><b data-path-to-node=\"7,1,0,0\" data-index-in-node=\"0\">Model<\/b><\/span><\/td>\n<td><span data-path-to-node=\"7,1,1,0\">MineralPURE SPA-1R<\/span><\/td>\n<\/tr>\n<tr>\n<td><span data-path-to-node=\"7,2,0,0\"><b data-path-to-node=\"7,2,0,0\" data-index-in-node=\"0\">T\u0259tbiq<\/b><\/span><\/td>\n<td><span data-path-to-node=\"7,2,1,0\">M\u0259i\u015f\u0259t SPA hovuzlar\u0131 v\u0259 hidromasajl\u0131 vannalar<\/span><\/td>\n<\/tr>\n<tr>\n<td><span data-path-to-node=\"7,3,0,0\"><b data-path-to-node=\"7,3,0,0\" data-index-in-node=\"0\">T\u0259mizl\u0259m\u0259 \u00fcsulu<\/b><\/span><\/td>\n<td><span data-path-to-node=\"7,3,1,0\">Mis\/G\u00fcm\u00fc\u015f ionla\u015fmas\u0131<\/span><\/td>\n<\/tr>\n<tr>\n<td><span data-path-to-node=\"7,4,0,0\"><b data-path-to-node=\"7,4,0,0\" data-index-in-node=\"0\">\u0130dar\u0259etm\u0259 N\u00f6v\u00fc<\/b><\/span><\/td>\n<td><span data-path-to-node=\"7,4,1,0\">T\u0259nziml\u0259n\u0259n analoq t\u0259nziml\u0259yici<\/span><\/td>\n<\/tr>\n<tr>\n<td><span data-path-to-node=\"7,5,0,0\"><b data-path-to-node=\"7,5,0,0\" data-index-in-node=\"0\">Sertifikatlar<\/b><\/span><\/td>\n<td><span data-path-to-node=\"7,5,1,0\">NSF t\u0259r\u0259find\u0259n t\u0259sdiql\u0259nmi\u015f v\u0259 NASA lisenziyal\u0131 texnologiya<\/span><\/td>\n<\/tr>\n<\/tbody>\n<\/table>\n<p>&nbsp;<\/p>","protected":false},"featured_media":1087,"template":"","meta":[],"product_brand":[],"product_cat":[205,206],"product_tag":[],"class_list":{"0":"post-1086","1":"product","2":"type-product","3":"status-publish","4":"has-post-thumbnail","6":"product_cat-residential","7":"product_cat-swimming-pools","9":"first","10":"instock","11":"shipping-taxable","12":"product-type-simple"},"_links":{"self":[{"href":"https:\/\/chs.az\/az\/wp-json\/wp\/v2\/product\/1086","targetHints":{"allow":["GET"]}}],"collection":[{"href":"https:\/\/chs.az\/az\/wp-json\/wp\/v2\/product"}],"about":[{"href":"https:\/\/chs.az\/az\/wp-json\/wp\/v2\/types\/product"}],"wp:featuredmedia":[{"embeddable":true,"href":"https:\/\/chs.az\/az\/wp-json\/wp\/v2\/media\/1087"}],"wp:attachment":[{"href":"https:\/\/chs.az\/az\/wp-json\/wp\/v2\/media?parent=1086"}],"wp:term":[{"taxonomy":"product_brand","embeddable":true,"href":"https:\/\/chs.az\/az\/wp-json\/wp\/v2\/product_brand?post=1086"},{"taxonomy":"product_cat","embeddable":true,"href":"https:\/\/chs.az\/az\/wp-json\/wp\/v2\/product_cat?post=1086"},{"taxonomy":"product_tag","embeddable":true,"href":"https:\/\/chs.az\/az\/wp-json\/wp\/v2\/product_tag?post=1086"}],"curies":[{"name":"wp","href":"https:\/\/api.w.org\/{rel}","templated":true}]}}