{"id":1084,"date":"2026-01-04T18:43:43","date_gmt":"2026-01-04T14:43:43","guid":{"rendered":"https:\/\/chs.az\/?post_type=product&#038;p=1084"},"modified":"2026-01-23T16:00:57","modified_gmt":"2026-01-23T12:00:57","slug":"cs-600","status":"publish","type":"product","link":"https:\/\/chs.az\/az\/product\/cs-600\/","title":{"rendered":"CS-600"},"content":{"rendered":"<h2 data-path-to-node=\"2\">MineralPURE CS-600 | Industrial-Strength Residential Pool Ionization System<\/h2>\n<p data-path-to-node=\"3\" class=\"translation-block\">MineralPURE CS-600 b\u00f6y\u00fck m\u0259nzil kompleksl\u0259ri, ictimai hovuzlar v\u0259 y\u00fcks\u0259k s\u0259viyy\u0259li su x\u00fcsusiyy\u0259tl\u0259ri \u00fc\u00e7\u00fcn \u0259n g\u00fccl\u00fc su t\u0259mizl\u0259m\u0259 sistemidir. CS seriyas\u0131n\u0131n \u0259n y\u00fcks\u0259k tutumlu modeli olaraq, misilsiz sanitariya performans\u0131 t\u0259min edir v\u0259 \u0259n b\u00f6y\u00fck hovuzlar\u0131n bel\u0259 kristal t\u0259miz v\u0259 sa\u011flam qalmas\u0131n\u0131, duz v\u0259 kimy\u0259vi madd\u0259l\u0259rin \u00e7ox istifad\u0259si olmadan t\u0259min edir.<\/p>\n<h3 data-path-to-node=\"4\">\u018fsas X\u00fcsusiyy\u0259tl\u0259r<\/h3>\n<ul data-path-to-node=\"5\">\n<li>\n<p data-path-to-node=\"5,0,0\" class=\"translation-block\">MineralPURE CS-600 b\u00f6y\u00fck m\u0259nzil kompleksl\u0259ri, ictimai hovuzlar v\u0259 y\u00fcks\u0259k s\u0259viyy\u0259li su x\u00fcsusiyy\u0259tl\u0259ri \u00fc\u00e7\u00fcn \u0259n g\u00fccl\u00fc su t\u0259mizl\u0259m\u0259 sistemidir. CS seriyas\u0131n\u0131n \u0259n y\u00fcks\u0259k tutumlu modeli olaraq, misilsiz sanitariya performans\u0131 t\u0259min edir v\u0259 \u0259n b\u00f6y\u00fck hovuzlar\u0131n bel\u0259 kristal t\u0259miz v\u0259 sa\u011flam qalmas\u0131n\u0131, duz v\u0259 kimy\u0259vi madd\u0259l\u0259rin \u00e7ox istifad\u0259si olmadan t\u0259min edir.<\/p>\n<\/li>\n<li>\n<p data-path-to-node=\"5,1,0\" class=\"translation-block\">T\u0259miz Su Keyfiyy\u0259ti: Xlor ehtiyac\u0131n\u0131 80% v\u0259 ya daha \u00e7ox azald\u0131r, kimy\u0259vi qoxular\u0131 aradan qald\u0131r\u0131r v\u0259 q\u0131z\u0131l g\u00f6zl\u0259r v\u0259 quru d\u0259ri riskini \u00f6nl\u0259yir.<\/p>\n<\/li>\n<li>\n<p data-path-to-node=\"5,2,0\" class=\"translation-block\">NASA Lisenziyal\u0131 Texnologiya: \u018fvv\u0259lc\u0259 kosmosda suyun t\u0259mizl\u0259nm\u0259si \u00fc\u00e7\u00fcn NASA t\u0259r\u0259find\u0259n haz\u0131rlanm\u0131\u015f qabaqc\u0131l mis\/g\u00fcm\u00fc\u015f ionla\u015fma texnologiyas\u0131ndan istifad\u0259 edir.<\/p>\n<\/li>\n<li>\n<p data-path-to-node=\"5,3,0\" class=\"translation-block\">Pro-Seriya R\u0259q\u0259msal \u0130dar\u0259edici: B\u00f6y\u00fck LCD ekran v\u0259 ionla\u015fma s\u0259viyy\u0259l\u0259rini d\u0259qiq idar\u0259 etm\u0259k \u00fc\u00e7\u00fcn d\u0259qiq n\u0259zar\u0259t interfeysi il\u0259 t\u0259chiz edilmi\u015fdir.<\/p>\n<\/li>\n<li>\n<p data-path-to-node=\"5,4,0\" class=\"translation-block\">Ticar\u0259t S\u0259viyy\u0259li Qurulu\u015f: Y\u00fcks\u0259k istifad\u0259y\u0259 malik m\u00fchitl\u0259rd\u0259 elementl\u0259rin t\u0259sirin\u0259 d\u00f6zm\u0259k \u00fc\u00e7\u00fcn m\u00f6hk\u0259m v\u0259 hava \u015f\u0259raitin\u0259 davaml\u0131 bir korpusa malikdir.<\/p>\n<\/li>\n<li>\n<p data-path-to-node=\"5,5,0\" class=\"translation-block\">T\u0259hl\u00fck\u0259sizlik v\u0259 Etimad: NSF t\u0259r\u0259find\u0259n sertifikatla\u015fd\u0131r\u0131lm\u0131\u015f v\u0259 AB\u015e-da Clear Water Enviro Technologies t\u0259r\u0259find\u0259n f\u0259xr il\u0259 istehsal edilmi\u015fdir.<\/p>\n<\/li>\n<\/ul>","protected":false},"excerpt":{"rendered":"<table data-path-to-node=\"7\">\n<thead>\n<tr>\n<td><strong>X\u00fcsusiyy\u0259t<\/strong><\/td>\n<td><strong>Detallar<\/strong><\/td>\n<\/tr>\n<\/thead>\n<tbody>\n<tr>\n<td><span data-path-to-node=\"7,1,0,0\"><b data-path-to-node=\"7,1,0,0\" data-index-in-node=\"0\">Model<\/b><\/span><\/td>\n<td><span data-path-to-node=\"7,1,1,0\">MineralPURE CS-600<\/span><\/td>\n<\/tr>\n<tr>\n<td><span data-path-to-node=\"7,2,0,0\"><b data-path-to-node=\"7,2,0,0\" data-index-in-node=\"0\">T\u0259mizl\u0259m\u0259 \u00fcsulu<\/b><\/span><\/td>\n<td><span data-path-to-node=\"7,2,1,0\">Mis\/G\u00fcm\u00fc\u015f ionla\u015fmas\u0131<\/span><\/td>\n<\/tr>\n<tr>\n<td><span data-path-to-node=\"7,3,0,0\"><b data-path-to-node=\"7,3,0,0\" data-index-in-node=\"0\">\u00dc\u00e7\u00fcn \u0130deal<\/b><\/span><\/td>\n<td><span data-path-to-node=\"7,3,1,0\">B\u00f6y\u00fck M\u0259nzil Hovuzlar\u0131, \u0130ctimai Hovuzlar, Malik\u0259nl\u0259r<\/span><\/td>\n<\/tr>\n<tr>\n<td><span data-path-to-node=\"7,4,0,0\"><b data-path-to-node=\"7,4,0,0\" data-index-in-node=\"0\">Elektrod Sistemi<\/b><\/span><\/td>\n<td><span data-path-to-node=\"7,4,1,0\">S\u0259kkiz (8) Premium Mineral Elektrod<\/span><\/td>\n<\/tr>\n<tr>\n<td><span data-path-to-node=\"7,5,0,0\"><b data-path-to-node=\"7,5,0,0\" data-index-in-node=\"0\">Ekran N\u00f6v\u00fc<\/b><\/span><\/td>\n<td><span data-path-to-node=\"7,5,1,0\">Mikroprosessor t\u0259r\u0259find\u0259n idar\u0259 olunan r\u0259q\u0259msal LCD<\/span><\/td>\n<\/tr>\n<tr>\n<td><span data-path-to-node=\"7,6,0,0\"><b data-path-to-node=\"7,6,0,0\" data-index-in-node=\"0\">Sertifikatlar<\/b><\/span><\/td>\n<td><span data-path-to-node=\"7,6,1,0\">NSF t\u0259r\u0259find\u0259n t\u0259sdiql\u0259nmi\u015f, NASA texnologiya lisenziyas\u0131<\/span><\/td>\n<\/tr>\n<\/tbody>\n<\/table>\n<p>&nbsp;<\/p>","protected":false},"featured_media":1085,"template":"","meta":[],"product_brand":[],"product_cat":[205,206],"product_tag":[],"class_list":{"0":"post-1084","1":"product","2":"type-product","3":"status-publish","4":"has-post-thumbnail","6":"product_cat-residential","7":"product_cat-swimming-pools","9":"first","10":"instock","11":"shipping-taxable","12":"product-type-simple"},"_links":{"self":[{"href":"https:\/\/chs.az\/az\/wp-json\/wp\/v2\/product\/1084","targetHints":{"allow":["GET"]}}],"collection":[{"href":"https:\/\/chs.az\/az\/wp-json\/wp\/v2\/product"}],"about":[{"href":"https:\/\/chs.az\/az\/wp-json\/wp\/v2\/types\/product"}],"wp:featuredmedia":[{"embeddable":true,"href":"https:\/\/chs.az\/az\/wp-json\/wp\/v2\/media\/1085"}],"wp:attachment":[{"href":"https:\/\/chs.az\/az\/wp-json\/wp\/v2\/media?parent=1084"}],"wp:term":[{"taxonomy":"product_brand","embeddable":true,"href":"https:\/\/chs.az\/az\/wp-json\/wp\/v2\/product_brand?post=1084"},{"taxonomy":"product_cat","embeddable":true,"href":"https:\/\/chs.az\/az\/wp-json\/wp\/v2\/product_cat?post=1084"},{"taxonomy":"product_tag","embeddable":true,"href":"https:\/\/chs.az\/az\/wp-json\/wp\/v2\/product_tag?post=1084"}],"curies":[{"name":"wp","href":"https:\/\/api.w.org\/{rel}","templated":true}]}}