{"id":1082,"date":"2026-01-04T18:35:54","date_gmt":"2026-01-04T14:35:54","guid":{"rendered":"https:\/\/chs.az\/?post_type=product&#038;p=1082"},"modified":"2026-01-23T16:01:09","modified_gmt":"2026-01-23T12:01:09","slug":"cs-450","status":"publish","type":"product","link":"https:\/\/chs.az\/az\/product\/cs-450\/","title":{"rendered":"CS-450"},"content":{"rendered":"<h2 data-path-to-node=\"2\">MineralPURE CS-450 | Commercial-Grade Residential Pool Ionization System<\/h2>\n<p data-path-to-node=\"3\" class=\"translation-block\">MineralPURE CS-450 \u0259n b\u00f6y\u00fck m\u0259nzil kompleksl\u0259ri v\u0259 y\u00fcng\u00fcl ticar\u0259t t\u0259tbiql\u0259ri \u00fc\u00e7\u00fcn duzsuz hovuz t\u0259mizl\u0259m\u0259sinin zirv\u0259sini t\u0259msil edir. Bu sistem maksimum \u00e7\u0131x\u0131\u015f \u00fc\u00e7\u00fcn haz\u0131rlanm\u0131\u015fd\u0131r v\u0259 alt\u0131 y\u00fcks\u0259k performansl\u0131 elektroddan istifad\u0259 ed\u0259r\u0259k suyun kristal t\u0259mizliyini v\u0259 t\u0259hl\u00fck\u0259sizliyini t\u0259min edir. NASA lisenziyal\u0131 texnologiya il\u0259 i\u015fl\u0259y\u0259n CS-450, minimal kimy\u0259vi istifad\u0259si il\u0259 hovuzunuzu t\u0259miz saxlama\u011fa imkan verir.<\/p>\n<h3 data-path-to-node=\"4\">\u018fsas X\u00fcsusiyy\u0259tl\u0259r<\/h3>\n<ul data-path-to-node=\"5\">\n<li>\n<p data-path-to-node=\"5,0,0\" class=\"translation-block\">Alt\u0131 Elektrodlu G\u00fcc M\u0259rk\u0259zi: \u018fn y\u00fcks\u0259k su h\u0259cml\u0259rini asanl\u0131qla idar\u0259 etm\u0259k \u00fc\u00e7\u00fcn b\u00f6y\u00fck alt\u0131 elektrodlu konfiqurasiya il\u0259 t\u0259chiz edilmi\u015fdir.<\/p>\n<\/li>\n<li>\n<p data-path-to-node=\"5,1,0\" class=\"translation-block\">Maksimal Kimy\u0259vi Azaltma: Xlor istifad\u0259sinin 80% v\u0259 ya daha \u00e7oxunu aradan qald\u0131rmaq \u00fc\u00e7\u00fcn haz\u0131rlanm\u0131\u015fd\u0131r, q\u0131z\u0131l g\u00f6zl\u0259rin, qa\u015f\u0131nan d\u0259ri v\u0259 solmu\u015f \u00fczg\u00fc\u00e7\u00fcl\u00fck geyiml\u0259rinin \u0259sas s\u0259b\u0259bini aradan qald\u0131r\u0131r.<\/p>\n<\/li>\n<li>\n<p data-path-to-node=\"5,2,0\" class=\"translation-block\">NASA Lisenziyal\u0131 T\u0259mizl\u0259m\u0259: Kosmik s\u0259yah\u0259t \u00fc\u00e7\u00fcn haz\u0131rlanm\u0131\u015f qabaqc\u0131l mis\/g\u00fcm\u00fc\u015f ionla\u015fma texnologiyas\u0131ndan istifad\u0259 ed\u0259r\u0259k, d\u0259rman s\u0259viyy\u0259sind\u0259 su t\u0259mizliyi t\u0259min edir.<\/p>\n<\/li>\n<li>\n<p data-path-to-node=\"5,3,0\" class=\"translation-block\">D\u0259qiq R\u0259q\u0259msal \u0130nterfeys: B\u00f6y\u00fck, oxumaq \u00fc\u00e7\u00fcn asan LCD ekran v\u0259 r\u0259q\u0259msal t\u0259nziml\u0259m\u0259 d\u00fcym\u0259si mineral s\u0259viyy\u0259l\u0259rini d\u0259qiq idar\u0259 etm\u0259y\u0259 imkan verir.<\/p>\n<\/li>\n<li>\n<p data-path-to-node=\"5,4,0\" class=\"translation-block\">Davaml\u0131l\u0131q \u00dc\u00e7\u00fcn Haz\u0131rlanm\u0131\u015f: \u018flav\u0259 b\u00f6y\u00fck, hava \u015f\u0259raitin\u0259 davaml\u0131 ticar\u0259t korpusunda yerl\u0259\u015fdirilmi\u015f v\u0259 m\u00f6hk\u0259m kilidli qapan\u0131\u015flarla t\u0259chiz edilmi\u015fdir.<\/p>\n<\/li>\n<li>\n<p data-path-to-node=\"5,5,0\" class=\"translation-block\">T\u0259hl\u00fck\u0259sizlik Sertifikatl\u0131: Tamamil\u0259 NSF t\u0259r\u0259find\u0259n t\u0259sdiql\u0259nmi\u015f v\u0259 AB\u015e-da Clear Water Enviro Technologies t\u0259r\u0259find\u0259n istehsal edilmi\u015fdir.<\/p>\n<\/li>\n<\/ul>","protected":false},"excerpt":{"rendered":"<table data-path-to-node=\"7\">\n<thead>\n<tr>\n<td><strong>X\u00fcsusiyy\u0259t<\/strong><\/td>\n<td><strong>Detallar<\/strong><\/td>\n<\/tr>\n<\/thead>\n<tbody>\n<tr>\n<td><span data-path-to-node=\"7,1,0,0\"><b data-path-to-node=\"7,1,0,0\" data-index-in-node=\"0\">Model<\/b><\/span><\/td>\n<td><span data-path-to-node=\"7,1,1,0\">MineralPURE CS-450<\/span><\/td>\n<\/tr>\n<tr>\n<td><span data-path-to-node=\"7,2,0,0\"><b data-path-to-node=\"7,2,0,0\" data-index-in-node=\"0\">T\u0259mizl\u0259m\u0259 \u00fcsulu<\/b><\/span><\/td>\n<td><span data-path-to-node=\"7,2,1,0\">Mis\/G\u00fcm\u00fc\u015f ionla\u015fmas\u0131<\/span><\/td>\n<\/tr>\n<tr>\n<td><span data-path-to-node=\"7,3,0,0\"><b data-path-to-node=\"7,3,0,0\" data-index-in-node=\"0\">\u00dc\u00e7\u00fcn \u0130deal<\/b><\/span><\/td>\n<td><span data-path-to-node=\"7,3,1,0\">B\u00f6y\u00fck M\u0259nzil Hovuzlar\u0131 v\u0259 Y\u00fcng\u00fcl Ticar\u0259t \u0130stifad\u0259si<\/span><\/td>\n<\/tr>\n<tr>\n<td><span data-path-to-node=\"7,4,0,0\"><b data-path-to-node=\"7,4,0,0\" data-index-in-node=\"0\">Elektrod Sistemi<\/b><\/span><\/td>\n<td><span data-path-to-node=\"7,4,1,0\">Alt\u0131 (6) Y\u00fcks\u0259k \u00c7\u0131x\u0131\u015fl\u0131 Mineral Elektrod<\/span><\/td>\n<\/tr>\n<tr>\n<td><span data-path-to-node=\"7,5,0,0\"><b data-path-to-node=\"7,5,0,0\" data-index-in-node=\"0\">Ekran<\/b><\/span><\/td>\n<td><span data-path-to-node=\"7,5,1,0\">Mikroprosessor t\u0259r\u0259find\u0259n idar\u0259 olunan LCD<\/span><\/td>\n<\/tr>\n<tr>\n<td><span data-path-to-node=\"7,6,0,0\"><b data-path-to-node=\"7,6,0,0\" data-index-in-node=\"0\">\u0130stehsal<\/b><\/span><\/td>\n<td><span data-path-to-node=\"7,6,1,0\">AB\u015e-da istehsal olunub<\/span><\/td>\n<\/tr>\n<\/tbody>\n<\/table>\n<p>&nbsp;<\/p>","protected":false},"featured_media":1083,"template":"","meta":[],"product_brand":[],"product_cat":[205,206],"product_tag":[],"class_list":{"0":"post-1082","1":"product","2":"type-product","3":"status-publish","4":"has-post-thumbnail","6":"product_cat-residential","7":"product_cat-swimming-pools","9":"first","10":"instock","11":"shipping-taxable","12":"product-type-simple"},"_links":{"self":[{"href":"https:\/\/chs.az\/az\/wp-json\/wp\/v2\/product\/1082","targetHints":{"allow":["GET"]}}],"collection":[{"href":"https:\/\/chs.az\/az\/wp-json\/wp\/v2\/product"}],"about":[{"href":"https:\/\/chs.az\/az\/wp-json\/wp\/v2\/types\/product"}],"wp:featuredmedia":[{"embeddable":true,"href":"https:\/\/chs.az\/az\/wp-json\/wp\/v2\/media\/1083"}],"wp:attachment":[{"href":"https:\/\/chs.az\/az\/wp-json\/wp\/v2\/media?parent=1082"}],"wp:term":[{"taxonomy":"product_brand","embeddable":true,"href":"https:\/\/chs.az\/az\/wp-json\/wp\/v2\/product_brand?post=1082"},{"taxonomy":"product_cat","embeddable":true,"href":"https:\/\/chs.az\/az\/wp-json\/wp\/v2\/product_cat?post=1082"},{"taxonomy":"product_tag","embeddable":true,"href":"https:\/\/chs.az\/az\/wp-json\/wp\/v2\/product_tag?post=1082"}],"curies":[{"name":"wp","href":"https:\/\/api.w.org\/{rel}","templated":true}]}}