{"id":1080,"date":"2026-01-04T18:31:51","date_gmt":"2026-01-04T14:31:51","guid":{"rendered":"https:\/\/chs.az\/?post_type=product&#038;p=1080"},"modified":"2026-01-23T16:01:23","modified_gmt":"2026-01-23T12:01:23","slug":"cs-300","status":"publish","type":"product","link":"https:\/\/chs.az\/az\/product\/cs-300\/","title":{"rendered":"CS-300"},"content":{"rendered":"<h2 data-path-to-node=\"2\">MineralPURE CS-300 | Ultra-High Capacity Residential Pool Ionization System<\/h2>\n<p data-path-to-node=\"3\" class=\"translation-block\">MineralPURE CS-300 \u0259n t\u0259l\u0259batl\u0131 hovuz m\u00fchitl\u0259ri \u00fc\u00e7\u00fcn \u0259sas m\u0259nzil t\u0259mizl\u0259m\u0259 sistemidir. Bu ultra-y\u00fcks\u0259k tutumlu vahid, b\u00f6y\u00fck m\u0259nzil hovuzlar\u0131 \u00fc\u00e7\u00fcn x\u00fcsusi haz\u0131rlanm\u0131\u015fd\u0131r v\u0259 pe\u015f\u0259kar s\u0259viyy\u0259li, duzsuz su sanitariyas\u0131 t\u0259min edir. NASA lisenziyal\u0131 texnologiyadan istifad\u0259 ed\u0259r\u0259k, CS-300 kristal t\u0259miz, sa\u011flam su t\u0259min edir v\u0259 xlor istifad\u0259sin\u0259 olan ehtiyac\u0131 \u0259h\u0259miyy\u0259tli d\u0259r\u0259c\u0259d\u0259 azald\u0131r.<\/p>\n<h3 data-path-to-node=\"4\">\u018fsas X\u00fcsusiyy\u0259tl\u0259r<\/h3>\n<ul data-path-to-node=\"5\">\n<li>\n<p data-path-to-node=\"5,0,0\" class=\"translation-block\">D\u00f6rd Elektrodlu Konfiqurasiya: \u018flav\u0259 b\u00f6y\u00fck su h\u0259cml\u0259ri \u00fc\u00e7\u00fcn maksimum mineral \u00e7\u0131x\u0131\u015f\u0131 t\u0259min etm\u0259k \u00fc\u00e7\u00fcn d\u00f6rd y\u00fcks\u0259k performansl\u0131 mis\/g\u00fcm\u00fc\u015f \u0259rinti elektrod il\u0259 t\u0259chiz edilmi\u015fdir.<\/p>\n<\/li>\n<li>\n<p data-path-to-node=\"5,1,0\" class=\"translation-block\">Maksimal Kimy\u0259vi Azaltma: Xlor t\u0259l\u0259bat\u0131n\u0131 80% v\u0259 ya daha \u00e7ox azalda bilir, \u00fczg\u00fc\u00e7\u00fcl\u0259ri d\u0259ri q\u0131c\u0131qlanmas\u0131ndan, q\u0131z\u0131l g\u00f6zl\u0259rd\u0259n v\u0259 kimy\u0259vi qoxulardan qoruyur.<\/p>\n<\/li>\n<li>\n<p data-path-to-node=\"5,2,0\" class=\"translation-block\">D\u0259qiq Mikroprosessor \u0130dar\u0259etm\u0259si: B\u00f6y\u00fck r\u0259q\u0259msal LCD ekran v\u0259 t\u0259nziml\u0259m\u0259 d\u00fcym\u0259si il\u0259 t\u0259chiz edilmi\u015fdir, hovuzun spesifik t\u0259l\u0259bl\u0259rin\u0259 uy\u011fun ionla\u015fma s\u0259viyy\u0259l\u0259rini inc\u0259 t\u0259nziml\u0259m\u0259y\u0259 imkan verir.<\/p>\n<\/li>\n<li>\n<p data-path-to-node=\"5,3,0\" class=\"translation-block\">NASA Lisenziyal\u0131 T\u0259mizl\u0259m\u0259: T\u0259hl\u00fck\u0259siz, t\u0259mizl\u0259nmi\u015f su t\u0259min etm\u0259k \u00fc\u00e7\u00fcn NASA t\u0259r\u0259find\u0259n istifad\u0259 olunan eyni qabaqc\u0131l ionla\u015fma prinsipl\u0259rind\u0259n istifad\u0259 edir.<\/p>\n<\/li>\n<li>\n<p data-path-to-node=\"5,4,0\" class=\"translation-block\">NSF Sertifikatl\u0131 v\u0259 AB\u015e-da \u0130stehsal Olunub: Tamamil\u0259 NSF t\u0259r\u0259find\u0259n t\u0259sdiql\u0259nmi\u015f v\u0259 Clear Water Enviro Technologies t\u0259r\u0259find\u0259n AB\u015e-da istehsal edilmi\u015fdir, keyfiyy\u0259t v\u0259 t\u0259hl\u00fck\u0259sizlik t\u0259min edilir.<\/p>\n<\/li>\n<\/ul>","protected":false},"excerpt":{"rendered":"<table data-path-to-node=\"7\">\n<thead>\n<tr>\n<td><strong>X\u00fcsusiyy\u0259t<\/strong><\/td>\n<td><strong>Detallar<\/strong><\/td>\n<\/tr>\n<\/thead>\n<tbody>\n<tr>\n<td><span data-path-to-node=\"7,1,0,0\"><b data-path-to-node=\"7,1,0,0\" data-index-in-node=\"0\">Model<\/b><\/span><\/td>\n<td><span data-path-to-node=\"7,1,1,0\">MineralPURE CS-300<\/span><\/td>\n<\/tr>\n<tr>\n<td><span data-path-to-node=\"7,2,0,0\"><b data-path-to-node=\"7,2,0,0\" data-index-in-node=\"0\">T\u0259mizl\u0259m\u0259 \u00fcsulu<\/b><\/span><\/td>\n<td><span data-path-to-node=\"7,2,1,0\">Mis\/G\u00fcm\u00fc\u015f ionla\u015fmas\u0131<\/span><\/td>\n<\/tr>\n<tr>\n<td><span data-path-to-node=\"7,3,0,0\"><b data-path-to-node=\"7,3,0,0\" data-index-in-node=\"0\">T\u0259tbiq<\/b><\/span><\/td>\n<td><span data-path-to-node=\"7,3,1,0\">B\u00f6y\u00fckd\u0259n \u018flav\u0259 B\u00f6y\u00fck\u0259 q\u0259d\u0259r M\u0259nzil Hovuzlar\u0131<\/span><\/td>\n<\/tr>\n<tr>\n<td><span data-path-to-node=\"7,4,0,0\"><b data-path-to-node=\"7,4,0,0\" data-index-in-node=\"0\">Elektrod Sistemi<\/b><\/span><\/td>\n<td><span data-path-to-node=\"7,4,1,0\">D\u00f6rd (4) Uzun\u00f6m\u00fcrl\u00fc Elektrod<\/span><\/td>\n<\/tr>\n<tr>\n<td><span data-path-to-node=\"7,5,0,0\"><b data-path-to-node=\"7,5,0,0\" data-index-in-node=\"0\">Sertifikatlar<\/b><\/span><\/td>\n<td><span data-path-to-node=\"7,5,1,0\">NSF t\u0259r\u0259find\u0259n t\u0259sdiql\u0259nmi\u015f, NASA texnologiya lisenziyas\u0131<\/span><\/td>\n<\/tr>\n<\/tbody>\n<\/table>\n<h3 data-path-to-node=\"8\"><\/h3>","protected":false},"featured_media":1081,"template":"","meta":[],"product_brand":[],"product_cat":[205,206],"product_tag":[],"class_list":{"0":"post-1080","1":"product","2":"type-product","3":"status-publish","4":"has-post-thumbnail","6":"product_cat-residential","7":"product_cat-swimming-pools","9":"first","10":"instock","11":"shipping-taxable","12":"product-type-simple"},"_links":{"self":[{"href":"https:\/\/chs.az\/az\/wp-json\/wp\/v2\/product\/1080","targetHints":{"allow":["GET"]}}],"collection":[{"href":"https:\/\/chs.az\/az\/wp-json\/wp\/v2\/product"}],"about":[{"href":"https:\/\/chs.az\/az\/wp-json\/wp\/v2\/types\/product"}],"wp:featuredmedia":[{"embeddable":true,"href":"https:\/\/chs.az\/az\/wp-json\/wp\/v2\/media\/1081"}],"wp:attachment":[{"href":"https:\/\/chs.az\/az\/wp-json\/wp\/v2\/media?parent=1080"}],"wp:term":[{"taxonomy":"product_brand","embeddable":true,"href":"https:\/\/chs.az\/az\/wp-json\/wp\/v2\/product_brand?post=1080"},{"taxonomy":"product_cat","embeddable":true,"href":"https:\/\/chs.az\/az\/wp-json\/wp\/v2\/product_cat?post=1080"},{"taxonomy":"product_tag","embeddable":true,"href":"https:\/\/chs.az\/az\/wp-json\/wp\/v2\/product_tag?post=1080"}],"curies":[{"name":"wp","href":"https:\/\/api.w.org\/{rel}","templated":true}]}}