{"id":1078,"date":"2026-01-04T18:27:31","date_gmt":"2026-01-04T14:27:31","guid":{"rendered":"https:\/\/chs.az\/?post_type=product&#038;p=1078"},"modified":"2026-01-23T16:01:34","modified_gmt":"2026-01-23T12:01:34","slug":"cs-225","status":"publish","type":"product","link":"https:\/\/chs.az\/az\/product\/cs-225\/","title":{"rendered":"CS-225"},"content":{"rendered":"<h2 data-path-to-node=\"2\">MineralPURE CS-225 | High-Capacity Residential Pool Ionization System<\/h2>\n<p data-path-to-node=\"3\" class=\"translation-block\">MineralPURE CS-225 MineralPURE seriyas\u0131nda \u0259n g\u00fccl\u00fc m\u0259nzil t\u0259mizl\u0259m\u0259 sistemidir. X\u00fcsusi olaraq \u0259n y\u00fcks\u0259k s\u0259viyy\u0259d\u0259 t\u0259bii su sanitariyas\u0131 t\u0259l\u0259b ed\u0259n \u0259lav\u0259 b\u00f6y\u00fck m\u0259nzil hovuzlar\u0131 \u00fc\u00e7\u00fcn haz\u0131rlanm\u0131\u015fd\u0131r. NASA lisenziyal\u0131 mis\/g\u00fcm\u00fc\u015f ionla\u015fma texnologiyas\u0131ndan istifad\u0259 ed\u0259r\u0259k, minimal kimy\u0259vi m\u00fcdaxil\u0259 il\u0259 \u00fcst\u00fcn, duzsuz \u00fczg\u00fc\u00e7\u00fcl\u00fck t\u0259cr\u00fcb\u0259si t\u0259min edir.<\/p>\n<h3 data-path-to-node=\"4\">\u018fsas X\u00fcsusiyy\u0259tl\u0259r<\/h3>\n<ul data-path-to-node=\"5\">\n<li>\n<p data-path-to-node=\"5,0,0\" class=\"translation-block\">\u00dc\u00e7 Elektrodlu Sistem: \u00c7ox b\u00f6y\u00fck su h\u0259cml\u0259ri \u00fc\u00e7\u00fcn davaml\u0131 t\u0259mizl\u0259m\u0259 t\u0259min etm\u0259k m\u0259qs\u0259dil\u0259 \u00fc\u00e7 y\u00fcks\u0259k performansl\u0131 mineral elektrod il\u0259 t\u0259chiz edilmi\u015fdir.<\/p>\n<\/li>\n<li>\n<p data-path-to-node=\"5,1,0\" class=\"translation-block\">Ekstremal Kimy\u0259vi Azaltma: Xlor ehtiyac\u0131n\u0131 80% v\u0259 ya daha \u00e7ox azald\u0131r, kimy\u0259vi qoxular\u0131 aradan qald\u0131r\u0131r v\u0259 d\u0259ri v\u0259 g\u00f6z q\u0131c\u0131qlanmas\u0131n\u0131 azald\u0131r.<\/p>\n<\/li>\n<li>\n<p data-path-to-node=\"5,2,0\" class=\"translation-block\">D\u0259qiq R\u0259q\u0259msal \u0130zl\u0259m\u0259: B\u00f6y\u00fck LCD ekran v\u0259 asan istifad\u0259 olunan t\u0259nziml\u0259m\u0259 d\u00fcym\u0259si il\u0259 t\u0259chiz edilmi\u015fdir, hovuzunuzun spesifik t\u0259l\u0259bl\u0259rin\u0259 uy\u011fun mineral \u00e7\u0131x\u0131\u015f\u0131n\u0131 d\u0259qiq idar\u0259 etm\u0259y\u0259 imkan verir.<\/p>\n<\/li>\n<li>\n<p data-path-to-node=\"5,3,0\" class=\"translation-block\">Sertifikatl\u0131 T\u0259hl\u00fck\u0259sizlik: Sistem NSF t\u0259r\u0259find\u0259n sertifikatla\u015fd\u0131r\u0131lm\u0131\u015fd\u0131r v\u0259 NASA lisenziyal\u0131 texnoloji standartlara uy\u011fun haz\u0131rlanm\u0131\u015fd\u0131r.<\/p>\n<\/li>\n<li>\n<p data-path-to-node=\"5,4,0\" class=\"translation-block\">Davaml\u0131 Korpus: Xarici qura\u015fd\u0131rma \u00fc\u00e7\u00fcn uy\u011fun, m\u00f6hk\u0259m v\u0259 hava \u015f\u0259raitin\u0259 davaml\u0131 bir korpus il\u0259 qorunur.<\/p>\n<\/li>\n<\/ul>\n<h3 data-path-to-node=\"6\">Daxildir<\/h3>\n<ul data-path-to-node=\"7\">\n<li>\n<p data-path-to-node=\"7,0,0\" class=\"translation-block\">CS-225 \u018fsas \u0130dar\u0259etm\u0259 Bloku: D\u0259qiq ionla\u015fma \u00fc\u00e7\u00fcn r\u0259q\u0259msal mikroprosessor.<\/p>\n<\/li>\n<li>\n<p data-path-to-node=\"7,1,0\" class=\"translation-block\">\u00dc\u00e7 Mineral Elektrod: Maksimum \u0259hat\u0259 \u00fc\u00e7\u00fcn uzun\u00f6m\u00fcrl\u00fc mis\/g\u00fcm\u00fc\u015f \u0259rinti \u00e7ubuqlar.<\/p>\n<\/li>\n<li>\n<p data-path-to-node=\"7,2,0\" class=\"translation-block\">\u015e\u0259ffaf Ax\u0131n H\u00fcceyr\u0259si: Elektrod a\u015f\u0131nmas\u0131n\u0131 v\u0259 su ax\u0131n\u0131n\u0131 asanl\u0131qla izl\u0259m\u0259y\u0259 imkan verir.<\/p>\n<\/li>\n<li>\n<p data-path-to-node=\"7,3,0\" class=\"translation-block\">Ion Test D\u0259sti: Mis s\u0259viyy\u0259l\u0259rinin sanitariya \u00fc\u00e7\u00fcn ideal diapazonda qalmas\u0131n\u0131 t\u0259min ed\u0259n pe\u015f\u0259kar s\u0259viyy\u0259li d\u0259st.<\/p>\n<\/li>\n<\/ul>","protected":false},"excerpt":{"rendered":"<table data-path-to-node=\"11\">\n<thead>\n<tr>\n<td><strong>X\u00fcsusiyy\u0259t<\/strong><\/td>\n<td><strong>MineralPURE CS-75<\/strong><\/td>\n<td><strong>MineralPURE CS-150<\/strong><\/td>\n<td><strong>MineralPURE CS-225<\/strong><\/td>\n<\/tr>\n<\/thead>\n<tbody>\n<tr>\n<td><span data-path-to-node=\"11,1,0,0\"><b data-path-to-node=\"11,1,0,0\" data-index-in-node=\"0\">\u00dc\u00e7\u00fcn \u0130deal<\/b><\/span><\/td>\n<td><span data-path-to-node=\"11,1,1,0\">Ki\u00e7ikd\u0259n Orta H\u0259cimli Hovuzlar<\/span><\/td>\n<td><span data-path-to-node=\"11,1,2,0\">B\u00f6y\u00fck M\u0259nzil Hovuzlar\u0131<\/span><\/td>\n<td><span data-path-to-node=\"11,1,3,0\">\u018flav\u0259 B\u00f6y\u00fck Hovuzlar<\/span><\/td>\n<\/tr>\n<tr>\n<td><span data-path-to-node=\"11,2,0,0\"><b data-path-to-node=\"11,2,0,0\" data-index-in-node=\"0\">Elektrod Say\u0131<\/b><\/span><\/td>\n<td><span data-path-to-node=\"11,2,1,0\">Bir (1) Elektrod<\/span><\/td>\n<td><span data-path-to-node=\"11,2,2,0\">\u0130ki (2) Elektrod<\/span><\/td>\n<td><span data-path-to-node=\"11,2,3,0\">\u00dc\u00e7 (3) Elektrod<\/span><\/td>\n<\/tr>\n<tr>\n<td><span data-path-to-node=\"11,3,0,0\"><b data-path-to-node=\"11,3,0,0\" data-index-in-node=\"0\">T\u0259mizl\u0259m\u0259 Texnologiyas\u0131<\/b><\/span><\/td>\n<td><span data-path-to-node=\"11,3,1,0\">NASA Lisenziyal\u0131 Ionla\u015fma<\/span><\/td>\n<td><span data-path-to-node=\"11,3,2,0\">NASA Lisenziyal\u0131 Ionla\u015fma<\/span><\/td>\n<td><span data-path-to-node=\"11,3,3,0\">NASA Lisenziyal\u0131 Ionla\u015fma<\/span><\/td>\n<\/tr>\n<tr>\n<td><span data-path-to-node=\"11,4,0,0\"><b data-path-to-node=\"11,4,0,0\" data-index-in-node=\"0\">Xlor Azald\u0131lmas\u0131<\/b><\/span><\/td>\n<td><span data-path-to-node=\"11,4,1,0\">80%-\u0259 q\u0259d\u0259r<\/span><\/td>\n<td><span data-path-to-node=\"11,4,2,0\">80%-\u0259 q\u0259d\u0259r<\/span><\/td>\n<td><span data-path-to-node=\"11,4,3,0\">Up to 80%+<\/span><\/td>\n<\/tr>\n<tr>\n<td><span data-path-to-node=\"11,5,0,0\"><b data-path-to-node=\"11,5,0,0\" data-index-in-node=\"0\">R\u0259q\u0259msal Ekran<\/b><\/span><\/td>\n<td><span data-path-to-node=\"11,5,1,0\">Daxildir<\/span><\/td>\n<td><span data-path-to-node=\"11,5,2,0\">Daxildir<\/span><\/td>\n<td><span data-path-to-node=\"11,5,3,0\">Daxildir<\/span><\/td>\n<\/tr>\n<\/tbody>\n<\/table>\n<p>&nbsp;<\/p>","protected":false},"featured_media":1079,"template":"","meta":[],"product_brand":[],"product_cat":[205,206],"product_tag":[],"class_list":{"0":"post-1078","1":"product","2":"type-product","3":"status-publish","4":"has-post-thumbnail","6":"product_cat-residential","7":"product_cat-swimming-pools","9":"first","10":"instock","11":"shipping-taxable","12":"product-type-simple"},"_links":{"self":[{"href":"https:\/\/chs.az\/az\/wp-json\/wp\/v2\/product\/1078","targetHints":{"allow":["GET"]}}],"collection":[{"href":"https:\/\/chs.az\/az\/wp-json\/wp\/v2\/product"}],"about":[{"href":"https:\/\/chs.az\/az\/wp-json\/wp\/v2\/types\/product"}],"wp:featuredmedia":[{"embeddable":true,"href":"https:\/\/chs.az\/az\/wp-json\/wp\/v2\/media\/1079"}],"wp:attachment":[{"href":"https:\/\/chs.az\/az\/wp-json\/wp\/v2\/media?parent=1078"}],"wp:term":[{"taxonomy":"product_brand","embeddable":true,"href":"https:\/\/chs.az\/az\/wp-json\/wp\/v2\/product_brand?post=1078"},{"taxonomy":"product_cat","embeddable":true,"href":"https:\/\/chs.az\/az\/wp-json\/wp\/v2\/product_cat?post=1078"},{"taxonomy":"product_tag","embeddable":true,"href":"https:\/\/chs.az\/az\/wp-json\/wp\/v2\/product_tag?post=1078"}],"curies":[{"name":"wp","href":"https:\/\/api.w.org\/{rel}","templated":true}]}}