{"id":1076,"date":"2026-01-04T18:24:07","date_gmt":"2026-01-04T14:24:07","guid":{"rendered":"https:\/\/chs.az\/?post_type=product&#038;p=1076"},"modified":"2026-01-23T16:01:48","modified_gmt":"2026-01-23T12:01:48","slug":"cs-150","status":"publish","type":"product","link":"https:\/\/chs.az\/az\/product\/cs-150\/","title":{"rendered":"CS-150"},"content":{"rendered":"<h2 data-path-to-node=\"2\">MineralPURE CS-150 | Advanced Residential Pool Ionization System<\/h2>\n<p data-path-to-node=\"3\" class=\"translation-block\">MineralPURE CS-150 b\u00f6y\u00fck m\u0259nzil hovuzlar\u0131 \u00fc\u00e7\u00fcn n\u0259z\u0259rd\u0259 tutulmu\u015f y\u00fcks\u0259k tutumlu, ekoloji dost su t\u0259mizl\u0259m\u0259 sistemidir. NASA lisenziyal\u0131 texnologiyadan istifad\u0259 ed\u0259r\u0259k, bu sistem \u0259n\u0259n\u0259vi kimy\u0259vi sanitariyaya duzsuz alternativ t\u0259qdim edir v\u0259 d\u0259rini, g\u00f6zl\u0259ri v\u0259 sa\u00e7lar\u0131 yum\u015faq ed\u0259n kristal t\u0259miz su t\u0259min edir.<\/p>\n<h3 data-path-to-node=\"4\">\u018fsas X\u00fcsusiyy\u0259tl\u0259r<\/h3>\n<ul data-path-to-node=\"5\">\n<li>\n<p data-path-to-node=\"5,0,0\" class=\"translation-block\">\u0130ki Elektrodlu Texnologiya: Daha b\u00f6y\u00fck su h\u0259cml\u0259rini effektiv idar\u0259 etm\u0259k \u00fc\u00e7\u00fcn iki y\u00fcks\u0259k keyfiyy\u0259tli mineral elektrod daxildir.<\/p>\n<\/li>\n<li>\n<p data-path-to-node=\"5,1,0\" class=\"translation-block\">\u018fh\u0259miyy\u0259tli Kimy\u0259vi Azald\u0131lma: Xlor v\u0259 dig\u0259r s\u0259rt kimy\u0259vi madd\u0259l\u0259rin istifad\u0259sini 80%-\u0259 q\u0259d\u0259r azaltmaq \u00fc\u00e7\u00fcn haz\u0131rlanm\u0131\u015fd\u0131r v\u0259 daha t\u0259bii \u00fczg\u00fc\u00e7\u00fcl\u00fck t\u0259cr\u00fcb\u0259si t\u0259min edir.<\/p>\n<\/li>\n<li>\n<p data-path-to-node=\"5,2,0\" class=\"translation-block\">Qabaqc\u0131l R\u0259q\u0259msal \u0130nterfeys: B\u00f6y\u00fck LCD ekran v\u0259 d\u0259qiq t\u0259nziml\u0259m\u0259 d\u00fcym\u0259si il\u0259 t\u0259chiz edilmi\u015fdir, ionla\u015fma s\u0259viyy\u0259l\u0259rini asanl\u0131qla izl\u0259m\u0259y\u0259 v\u0259 t\u0259nziml\u0259m\u0259y\u0259 imkan verir.<\/p>\n<\/li>\n<li>\n<p data-path-to-node=\"5,3,0\" class=\"translation-block\">NASA Lisenziyal\u0131 Elm: T\u0259hl\u00fck\u0259siz v\u0259 t\u0259mizl\u0259nmi\u015f su t\u0259min etm\u0259k \u00fc\u00e7\u00fcn NASA t\u0259r\u0259find\u0259n ilkin olaraq haz\u0131rlanm\u0131\u015f texnologiya il\u0259 qurulub.<\/p>\n<\/li>\n<li>\n<p data-path-to-node=\"5,4,0\" class=\"translation-block\">Sertifikatl\u0131 Keyfiyy\u0259t: NSF t\u0259r\u0259find\u0259n sertifikatla\u015fd\u0131r\u0131lm\u0131\u015f v\u0259 AB\u015e-da Clear Water Enviro Technologies t\u0259r\u0259find\u0259n istehsal edilmi\u015fdir.<\/p>\n<\/li>\n<\/ul>\n<h3 data-path-to-node=\"6\">Qutuda N\u0259l\u0259r Daxildir<\/h3>\n<ul data-path-to-node=\"7\">\n<li>\n<p data-path-to-node=\"7,0,0\" class=\"translation-block\">CS-150 \u0130dar\u0259etm\u0259 Bloku: Hava \u015f\u0259raitin\u0259 davaml\u0131 r\u0259q\u0259msal idar\u0259etm\u0259 qutusu<\/p>\n<\/li>\n<li>\n<p data-path-to-node=\"7,1,0\" class=\"translation-block\">\u0130ki Mineral Elektrod: \u0130ki uzun\u00f6m\u00fcrl\u00fc mis\/g\u00fcm\u00fc\u015f \u0259rinti elektrod.<\/p>\n<\/li>\n<li>\n<p data-path-to-node=\"7,2,0\" class=\"translation-block\">Ax\u0131n H\u00fcceyr\u0259si Tee: Elektrodlar\u0131n asan vizual yoxlan\u0131\u015f\u0131 \u00fc\u00e7\u00fcn \u015f\u0259ffaf korpus.<\/p>\n<\/li>\n<li>\n<p data-path-to-node=\"7,3,0\" class=\"translation-block\">Pe\u015f\u0259kar Ion Test D\u0259sti: Hovuzunuzdak\u0131 mis ion s\u0259viyy\u0259l\u0259rini d\u0259qiq \u00f6l\u00e7m\u0259k \u00fc\u00e7\u00fcn x\u00fcsusi d\u0259st.<\/p>\n<\/li>\n<\/ul>","protected":false},"excerpt":{"rendered":"<table data-path-to-node=\"9\">\n<thead>\n<tr>\n<td><strong>X\u00fcsusiyy\u0259t<\/strong><\/td>\n<td><strong>Detallar<\/strong><\/td>\n<\/tr>\n<\/thead>\n<tbody>\n<tr>\n<td><span data-path-to-node=\"9,1,0,0\"><b data-path-to-node=\"9,1,0,0\" data-index-in-node=\"0\">Model<\/b><\/span><\/td>\n<td><span data-path-to-node=\"9,1,1,0\">MineralPURE CS-150<\/span><\/td>\n<\/tr>\n<tr>\n<td><span data-path-to-node=\"9,2,0,0\"><b data-path-to-node=\"9,2,0,0\" data-index-in-node=\"0\">T\u0259mizl\u0259m\u0259 \u00fcsulu<\/b><\/span><\/td>\n<td><span data-path-to-node=\"9,2,1,0\">Mis\/G\u00fcm\u00fc\u015f ionla\u015fmas\u0131<\/span><\/td>\n<\/tr>\n<tr>\n<td><span data-path-to-node=\"9,3,0,0\"><b data-path-to-node=\"9,3,0,0\" data-index-in-node=\"0\">Hovuz N\u00f6v\u00fc<\/b><\/span><\/td>\n<td><span data-path-to-node=\"9,3,1,0\">B\u00f6y\u00fck M\u0259nzil Hovuzlar\u0131<\/span><\/td>\n<\/tr>\n<tr>\n<td><span data-path-to-node=\"9,4,0,0\"><b data-path-to-node=\"9,4,0,0\" data-index-in-node=\"0\">\u0130dar\u0259etm\u0259 Sistemi<\/b><\/span><\/td>\n<td><span data-path-to-node=\"9,4,1,0\">Mikroprosessor t\u0259r\u0259find\u0259n idar\u0259 olunan r\u0259q\u0259msal ekran<\/span><\/td>\n<\/tr>\n<tr>\n<td><span data-path-to-node=\"9,5,0,0\"><b data-path-to-node=\"9,5,0,0\" data-index-in-node=\"0\">Sertifikatlar<\/b><\/span><\/td>\n<td><span data-path-to-node=\"9,5,1,0\">NSF t\u0259r\u0259find\u0259n t\u0259sdiql\u0259nmi\u015f, NASA texnologiya lisenziyas\u0131<\/span><\/td>\n<\/tr>\n<\/tbody>\n<\/table>\n<p>&nbsp;<\/p>","protected":false},"featured_media":1077,"template":"","meta":[],"product_brand":[],"product_cat":[205,206],"product_tag":[],"class_list":{"0":"post-1076","1":"product","2":"type-product","3":"status-publish","4":"has-post-thumbnail","6":"product_cat-residential","7":"product_cat-swimming-pools","9":"first","10":"instock","11":"shipping-taxable","12":"product-type-simple"},"_links":{"self":[{"href":"https:\/\/chs.az\/az\/wp-json\/wp\/v2\/product\/1076","targetHints":{"allow":["GET"]}}],"collection":[{"href":"https:\/\/chs.az\/az\/wp-json\/wp\/v2\/product"}],"about":[{"href":"https:\/\/chs.az\/az\/wp-json\/wp\/v2\/types\/product"}],"wp:featuredmedia":[{"embeddable":true,"href":"https:\/\/chs.az\/az\/wp-json\/wp\/v2\/media\/1077"}],"wp:attachment":[{"href":"https:\/\/chs.az\/az\/wp-json\/wp\/v2\/media?parent=1076"}],"wp:term":[{"taxonomy":"product_brand","embeddable":true,"href":"https:\/\/chs.az\/az\/wp-json\/wp\/v2\/product_brand?post=1076"},{"taxonomy":"product_cat","embeddable":true,"href":"https:\/\/chs.az\/az\/wp-json\/wp\/v2\/product_cat?post=1076"},{"taxonomy":"product_tag","embeddable":true,"href":"https:\/\/chs.az\/az\/wp-json\/wp\/v2\/product_tag?post=1076"}],"curies":[{"name":"wp","href":"https:\/\/api.w.org\/{rel}","templated":true}]}}