{"id":1074,"date":"2026-01-04T18:07:05","date_gmt":"2026-01-04T14:07:05","guid":{"rendered":"https:\/\/chs.az\/?post_type=product&#038;p=1074"},"modified":"2026-01-23T16:02:05","modified_gmt":"2026-01-23T12:02:05","slug":"cs-75","status":"publish","type":"product","link":"https:\/\/chs.az\/az\/product\/cs-75\/","title":{"rendered":"CS-75"},"content":{"rendered":"<h2 data-path-to-node=\"2\">Clearwater Pool Systems | MineralPURE CS-75 Ionization System<\/h2>\n<p data-path-to-node=\"3\" class=\"translation-block\">MineralPURE CS-75 x\u00fcsusi olaraq hovuzlar \u00fc\u00e7\u00fcn n\u0259z\u0259rd\u0259 tutulmu\u015f y\u00fcks\u0259k texnologiyal\u0131, duzsuz h\u0259lldir. NASA lisenziyal\u0131 texnologiyadan istifad\u0259 ed\u0259r\u0259k, bu sistem suya idar\u0259 olunan miqdarda mis v\u0259 g\u00fcm\u00fc\u015f ionlar\u0131 burax\u0131r, t\u0259bii t\u0259mizl\u0259m\u0259 t\u0259min edir v\u0259 xlor v\u0259 dig\u0259r s\u0259rt kimy\u0259vi madd\u0259l\u0259r\u0259 olan ehtiyac\u0131 \u0259h\u0259miyy\u0259tli d\u0259r\u0259c\u0259d\u0259 azald\u0131r.<\/p>\n<h3 data-path-to-node=\"4\">\u018fsas X\u00fcsusiyy\u0259tl\u0259r<\/h3>\n<ul data-path-to-node=\"5\">\n<li>\n<p data-path-to-node=\"5,0,0\" class=\"translation-block\">T\u0259bii T\u0259mizl\u0259m\u0259: Alg v\u0259 bakteriyalar\u0131 \u00f6ld\u00fcrm\u0259k \u00fc\u00e7\u00fcn mis\/g\u00fcm\u00fc\u015f ionla\u015fmas\u0131ndan istifad\u0259 edir, ail\u0259niz \u00fc\u00e7\u00fcn daha sa\u011flam \u00fczg\u00fc\u00e7\u00fcl\u00fck m\u00fchiti t\u0259min edir.<\/p>\n<\/li>\n<li>\n<p data-path-to-node=\"5,1,0\" class=\"translation-block\">NASA \u0130lhaml\u0131 Texnologiya: Premium su keyfiyy\u0259tini t\u0259min etm\u0259k \u00fc\u00e7\u00fcn NASA vasit\u0259sil\u0259 lisenziyal\u0131 qabaqc\u0131l texnologiya \u0259sas\u0131nda haz\u0131rlanm\u0131\u015fd\u0131r.<\/p>\n<\/li>\n<li>\n<p data-path-to-node=\"5,2,0\" class=\"translation-block\">R\u0259q\u0259msal \u0130dar\u0259etm\u0259 Paneli: Hovuzunuzun ionla\u015fma s\u0259viyy\u0259l\u0259rini d\u0259qiq idar\u0259 etm\u0259k \u00fc\u00e7\u00fcn ayd\u0131n LCD ekran v\u0259 istifad\u0259si asan t\u0259nziml\u0259m\u0259 d\u00fcym\u0259si il\u0259 t\u0259chiz edilmi\u015fdir.<\/p>\n<\/li>\n<li>\n<p data-path-to-node=\"5,3,0\" class=\"translation-block\">Tam D\u0259st Daxildir: Su\u011funuzun mineral s\u0259viyy\u0259l\u0259rini izl\u0259m\u0259k \u00fc\u00e7\u00fcn uzun\u00f6m\u00fcrl\u00fc elektrod h\u00fcceyr\u0259si v\u0259 pe\u015f\u0259kar s\u0259viyy\u0259li Ion Test D\u0259sti il\u0259 birlikd\u0259 g\u0259lir.<\/p>\n<\/li>\n<li>\n<p data-path-to-node=\"5,4,0\" class=\"translation-block\">NSF Sertifikatl\u0131: M\u0259nzil hovuzlar\u0131 \u00fc\u00e7\u00fcn ciddi t\u0259hl\u00fck\u0259sizlik v\u0259 performans standartlar\u0131na cavab ver\u0259c\u0259k \u015f\u0259kild\u0259 istehsal edilmi\u015fdir.<\/p>\n<\/li>\n<\/ul>","protected":false},"excerpt":{"rendered":"<table data-path-to-node=\"7\">\n<thead>\n<tr>\n<td><strong>X\u00fcsusiyy\u0259t<\/strong><\/td>\n<td><strong>Detallar<\/strong><\/td>\n<\/tr>\n<\/thead>\n<tbody>\n<tr>\n<td><span data-path-to-node=\"7,1,0,0\"><b data-path-to-node=\"7,1,0,0\" data-index-in-node=\"0\">Model<\/b><\/span><\/td>\n<td><span data-path-to-node=\"7,1,1,0\">MineralPURE CS-75<\/span><\/td>\n<\/tr>\n<tr>\n<td><span data-path-to-node=\"7,2,0,0\"><b data-path-to-node=\"7,2,0,0\" data-index-in-node=\"0\">T\u0259tbiq<\/b><\/span><\/td>\n<td><span data-path-to-node=\"7,2,1,0\">M\u0259nzil Hovuzlar\u0131<\/span><\/td>\n<\/tr>\n<tr>\n<td><span data-path-to-node=\"7,3,0,0\"><b data-path-to-node=\"7,3,0,0\" data-index-in-node=\"0\">T\u0259mizl\u0259m\u0259 \u00fcsulu<\/b><\/span><\/td>\n<td><span data-path-to-node=\"7,3,1,0\">Mis\/G\u00fcm\u00fc\u015f ionla\u015fmas\u0131<\/span><\/td>\n<\/tr>\n<tr>\n<td><span data-path-to-node=\"7,4,0,0\"><b data-path-to-node=\"7,4,0,0\" data-index-in-node=\"0\">Sertifikatlar<\/b><\/span><\/td>\n<td><span data-path-to-node=\"7,4,1,0\">NSF t\u0259r\u0259find\u0259n t\u0259sdiql\u0259nmi\u015f v\u0259 NASA lisenziyal\u0131 texnologiya<\/span><\/td>\n<\/tr>\n<tr>\n<td><span data-path-to-node=\"7,5,0,0\"><b data-path-to-node=\"7,5,0,0\" data-index-in-node=\"0\">\u0130stehsal Yeri<\/b><\/span><\/td>\n<td><span data-path-to-node=\"7,5,1,0\">AB\u015e-da Clear Water Enviro Technologies t\u0259r\u0259find\u0259n istehsal edilmi\u015fdir<\/span><\/td>\n<\/tr>\n<\/tbody>\n<\/table>\n<p>&nbsp;<\/p>","protected":false},"featured_media":1075,"template":"","meta":[],"product_brand":[],"product_cat":[205,206],"product_tag":[],"class_list":{"0":"post-1074","1":"product","2":"type-product","3":"status-publish","4":"has-post-thumbnail","6":"product_cat-residential","7":"product_cat-swimming-pools","9":"first","10":"instock","11":"shipping-taxable","12":"product-type-simple"},"_links":{"self":[{"href":"https:\/\/chs.az\/az\/wp-json\/wp\/v2\/product\/1074","targetHints":{"allow":["GET"]}}],"collection":[{"href":"https:\/\/chs.az\/az\/wp-json\/wp\/v2\/product"}],"about":[{"href":"https:\/\/chs.az\/az\/wp-json\/wp\/v2\/types\/product"}],"wp:featuredmedia":[{"embeddable":true,"href":"https:\/\/chs.az\/az\/wp-json\/wp\/v2\/media\/1075"}],"wp:attachment":[{"href":"https:\/\/chs.az\/az\/wp-json\/wp\/v2\/media?parent=1074"}],"wp:term":[{"taxonomy":"product_brand","embeddable":true,"href":"https:\/\/chs.az\/az\/wp-json\/wp\/v2\/product_brand?post=1074"},{"taxonomy":"product_cat","embeddable":true,"href":"https:\/\/chs.az\/az\/wp-json\/wp\/v2\/product_cat?post=1074"},{"taxonomy":"product_tag","embeddable":true,"href":"https:\/\/chs.az\/az\/wp-json\/wp\/v2\/product_tag?post=1074"}],"curies":[{"name":"wp","href":"https:\/\/api.w.org\/{rel}","templated":true}]}}