{"id":1072,"date":"2026-01-04T17:37:32","date_gmt":"2026-01-04T13:37:32","guid":{"rendered":"https:\/\/chs.az\/?post_type=product&#038;p=1072"},"modified":"2026-01-23T15:57:30","modified_gmt":"2026-01-23T11:57:30","slug":"sb-75","status":"publish","type":"product","link":"https:\/\/chs.az\/az\/product\/sb-75\/","title":{"rendered":"SB-75"},"content":{"rendered":"<h2 data-path-to-node=\"2\">ScaleBlaster SB-Elite | Premium Salt-Free Water Conditioner<\/h2>\n<p data-path-to-node=\"3\" class=\"translation-block\">SB-Elite orta v\u0259 b\u00f6y\u00fck m\u0259nzil evl\u0259ri \u00fc\u00e7\u00fcn n\u0259z\u0259rd\u0259 tutulmu\u015f qabaqc\u0131l elektron yum\u015fald\u0131c\u0131d\u0131r. Duz v\u0259 kimy\u0259vi madd\u0259l\u0259r istifad\u0259 etm\u0259d\u0259n s\u0259rt suyu idar\u0259 etm\u0259k \u00fc\u00e7\u00fcn m\u00fcr\u0259kk\u0259b siqnal texnologiyas\u0131ndan istifad\u0259 ed\u0259r\u0259k \u0259n\u0259n\u0259vi su yum\u015fald\u0131c\u0131lar\u0131na g\u00fccl\u00fc, ekoloji dost alternativ t\u0259qdim edir.<\/p>\n<h3 data-path-to-node=\"4\">\u018fsas X\u00fcsusiyy\u0259tl\u0259r<\/h3>\n<ul data-path-to-node=\"5\">\n<li>\n<p data-path-to-node=\"5,0,0\" class=\"translation-block\">Vizual Status Monitoru: Sisteminizin suyu aktiv \u015f\u0259kild\u0259 emal etdiyini vizual \u015f\u0259kild\u0259 t\u0259sdiql\u0259y\u0259n x\u00fcsusi \u201cSkan Frekanslar\u0131\u201d s\u00fctununa malikdir.<\/p>\n<\/li>\n<li>\n<p data-path-to-node=\"5,1,0\" class=\"translation-block\">Duzsuz H\u0259ll: A\u011f\u0131r duz torbalar\u0131na v\u0259 ya duzlu su ax\u0131n\u0131na ehtiyac olmadan s\u0259rt suyu idar\u0259 etm\u0259k \u00fc\u00e7\u00fcn sa\u011flam, bax\u0131ms\u0131z bir \u00fcsul t\u0259min edir.<\/p>\n<\/li>\n<li>\n<p data-path-to-node=\"5,2,0\" class=\"translation-block\">Tam Kire\u00e7 \u0130dar\u0259etm\u0259si: Borular\u0131n\u0131zdak\u0131 m\u00f6vcud kireci h\u0259ll etm\u0259k v\u0259 cihazlarda v\u0259 isitm\u0259 elementl\u0259rind\u0259 yeni mineral y\u0131\u011f\u0131lmalar\u0131n yaranmas\u0131n\u0131n qar\u015f\u0131s\u0131n\u0131 almaq \u00fc\u00e7\u00fcn haz\u0131rlanm\u0131\u015fd\u0131r.<\/p>\n<\/li>\n<li>\n<p data-path-to-node=\"5,3,0\" class=\"translation-block\">Davaml\u0131 Dizayn: Uzunm\u00fcdd\u0259tli etibarl\u0131l\u0131q v\u0259 performans \u00fc\u00e7\u00fcn n\u0259z\u0259rd\u0259 tutulmu\u015f m\u00f6hk\u0259m, ventilyasiya olunan korpusda yerl\u0259\u015fdirilmi\u015fdir.<\/p>\n<\/li>\n<\/ul>\n<hr data-path-to-node=\"6\" \/>\n<h2 data-path-to-node=\"7\">ScaleBlaster SB-75 | Compact Salt-Free Water Conditioner<\/h2>\n<p data-path-to-node=\"8\" class=\"translation-block\">SB-75 ki\u00e7ik v\u0259 orta \u00f6l\u00e7\u00fcl\u00fc evl\u0259r v\u0259 m\u0259nzill\u0259r \u00fc\u00e7\u00fcn ideal ba\u015flan\u011f\u0131c h\u0259llidir. Bu kompakt, lakin effektiv vahid, b\u00f6y\u00fck modell\u0259rd\u0259ki eyni \u0259sas duzsuz texnologiyan\u0131 t\u0259qdim edir, borular\u0131n\u0131z\u0131n t\u0259miz qalmas\u0131n\u0131 v\u0259 cihazlar\u0131n\u0131z\u0131n s\u0259m\u0259r\u0259li i\u015fl\u0259m\u0259sini t\u0259min edir.<\/p>\n<h3 data-path-to-node=\"9\">\u018fsas X\u00fcsusiyy\u0259tl\u0259r<\/h3>\n<ul data-path-to-node=\"10\">\n<li>\n<p data-path-to-node=\"10,0,0\" class=\"translation-block\">Yer Q\u0259na\u0259t ed\u0259n Dizayn: \u018fsas su giri\u015fi yax\u0131nl\u0131\u011f\u0131ndak\u0131 dar qura\u015fd\u0131rma sah\u0259l\u0259rin\u0259 asanl\u0131qla yerl\u0259\u015f\u0259n kompakt \u00f6l\u00e7\u00fc.<\/p>\n<\/li>\n<li>\n<p data-path-to-node=\"10,1,0\" class=\"translation-block\">Ekoloji Dost Texnologiya: S\u0259rt suya duzsuz h\u0259ll, h\u0259m \u0259traf m\u00fchit, h\u0259m d\u0259 ail\u0259nizin sa\u011flaml\u0131\u011f\u0131 \u00fc\u00e7\u00fcn t\u0259hl\u00fck\u0259sizdir.<\/p>\n<\/li>\n<li>\n<p data-path-to-node=\"10,2,0\" class=\"translation-block\">Asan \u00d6z\u00fcn Qura\u015fd\u0131rma: Boru i\u015fin\u0259 v\u0259 ya k\u0259silm\u0259sin\u0259 ehtiyac yoxdur; siqnal kabeli sad\u0259c\u0259 m\u00f6vcud borunuzun \u0259traf\u0131na sar\u0131l\u0131r.<\/p>\n<\/li>\n<li>\n<p data-path-to-node=\"10,3,0\" class=\"translation-block\">\u0130\u015fl\u0259m\u0259 Ekran\u0131: Vahidin d\u00fczg\u00fcn i\u015fl\u0259diyini g\u00f6st\u0259rm\u0259k \u00fc\u00e7\u00fcn \u201cSkan Frekanslar\u0131\u201d g\u00f6st\u0259rici i\u015f\u0131\u011f\u0131 daxildir.<\/p>\n<\/li>\n<\/ul>","protected":false},"excerpt":{"rendered":"<pre data-path-to-node=\"12\"><\/pre>\n<table data-path-to-node=\"13\">\n<thead>\n<tr>\n<td><strong>X\u00fcsusiyy\u0259t<\/strong><\/td>\n<td><strong>SB-Elite<\/strong><\/td>\n<td><strong>SB-75<\/strong><\/td>\n<\/tr>\n<\/thead>\n<tbody>\n<tr>\n<td><span data-path-to-node=\"13,1,0,0\"><b data-path-to-node=\"13,1,0,0\" data-index-in-node=\"0\">\u018fn Uy\u011fun<\/b><\/span><\/td>\n<td><span data-path-to-node=\"13,1,1,0\">Orta v\u0259 B\u00f6y\u00fck Evl\u0259r<\/span><\/td>\n<td><span data-path-to-node=\"13,1,2,0\">Ki\u00e7ik Evl\u0259r \/ M\u0259nzill\u0259r<\/span><\/td>\n<\/tr>\n<tr>\n<td><span data-path-to-node=\"13,2,0,0\"><b data-path-to-node=\"13,2,0,0\" data-index-in-node=\"0\">Texniki xidm\u0259t<\/b><\/span><\/td>\n<td><span data-path-to-node=\"13,2,1,0\">Yox (Duzsuz)<\/span><\/td>\n<td><span data-path-to-node=\"13,2,2,0\">Yox (Duzsuz)<\/span><\/td>\n<\/tr>\n<tr>\n<td><span data-path-to-node=\"13,3,0,0\"><b data-path-to-node=\"13,3,0,0\" data-index-in-node=\"0\">Qura\u015fd\u0131r\u0131lma<\/b><\/span><\/td>\n<td><span data-path-to-node=\"13,3,1,0\">\u00d6z\u00fcn Et Qaplama<\/span><\/td>\n<td><span data-path-to-node=\"13,3,2,0\">\u00d6z\u00fcn Et Qaplama<\/span><\/td>\n<\/tr>\n<tr>\n<td><span data-path-to-node=\"13,4,0,0\"><b data-path-to-node=\"13,4,0,0\" data-index-in-node=\"0\">Ekran<\/b><\/span><\/td>\n<td><span data-path-to-node=\"13,4,1,0\">Tezlik S\u00fctun Qrafiki<\/span><\/td>\n<td><span data-path-to-node=\"13,4,2,0\">Tezlik G\u00f6st\u0259ricisi<\/span><\/td>\n<\/tr>\n<tr>\n<td><span data-path-to-node=\"13,5,0,0\"><b data-path-to-node=\"13,5,0,0\" data-index-in-node=\"0\">\u0130stehsal Yeri<\/b><\/span><\/td>\n<td><span data-path-to-node=\"13,5,1,0\">AB\u015e-da istehsal olunub<\/span><\/td>\n<td><span data-path-to-node=\"13,5,2,0\">AB\u015e-da istehsal olunub<\/span><\/td>\n<\/tr>\n<\/tbody>\n<\/table>\n<p>&nbsp;<\/p>","protected":false},"featured_media":1073,"template":"","meta":[],"product_brand":[],"product_cat":[208,205],"product_tag":[],"class_list":{"0":"post-1072","1":"product","2":"type-product","3":"status-publish","4":"has-post-thumbnail","6":"product_cat-general","7":"product_cat-residential","9":"first","10":"instock","11":"shipping-taxable","12":"product-type-simple"},"_links":{"self":[{"href":"https:\/\/chs.az\/az\/wp-json\/wp\/v2\/product\/1072","targetHints":{"allow":["GET"]}}],"collection":[{"href":"https:\/\/chs.az\/az\/wp-json\/wp\/v2\/product"}],"about":[{"href":"https:\/\/chs.az\/az\/wp-json\/wp\/v2\/types\/product"}],"wp:featuredmedia":[{"embeddable":true,"href":"https:\/\/chs.az\/az\/wp-json\/wp\/v2\/media\/1073"}],"wp:attachment":[{"href":"https:\/\/chs.az\/az\/wp-json\/wp\/v2\/media?parent=1072"}],"wp:term":[{"taxonomy":"product_brand","embeddable":true,"href":"https:\/\/chs.az\/az\/wp-json\/wp\/v2\/product_brand?post=1072"},{"taxonomy":"product_cat","embeddable":true,"href":"https:\/\/chs.az\/az\/wp-json\/wp\/v2\/product_cat?post=1072"},{"taxonomy":"product_tag","embeddable":true,"href":"https:\/\/chs.az\/az\/wp-json\/wp\/v2\/product_tag?post=1072"}],"curies":[{"name":"wp","href":"https:\/\/api.w.org\/{rel}","templated":true}]}}