{"id":1070,"date":"2026-01-04T17:23:51","date_gmt":"2026-01-04T13:23:51","guid":{"rendered":"https:\/\/chs.az\/?post_type=product&#038;p=1070"},"modified":"2026-01-23T15:58:02","modified_gmt":"2026-01-23T11:58:02","slug":"sb-elite","status":"publish","type":"product","link":"https:\/\/chs.az\/az\/product\/sb-elite\/","title":{"rendered":"SB-Elite"},"content":{"rendered":"<h2 data-path-to-node=\"2\">ScaleBlaster SB-Elite | Advanced Salt-Free Electronic Water Conditioner<\/h2>\n<p data-path-to-node=\"3\" class=\"translation-block\">ScaleBlaster SB-Elite premium, ekoloji dost bir h\u0259ll t\u0259qdim edir v\u0259 s\u0259rt su probleml\u0259rini duz, kimy\u0259vi madd\u0259l\u0259r v\u0259 ya t\u0259mir il\u0259 m\u0259\u015f\u011ful olmadan h\u0259ll etm\u0259k \u00fc\u00e7\u00fcn n\u0259z\u0259rd\u0259 tutulub. Bu qabaqc\u0131l model, b\u00fct\u00fcn su boru sisteminizi qoruyan v\u0259 qura\u015fd\u0131rmas\u0131 olduqca asan olan y\u00fcks\u0259k performansl\u0131 bir sistem ist\u0259y\u0259n ev sahibl\u0259ri \u00fc\u00e7\u00fcn haz\u0131rlanm\u0131\u015fd\u0131r.<\/p>\n<h3 data-path-to-node=\"4\">\u018fsas X\u00fcsusiyy\u0259tl\u0259r<\/h3>\n<ul data-path-to-node=\"5\">\n<li>\n<p data-path-to-node=\"5,0,0\" class=\"translation-block\">Duzsuz v\u0259 Kimy\u0259visiz: Suyun keyfiyy\u0259tind\u0259n faydalan\u0131n, qidalanman\u0131za natrium \u0259lav\u0259 etm\u0259d\u0259n v\u0259 duzlu suyu \u0259traf m\u00fchit\u0259 buraxmadan.<\/p>\n<\/li>\n<li>\n<p data-path-to-node=\"5,1,0\" class=\"translation-block\">Qabaqc\u0131l Frekans Skanlamas\u0131: Sisteminizin suyu real vaxtda aktiv \u015f\u0259kild\u0259 emal etdiyini g\u00f6st\u0259rm\u0259k \u00fc\u00e7\u00fcn dinamik \u201cSkan Frekanslar\u0131\u201d g\u00f6st\u0259ricisin\u0259 malikdir.<\/p>\n<\/li>\n<li>\n<p data-path-to-node=\"5,2,0\" class=\"translation-block\">Kapsaml\u0131 Kire\u00e7 \u0130dar\u0259etm\u0259si: Borularda m\u00f6vcud kire\u00e7 y\u0131\u011f\u0131lmalar\u0131n\u0131 effektiv \u015f\u0259kild\u0259 aradan qald\u0131r\u0131r v\u0259 cihazlarda v\u0259 isitm\u0259 elementl\u0259rind\u0259 yeni mineral y\u0131\u011f\u0131lmalar\u0131n \u0259m\u0259l\u0259 g\u0259lm\u0259sinin qar\u015f\u0131s\u0131n\u0131 al\u0131r.<\/p>\n<\/li>\n<li>\n<p data-path-to-node=\"5,3,0\" class=\"translation-block\">Cihazlar\u0131n Qorunmas\u0131: Kalsium korroziyas\u0131 qar\u015f\u0131s\u0131n\u0131 alaraq, qabyuyan ma\u015f\u0131n, paltaryuyan ma\u015f\u0131n v\u0259 su q\u0131zd\u0131r\u0131c\u0131n\u0131z\u0131n \u00f6mr\u00fcn\u00fc uzad\u0131r.<\/p>\n<\/li>\n<li>\n<p data-path-to-node=\"5,4,0\" class=\"translation-block\">Kompakt v\u0259 Davaml\u0131 Dizayn: AB\u015e-da Clear Water Enviro Technologies t\u0259r\u0259find\u0259n istehsal edilmi\u015f, z\u0259rif v\u0259 yer\u0259 q\u0259na\u0259t ed\u0259n vahid.<\/p>\n<\/li>\n<\/ul>\n<h3 data-path-to-node=\"6\">Niy\u0259 SB-Elite Se\u00e7m\u0259lisiniz?<\/h3>\n<p data-path-to-node=\"7\">SB-Elite m\u00fcr\u0259kk\u0259b elektron d\u00f6vr\u0259 texnologiyas\u0131ndan istifad\u0259 ed\u0259r\u0259k dal\u011fa siqnal\u0131 yarad\u0131r v\u0259 kalsium kristallar\u0131n\u0131n fiziki xass\u0259l\u0259rini d\u0259yi\u015fir. Mineral madd\u0259l\u0259r s\u0259rt kire\u00e7 kimi s\u0259thl\u0259r\u0259 yap\u0131\u015fmaq \u0259v\u0259zin\u0259 sudak\u0131 v\u0259ziyy\u0259tini saxlay\u0131r v\u0259 sad\u0259c\u0259 yuyularaq gedir. Bu model orta v\u0259 y\u00fcks\u0259k s\u0259rtlikd\u0259 su olan m\u0259nzil m\u00fchitl\u0259ri \u00fc\u00e7\u00fcn x\u00fcsusi olaraq optimalla\u015fd\u0131r\u0131lm\u0131\u015fd\u0131r.<\/p>","protected":false},"excerpt":{"rendered":"<table data-path-to-node=\"9\">\n<thead>\n<tr>\n<td><strong>X\u00fcsusiyy\u0259t<\/strong><\/td>\n<td><strong>Detallar<\/strong><\/td>\n<\/tr>\n<\/thead>\n<tbody>\n<tr>\n<td><span data-path-to-node=\"9,1,0,0\"><b data-path-to-node=\"9,1,0,0\" data-index-in-node=\"0\">Model<\/b><\/span><\/td>\n<td><span data-path-to-node=\"9,1,1,0\">SB-Elite<\/span><\/td>\n<\/tr>\n<tr>\n<td><span data-path-to-node=\"9,2,0,0\"><b data-path-to-node=\"9,2,0,0\" data-index-in-node=\"0\">Texnologiya<\/b><\/span><\/td>\n<td><span data-path-to-node=\"9,2,1,0\">Rezident Frekansl\u0131 Kire\u00e7 Y\u0131\u011f\u0131lmas\u0131n\u0131n Qar\u015f\u0131s\u0131n\u0131n Al\u0131nmas\u0131<\/span><\/td>\n<\/tr>\n<tr>\n<td><span data-path-to-node=\"9,3,0,0\"><b data-path-to-node=\"9,3,0,0\" data-index-in-node=\"0\">Qura\u015fd\u0131r\u0131lma<\/b><\/span><\/td>\n<td><span data-path-to-node=\"9,3,1,0\">Qeyri-invaziv (borunun \u0259traf\u0131na sar\u0131l\u0131r)<\/span><\/td>\n<\/tr>\n<tr>\n<td><span data-path-to-node=\"9,4,0,0\"><b data-path-to-node=\"9,4,0,0\" data-index-in-node=\"0\">Texniki xidm\u0259t<\/b><\/span><\/td>\n<td><span data-path-to-node=\"9,4,1,0\">S\u0131f\u0131r (filtr v\u0259 duz t\u0259l\u0259b olunmur)<\/span><\/td>\n<\/tr>\n<tr>\n<td><span data-path-to-node=\"9,5,0,0\"><b data-path-to-node=\"9,5,0,0\" data-index-in-node=\"0\">G\u00fcc<\/b><\/span><\/td>\n<td><span data-path-to-node=\"9,5,1,0\">Enerjiy\u0259 q\u0259na\u0259t ed\u0259n, UL sertifikatl\u0131 enerji t\u0259chizat\u0131<\/span><\/td>\n<\/tr>\n<tr>\n<td><span data-path-to-node=\"9,6,0,0\"><b data-path-to-node=\"9,6,0,0\" data-index-in-node=\"0\">\u0130stehsal Yeri<\/b><\/span><\/td>\n<td><span data-path-to-node=\"9,6,1,0\">AB\u015e-da dizayn edilmi\u015f, m\u00fch\u0259ndislik olunmu\u015f v\u0259 y\u0131\u011f\u0131lm\u0131\u015fd\u0131r<\/span><\/td>\n<\/tr>\n<\/tbody>\n<\/table>\n<p>&nbsp;<\/p>","protected":false},"featured_media":1071,"template":"","meta":[],"product_brand":[],"product_cat":[208,205],"product_tag":[],"class_list":{"0":"post-1070","1":"product","2":"type-product","3":"status-publish","4":"has-post-thumbnail","6":"product_cat-general","7":"product_cat-residential","9":"first","10":"instock","11":"shipping-taxable","12":"product-type-simple"},"_links":{"self":[{"href":"https:\/\/chs.az\/az\/wp-json\/wp\/v2\/product\/1070","targetHints":{"allow":["GET"]}}],"collection":[{"href":"https:\/\/chs.az\/az\/wp-json\/wp\/v2\/product"}],"about":[{"href":"https:\/\/chs.az\/az\/wp-json\/wp\/v2\/types\/product"}],"wp:featuredmedia":[{"embeddable":true,"href":"https:\/\/chs.az\/az\/wp-json\/wp\/v2\/media\/1071"}],"wp:attachment":[{"href":"https:\/\/chs.az\/az\/wp-json\/wp\/v2\/media?parent=1070"}],"wp:term":[{"taxonomy":"product_brand","embeddable":true,"href":"https:\/\/chs.az\/az\/wp-json\/wp\/v2\/product_brand?post=1070"},{"taxonomy":"product_cat","embeddable":true,"href":"https:\/\/chs.az\/az\/wp-json\/wp\/v2\/product_cat?post=1070"},{"taxonomy":"product_tag","embeddable":true,"href":"https:\/\/chs.az\/az\/wp-json\/wp\/v2\/product_tag?post=1070"}],"curies":[{"name":"wp","href":"https:\/\/api.w.org\/{rel}","templated":true}]}}