{"id":1067,"date":"2026-01-04T16:53:03","date_gmt":"2026-01-04T12:53:03","guid":{"rendered":"https:\/\/chs.az\/?post_type=product&#038;p=1067"},"modified":"2026-01-23T15:58:27","modified_gmt":"2026-01-23T11:58:27","slug":"sb-max","status":"publish","type":"product","link":"https:\/\/chs.az\/az\/product\/sb-max\/","title":{"rendered":"SB-MAX"},"content":{"rendered":"<h2 data-path-to-node=\"2\">ScaleBlaster SB-MAX Pro Series | Salt-Free Electronic Water Conditioner<\/h2>\n<p data-path-to-node=\"3\">The <b data-path-to-node=\"3\" data-index-in-node=\"4\">ScaleBlaster SB-MAX<\/b> S\u0259rt su probleml\u0259ri \u00fc\u00e7\u00fcn \u0259n \u00fcst\u00fcn ekoloji dost h\u0259lldir. B\u00f6y\u00fck evl\u0259r v\u0259 y\u00fcks\u0259k kalsiumlu \u0259razil\u0259r \u00fc\u00e7\u00fcn n\u0259z\u0259rd\u0259 tutulmu\u015f bu \u201cPro Series\u201d modeli \u0259n\u0259n\u0259vi duz \u0259sasl\u0131 su yum\u015fald\u0131c\u0131lar\u0131na bax\u0131ms\u0131z alternativ t\u0259qdim edir. Borular\u0131n\u0131z\u0131 qoruyur, cihazlar\u0131n\u0131z\u0131n \u00f6mr\u00fcn\u00fc uzad\u0131r v\u0259 su keyfiyy\u0259tini kimy\u0259vi madd\u0259l\u0259r v\u0259 duz istifad\u0259 etm\u0259d\u0259n yax\u015f\u0131la\u015fd\u0131r\u0131r.<\/p>\n<h3 data-path-to-node=\"4\">\u018fsas X\u00fcsusiyy\u0259tl\u0259r<\/h3>\n<ul data-path-to-node=\"5\">\n<li>\n<p data-path-to-node=\"5,0,0\" class=\"translation-block\">Duzsuz Texnologiya: A\u011f\u0131r duz torbalar\u0131na v\u0259 baha ba\u015fa g\u0259l\u0259n kimy\u0259vi madd\u0259l\u0259r\u0259 ehtiyac\u0131 aradan qald\u0131r\u0131r. Duz m\u0259hdudiyy\u0259tli p\u0259hriz saxlayanlar v\u0259 ya ekoloji t\u0259miz h\u0259yat t\u0259rzi axtaranlar \u00fc\u00e7\u00fcn m\u00fck\u0259mm\u0259ldir.<\/p>\n<\/li>\n<li>\n<p data-path-to-node=\"5,1,0\" class=\"translation-block\">\u018frp t\u0259mizl\u0259m\u0259 v\u0259 qar\u015f\u0131s\u0131n\u0131 alma: Yaln\u0131z yeni \u0259rpin yaranmas\u0131n\u0131n qar\u015f\u0131s\u0131n\u0131 alm\u0131r, h\u0259m d\u0259 borular\u0131n\u0131zda v\u0259 m\u0259i\u015f\u0259t cihazlar\u0131n\u0131zda m\u00f6vcud olan \u0259rpi (\u0259rp qat\u0131n\u0131) h\u0259ll ed\u0259r\u0259k t\u0259mizl\u0259yir.<\/p>\n<\/li>\n<li>\n<p data-path-to-node=\"5,2,0\" class=\"translation-block\">Y\u00fcks\u0259k Performansl\u0131 \"Pro\" G\u00fcc\u00fc: X\u00fcsusi olaraq \u00e7ox s\u0259rt su s\u0259viyy\u0259l\u0259ri (20 gpg-\u0259 q\u0259d\u0259r) v\u0259 geni\u015f daxili m\u0259kanlar \u00fc\u00e7\u00fcn m\u00fch\u0259ndislik h\u0259lli \u0259sas\u0131nda haz\u0131rlanm\u0131\u015fd\u0131r.<\/p>\n<\/li>\n<li>\n<p data-path-to-node=\"5,3,0\" class=\"translation-block\">Texniki xidm\u0259t t\u0259l\u0259b etm\u0259y\u0259n: H\u0259r\u0259k\u0259t ed\u0259n hiss\u0259l\u0259ri yoxdur, d\u0259yi\u015fdirilm\u0259li olan filtrl\u0259ri yoxdur v\u0259 qura\u015fd\u0131r\u0131lmas\u0131 \u00fc\u00e7\u00fcn santexnika i\u015fl\u0259rin\u0259 ehtiyac yoxdur.<\/p>\n<\/li>\n<li>\n<p data-path-to-node=\"5,4,0\" class=\"translation-block\">Enerji v\u0259 X\u0259rc Q\u0259na\u0259ti: Su q\u0131zd\u0131r\u0131c\u0131lar\u0131n\u0131n s\u0259m\u0259r\u0259liliyini art\u0131r\u0131r v\u0259 m\u0259i\u015f\u0259t cihazlar\u0131n\u0131n vaxt\u0131ndan \u0259vv\u0259l s\u0131radan \u00e7\u0131xmas\u0131n\u0131n qar\u015f\u0131s\u0131n\u0131 al\u0131r, bel\u0259likl\u0259 elektrik enerjisin\u0259 v\u0259 t\u0259mir i\u015fl\u0259rin\u0259 q\u0259na\u0259t etm\u0259yiniz\u0259 k\u00f6m\u0259k edir.<\/p>\n<\/li>\n<\/ul>\n<h3 data-path-to-node=\"6\">Nec\u0259 i\u015fl\u0259yir?<\/h3>\n<p data-path-to-node=\"7\" class=\"translation-block\">SB-MAX cihaz\u0131, rezonans tezliyin\u0259 \u00e7atan v\u0259 elmi \u015f\u0259kild\u0259 haz\u0131rlanm\u0131\u015f bir elektron siqnal istehsal ed\u0259r\u0259k i\u015fl\u0259yir. Bu siqnal, \u0259sas giri\u015f su borunuzun \u0259traf\u0131na dolanm\u0131\u015f x\u00fcsusi siqnal kabeli vasit\u0259sil\u0259 \u00f6t\u00fcr\u00fcl\u00fcr. Siqnal kalsium molekullar\u0131n\u0131n fiziki formas\u0131n\u0131 v\u0259 \u00f6l\u00e7\u00fcs\u00fcn\u00fc d\u0259yi\u015fdir\u0259r\u0259k, onlar\u0131n borular\u0131n\u0131za v\u0259 santexnika qur\u011fular\u0131n\u0131za yap\u0131\u015fmas\u0131n\u0131n qar\u015f\u0131s\u0131n\u0131 al\u0131r.<\/p>","protected":false},"excerpt":{"rendered":"<table data-path-to-node=\"9\">\n<thead>\n<tr>\n<td><strong>X\u00fcsusiyy\u0259t<\/strong><\/td>\n<td><strong>Detallar<\/strong><\/td>\n<\/tr>\n<\/thead>\n<tbody>\n<tr>\n<td><span data-path-to-node=\"9,1,0,0\"><b data-path-to-node=\"9,1,0,0\" data-index-in-node=\"0\">Model<\/b><\/span><\/td>\n<td><span data-path-to-node=\"9,1,1,0\">SB-MAX (Pro Series)<\/span><\/td>\n<\/tr>\n<tr>\n<td><span data-path-to-node=\"9,2,0,0\"><b data-path-to-node=\"9,2,0,0\" data-index-in-node=\"0\">Suyun S\u0259rtliyi<\/b><\/span><\/td>\n<td><span data-path-to-node=\"9,2,1,0\">20 gpg (galon ba\u015f\u0131na tax\u0131l) q\u0259d\u0259r effektiv<\/span><\/td>\n<\/tr>\n<tr>\n<td><span data-path-to-node=\"9,3,0,0\"><b data-path-to-node=\"9,3,0,0\" data-index-in-node=\"0\">Evin \u00d6l\u00e7\u00fcs\u00fc<\/b><\/span><\/td>\n<td><span data-path-to-node=\"9,3,1,0\">B\u00f6y\u00fck m\u0259nzil evl\u0259ri \u00fc\u00e7\u00fcn haz\u0131rlanm\u0131\u015fd\u0131r<\/span><\/td>\n<\/tr>\n<tr>\n<td><span data-path-to-node=\"9,4,0,0\"><b data-path-to-node=\"9,4,0,0\" data-index-in-node=\"0\">Qura\u015fd\u0131r\u0131lma<\/b><\/span><\/td>\n<td><span data-path-to-node=\"9,4,1,0\">\u00d6z\u00fcn Et \u00fc\u00e7\u00fcn Uy\u011fun \u2013 Boru k\u0259sm\u0259y\u0259 ehtiyac yoxdur<\/span><\/td>\n<\/tr>\n<tr>\n<td><span data-path-to-node=\"9,5,0,0\"><b data-path-to-node=\"9,5,0,0\" data-index-in-node=\"0\">Enerji T\u0259chizat\u0131<\/b><\/span><\/td>\n<td><span data-path-to-node=\"9,5,1,0\">Standart elektrik rozetkas\u0131<\/span><\/td>\n<\/tr>\n<tr>\n<td><span data-path-to-node=\"9,6,0,0\"><b data-path-to-node=\"9,6,0,0\" data-index-in-node=\"0\">\u0130stehsal\u00e7\u0131<\/b><\/span><\/td>\n<td><span data-path-to-node=\"9,6,1,0\">Clear Water Enviro Technologies (AB\u015e-da istehsal olunub)<\/span><\/td>\n<\/tr>\n<\/tbody>\n<\/table>\n<p>&nbsp;<\/p>","protected":false},"featured_media":1068,"template":"","meta":[],"product_brand":[],"product_cat":[208,205],"product_tag":[],"class_list":{"0":"post-1067","1":"product","2":"type-product","3":"status-publish","4":"has-post-thumbnail","6":"product_cat-general","7":"product_cat-residential","9":"first","10":"instock","11":"shipping-taxable","12":"product-type-simple"},"_links":{"self":[{"href":"https:\/\/chs.az\/az\/wp-json\/wp\/v2\/product\/1067","targetHints":{"allow":["GET"]}}],"collection":[{"href":"https:\/\/chs.az\/az\/wp-json\/wp\/v2\/product"}],"about":[{"href":"https:\/\/chs.az\/az\/wp-json\/wp\/v2\/types\/product"}],"wp:featuredmedia":[{"embeddable":true,"href":"https:\/\/chs.az\/az\/wp-json\/wp\/v2\/media\/1068"}],"wp:attachment":[{"href":"https:\/\/chs.az\/az\/wp-json\/wp\/v2\/media?parent=1067"}],"wp:term":[{"taxonomy":"product_brand","embeddable":true,"href":"https:\/\/chs.az\/az\/wp-json\/wp\/v2\/product_brand?post=1067"},{"taxonomy":"product_cat","embeddable":true,"href":"https:\/\/chs.az\/az\/wp-json\/wp\/v2\/product_cat?post=1067"},{"taxonomy":"product_tag","embeddable":true,"href":"https:\/\/chs.az\/az\/wp-json\/wp\/v2\/product_tag?post=1067"}],"curies":[{"name":"wp","href":"https:\/\/api.w.org\/{rel}","templated":true}]}}