{"id":440,"date":"2025-11-04T15:11:47","date_gmt":"2025-11-04T11:11:47","guid":{"rendered":"https:\/\/chs.az\/?page_id=440"},"modified":"2026-01-05T16:36:39","modified_gmt":"2026-01-05T12:36:39","slug":"about-us","status":"publish","type":"page","link":"https:\/\/chs.az\/az\/about-us\/","title":{"rendered":"Haqq\u0131m\u0131zda"},"content":{"rendered":"<div data-elementor-type=\"wp-page\" data-elementor-id=\"440\" class=\"elementor elementor-440\" data-elementor-post-type=\"page\">\n\t\t\t\t\t\t<section class=\"elementor-section elementor-top-section elementor-element elementor-element-ea01a60 elementor-section-full_width elementor-section-height-default elementor-section-height-default\" data-id=\"ea01a60\" data-element_type=\"section\" data-e-type=\"section\">\n\t\t\t\t\t\t<div class=\"elementor-container elementor-column-gap-extended\">\n\t\t\t\t\t<div class=\"elementor-column elementor-col-50 elementor-top-column elementor-element elementor-element-bbba498 sc_inner_width_none sc_layouts_column_icons_position_left\" data-id=\"bbba498\" data-element_type=\"column\" data-e-type=\"column\">\n\t\t\t<div class=\"elementor-widget-wrap elementor-element-populated\">\n\t\t\t\t\t\t<div class=\"elementor-element elementor-element-f402090 sc_fly_static elementor-widget elementor-widget-heading\" data-id=\"f402090\" data-element_type=\"widget\" data-e-type=\"widget\" data-widget_type=\"heading.default\">\n\t\t\t\t<div class=\"elementor-widget-container\">\n\t\t\t\t\t<h5 class=\"elementor-heading-title elementor-size-default\">Su Texnologiyalar\u0131nda Etibar v\u0259 \u0130nnovasiya<\/h5>\t\t\t\t<\/div>\n\t\t\t\t<\/div>\n\t\t\t\t<div class=\"elementor-element elementor-element-aaecb37 sc_fly_static elementor-widget elementor-widget-text-editor\" data-id=\"aaecb37\" data-element_type=\"widget\" data-e-type=\"widget\" data-widget_type=\"text-editor.default\">\n\t\t\t\t<div class=\"elementor-widget-container\">\n\t\t\t\t\t\t\t\t\t<p data-start=\"157\" data-end=\"515\" class=\"translation-block\">Caspian Hydro Solutions (CHS) olaraq, sa\u011flam, ekoloji c\u0259h\u0259td\u0259n t\u0259miz v\u0259 davaml\u0131 h\u0259ll\u0259r t\u0259qdim etm\u0259k \u00fc\u00e7\u00fcn suyun t\u0259mizl\u0259nm\u0259si v\u0259 hovuz sisteml\u0259rind\u0259 \u0259n son texnologiyalar\u0131 t\u0259tbiq edirik. Missiyam\u0131z, h\u0259m ya\u015fay\u0131\u015f, h\u0259m d\u0259 s\u0259naye m\u00fc\u015ft\u0259ril\u0259ri \u00fc\u00e7\u00fcn etibarl\u0131, uzun\u00f6m\u00fcrl\u00fc v\u0259 enerji bax\u0131m\u0131ndan s\u0259m\u0259r\u0259li sisteml\u0259r t\u0259qdim etm\u0259kl\u0259 yana\u015f\u0131, suyun t\u0259mizl\u0259nm\u0259sind\u0259 kimy\u0259vi madd\u0259l\u0259rd\u0259n as\u0131l\u0131l\u0131\u011f\u0131 minimuma endirm\u0259kdir.<\/p><p data-start=\"517\" data-end=\"907\">CHS, hovuz suyunun mineral ionla\u015fma, ozon v\u0259 UB filtrasiya, h\u0259m\u00e7inin $CO_2$ balansla\u015fd\u0131rma texnologiyalar\u0131 vasit\u0259sil\u0259 t\u0259bii t\u0259mizl\u0259nm\u0259sini t\u0259min edir. Bu \u00fcsullar suyun keyfiyy\u0259tini art\u0131r\u0131r, xlor v\u0259 tur\u015fu kimi kimy\u0259vi madd\u0259l\u0259rin istifad\u0259sini 90%-\u0259 q\u0259d\u0259r azald\u0131r v\u0259 sabit pH s\u0259viyy\u0259sini qoruyur. N\u0259tic\u0259d\u0259 su daha t\u0259bii, d\u0259ri v\u0259 \u00fcmumi sa\u011flaml\u0131q \u00fc\u00e7\u00fcn daha t\u0259hl\u00fck\u0259siz v\u0259 ekoloji c\u0259h\u0259td\u0259n t\u0259miz olur.<\/p>\t\t\t\t\t\t\t\t<\/div>\n\t\t\t\t<\/div>\n\t\t\t\t\t<\/div>\n\t\t<\/div>\n\t\t\t\t<div class=\"elementor-column elementor-col-50 elementor-top-column elementor-element elementor-element-b4e6270 sc_inner_width_none sc_layouts_column_icons_position_left\" data-id=\"b4e6270\" data-element_type=\"column\" data-e-type=\"column\">\n\t\t\t<div class=\"elementor-widget-wrap elementor-element-populated\">\n\t\t\t\t\t\t<div class=\"elementor-element elementor-element-e50db61 sc_fly_static elementor-widget elementor-widget-image\" data-id=\"e50db61\" data-element_type=\"widget\" data-e-type=\"widget\" data-widget_type=\"image.default\">\n\t\t\t\t<div class=\"elementor-widget-container\">\n\t\t\t\t\t\t\t\t\t\t\t\t\t\t\t<img fetchpriority=\"high\" decoding=\"async\" width=\"1024\" height=\"576\" src=\"https:\/\/chs.az\/wp-content\/uploads\/2025\/10\/7-1024x576.webp\" class=\"attachment-large size-large wp-image-388\" alt=\"\" srcset=\"https:\/\/chs.az\/wp-content\/uploads\/2025\/10\/7-1024x576.webp 1024w, https:\/\/chs.az\/wp-content\/uploads\/2025\/10\/7-300x169.webp 300w, https:\/\/chs.az\/wp-content\/uploads\/2025\/10\/7-768x432.webp 768w, https:\/\/chs.az\/wp-content\/uploads\/2025\/10\/7-1536x864.webp 1536w, https:\/\/chs.az\/wp-content\/uploads\/2025\/10\/7-370x208.webp 370w, https:\/\/chs.az\/wp-content\/uploads\/2025\/10\/7-1170x658.webp 1170w, https:\/\/chs.az\/wp-content\/uploads\/2025\/10\/7-760x428.webp 760w, https:\/\/chs.az\/wp-content\/uploads\/2025\/10\/7-600x338.webp 600w, https:\/\/chs.az\/wp-content\/uploads\/2025\/10\/7-270x152.webp 270w, https:\/\/chs.az\/wp-content\/uploads\/2025\/10\/7.webp 1920w\" sizes=\"(max-width: 1024px) 100vw, 1024px\" \/>\t\t\t\t\t\t\t\t\t\t\t\t\t\t\t<\/div>\n\t\t\t\t<\/div>\n\t\t\t\t\t<\/div>\n\t\t<\/div>\n\t\t\t\t\t<\/div>\n\t\t<\/section>\n\t\t\t\t<section class=\"elementor-section elementor-top-section elementor-element elementor-element-2f05a70 elementor-section-full_width elementor-section-height-default elementor-section-height-default\" data-id=\"2f05a70\" data-element_type=\"section\" data-e-type=\"section\">\n\t\t\t\t\t\t<div class=\"elementor-container elementor-column-gap-extended\">\n\t\t\t\t\t<div class=\"elementor-column elementor-col-50 elementor-top-column elementor-element elementor-element-173046e sc_layouts_column sc_layouts_column_align_center sc_inner_width_none sc_layouts_column_icons_position_left\" data-id=\"173046e\" data-element_type=\"column\" data-e-type=\"column\">\n\t\t\t<div class=\"elementor-widget-wrap elementor-element-populated\">\n\t\t\t\t\t\t<div class=\"elementor-element elementor-element-053463e sc_fly_static elementor-widget elementor-widget-image\" data-id=\"053463e\" data-element_type=\"widget\" data-e-type=\"widget\" data-widget_type=\"image.default\">\n\t\t\t\t<div class=\"elementor-widget-container\">\n\t\t\t\t\t\t\t\t\t\t\t\t\t\t\t<img decoding=\"async\" width=\"1024\" height=\"540\" src=\"https:\/\/chs.az\/wp-content\/uploads\/2025\/10\/image-5-1024x540.webp\" class=\"attachment-large size-large wp-image-1054\" alt=\"\" srcset=\"https:\/\/chs.az\/wp-content\/uploads\/2025\/10\/image-5-1024x540.webp 1024w, https:\/\/chs.az\/wp-content\/uploads\/2025\/10\/image-5-300x158.webp 300w, https:\/\/chs.az\/wp-content\/uploads\/2025\/10\/image-5-768x405.webp 768w, https:\/\/chs.az\/wp-content\/uploads\/2025\/10\/image-5-1536x810.webp 1536w, https:\/\/chs.az\/wp-content\/uploads\/2025\/10\/image-5-370x195.webp 370w, https:\/\/chs.az\/wp-content\/uploads\/2025\/10\/image-5-760x401.webp 760w, https:\/\/chs.az\/wp-content\/uploads\/2025\/10\/image-5-600x316.webp 600w, https:\/\/chs.az\/wp-content\/uploads\/2025\/10\/image-5.webp 1920w\" sizes=\"(max-width: 1024px) 100vw, 1024px\" \/>\t\t\t\t\t\t\t\t\t\t\t\t\t\t\t<\/div>\n\t\t\t\t<\/div>\n\t\t\t\t\t<\/div>\n\t\t<\/div>\n\t\t\t\t<div class=\"elementor-column elementor-col-50 elementor-top-column elementor-element elementor-element-896f772 sc_inner_width_none sc_layouts_column_icons_position_left\" data-id=\"896f772\" data-element_type=\"column\" data-e-type=\"column\">\n\t\t\t<div class=\"elementor-widget-wrap elementor-element-populated\">\n\t\t\t\t\t\t<div class=\"elementor-element elementor-element-86f31c4 sc_fly_static elementor-widget elementor-widget-heading\" data-id=\"86f31c4\" data-element_type=\"widget\" data-e-type=\"widget\" data-widget_type=\"heading.default\">\n\t\t\t\t<div class=\"elementor-widget-container\">\n\t\t\t\t\t<h5 class=\"elementor-heading-title elementor-size-default\">H\u0259r bir m\u0259kan \u00fc\u00e7\u00fcn t\u0259miz su texnologiyas\u0131<\/h5>\t\t\t\t<\/div>\n\t\t\t\t<\/div>\n\t\t\t\t<div class=\"elementor-element elementor-element-e61579d sc_fly_static elementor-widget elementor-widget-text-editor\" data-id=\"e61579d\" data-element_type=\"widget\" data-e-type=\"widget\" data-widget_type=\"text-editor.default\">\n\t\t\t\t<div class=\"elementor-widget-container\">\n\t\t\t\t\t\t\t\t\t<p data-start=\"152\" data-end=\"484\">Texnologiyalar\u0131m\u0131z yaln\u0131z f\u0259rdi ya\u015fay\u0131\u015f sah\u0259l\u0259rind\u0259 deyil, h\u0259m d\u0259 otell\u0259r, spa m\u0259rk\u0259zl\u0259ri, idman kompleksl\u0259ri, s\u0259naye m\u00fc\u0259ssis\u0259l\u0259ri v\u0259 ictimai hovuzlarda effektiv \u015f\u0259kild\u0259 t\u0259tbiq olunur. CHS-in m\u00fch\u0259ndis v\u0259 texniki komandas\u0131 m\u00fc\u015ft\u0259ril\u0259rimizin ehtiyaclar\u0131na uy\u011funla\u015fd\u0131r\u0131lm\u0131\u015f f\u0259rdi h\u0259ll\u0259r haz\u0131rlayaraq, istismar asanl\u0131\u011f\u0131n\u0131 v\u0259 uzunm\u00fcdd\u0259tli etibarl\u0131l\u0131\u011f\u0131 t\u0259min edir.<\/p><p data-start=\"486\" data-end=\"765\">LanguageTranslationAz\u0259rbaycancaDavaml\u0131 innovasiya bizim \u0259sas d\u0259y\u0259rl\u0259rimizd\u0259n biridir. Biz ard\u0131c\u0131l olaraq t\u0259dqiqat v\u0259 inki\u015fafa (R&amp;D) investisiya qoyur, yeni n\u0259sil su t\u0259mizl\u0259m\u0259 sisteml\u0259ri \u00fcz\u0259rind\u0259 i\u015fl\u0259yirik. M\u0259qs\u0259dimiz yaln\u0131z bug\u00fcnk\u00fc ehtiyaclar\u0131 \u00f6d\u0259m\u0259k deyil, h\u0259m d\u0259 g\u0259l\u0259c\u0259k n\u0259sill\u0259r \u00fc\u00e7\u00fcn daha t\u0259miz v\u0259 sa\u011flam su ehtiyatlar\u0131 yaratmaqd\u0131r.<\/p><p data-start=\"767\" data-end=\"840\"><strong data-start=\"767\" data-end=\"840\">Caspian Hydro Solutions \u2013 suyun g\u0259l\u0259c\u0259yini formala\u015fd\u0131ran texnologiya.<\/strong><\/p>\t\t\t\t\t\t\t\t<\/div>\n\t\t\t\t<\/div>\n\t\t\t\t\t<\/div>\n\t\t<\/div>\n\t\t\t\t\t<\/div>\n\t\t<\/section>\n\t\t\t\t<section class=\"elementor-section elementor-top-section elementor-element elementor-element-43b4512 elementor-section-full_width elementor-section-height-default elementor-section-height-default\" data-id=\"43b4512\" data-element_type=\"section\" data-e-type=\"section\">\n\t\t\t\t\t\t<div class=\"elementor-container elementor-column-gap-extended\">\n\t\t\t\t\t<div class=\"elementor-column elementor-col-100 elementor-top-column elementor-element elementor-element-fd2b0b2 sc_inner_width_none sc_layouts_column_icons_position_left\" data-id=\"fd2b0b2\" data-element_type=\"column\" data-e-type=\"column\">\n\t\t\t<div class=\"elementor-widget-wrap elementor-element-populated\">\n\t\t\t\t\t\t<div class=\"elementor-element elementor-element-fee1152 sc_fly_static elementor-widget elementor-widget-heading\" data-id=\"fee1152\" data-element_type=\"widget\" data-e-type=\"widget\" data-widget_type=\"heading.default\">\n\t\t\t\t<div class=\"elementor-widget-container\">\n\t\t\t\t\t<h5 class=\"elementor-heading-title elementor-size-default\">Missiyam\u0131z: T\u0259miz Su, Sa\u011flam G\u0259l\u0259c\u0259k<\/h5>\t\t\t\t<\/div>\n\t\t\t\t<\/div>\n\t\t\t\t<div class=\"elementor-element elementor-element-4005a48 sc_fly_static elementor-widget elementor-widget-text-editor\" data-id=\"4005a48\" data-element_type=\"widget\" data-e-type=\"widget\" data-widget_type=\"text-editor.default\">\n\t\t\t\t<div class=\"elementor-widget-container\">\n\t\t\t\t\t\t\t\t\t<p data-start=\"185\" data-end=\"423\" class=\"translation-block\">Caspian Hydro Solutions olaraq missiyam\u0131z suyun t\u0259mizl\u0259nm\u0259si v\u0259 idar\u0259 edilm\u0259sind\u0259 daha a\u011f\u0131ll\u0131, ekoloji t\u0259miz v\u0259 etibarl\u0131 texnologiyalar haz\u0131rlamaqd\u0131r. \u0130nan\u0131r\u0131q ki, g\u0259l\u0259c\u0259yin ekoloji balans\u0131 bu g\u00fcn at\u0131lan d\u00fczg\u00fcn add\u0131mlardan ba\u015flay\u0131r.<\/p><p data-start=\"425\" data-end=\"700\">M\u0259qs\u0259dimiz hovuz v\u0259 su sisteml\u0259rind\u0259 kimy\u0259vi madd\u0259l\u0259rin istifad\u0259sini minimuma endirm\u0259kl\u0259 ekoloji c\u0259h\u0259td\u0259n t\u0259miz v\u0259 sa\u011flam bir m\u00fchit yaratmaqd\u0131r. CHS texnologiyalar\u0131 suyun t\u0259bii d\u00f6vran\u0131n\u0131 pozmadan onu daha t\u0259miz, t\u0259hl\u00fck\u0259siz v\u0259 davaml\u0131 \u015f\u0259kild\u0259 qorumaq \u00fc\u00e7\u00fcn haz\u0131rlanm\u0131\u015fd\u0131r.<\/p><p data-start=\"702\" data-end=\"913\">Biz h\u0259yata ke\u00e7irdiyimiz h\u0259r bir layih\u0259d\u0259 innovasiya v\u0259 m\u0259suliyy\u0259t prinsipl\u0259rin\u0259 sadiq qal\u0131r\u0131q. Bizim \u00fc\u00e7\u00fcn m\u00fc\u015ft\u0259ri m\u0259mnuniyy\u0259ti sad\u0259c\u0259 bir n\u0259tic\u0259 deyil; o, etibar \u00fcz\u0259rind\u0259 qurulmu\u015f uzunm\u00fcdd\u0259tli t\u0259r\u0259fda\u015fl\u0131qd\u0131r.<\/p><p data-start=\"915\" data-end=\"1094\">CHS, h\u0259m b\u00f6lg\u0259d\u0259, h\u0259m d\u0259 qlobal miqyasda su texnologiyalar\u0131n\u0131n inki\u015faf\u0131na t\u00f6hf\u0259 verm\u0259y\u0259, \"t\u0259miz su\" f\u0259ls\u0259f\u0259sini X\u0259z\u0259rd\u0259n d\u00fcnyaya yayma\u011fa sadiqdir.<\/p>\t\t\t\t\t\t\t\t<\/div>\n\t\t\t\t<\/div>\n\t\t\t\t\t<\/div>\n\t\t<\/div>\n\t\t\t\t\t<\/div>\n\t\t<\/section>\n\t\t\t\t<\/div>","protected":false},"excerpt":{"rendered":"<p>Trust and Innovation in Water Technologies As Caspian Hydro Solutions (CHS), we&hellip;<\/p>","protected":false},"author":1,"featured_media":0,"parent":0,"menu_order":0,"comment_status":"closed","ping_status":"closed","template":"","meta":{"footnotes":""},"class_list":["post-440","page","type-page","status-publish","hentry"],"_links":{"self":[{"href":"https:\/\/chs.az\/az\/wp-json\/wp\/v2\/pages\/440","targetHints":{"allow":["GET"]}}],"collection":[{"href":"https:\/\/chs.az\/az\/wp-json\/wp\/v2\/pages"}],"about":[{"href":"https:\/\/chs.az\/az\/wp-json\/wp\/v2\/types\/page"}],"author":[{"embeddable":true,"href":"https:\/\/chs.az\/az\/wp-json\/wp\/v2\/users\/1"}],"replies":[{"embeddable":true,"href":"https:\/\/chs.az\/az\/wp-json\/wp\/v2\/comments?post=440"}],"version-history":[{"count":17,"href":"https:\/\/chs.az\/az\/wp-json\/wp\/v2\/pages\/440\/revisions"}],"predecessor-version":[{"id":1144,"href":"https:\/\/chs.az\/az\/wp-json\/wp\/v2\/pages\/440\/revisions\/1144"}],"wp:attachment":[{"href":"https:\/\/chs.az\/az\/wp-json\/wp\/v2\/media?parent=440"}],"curies":[{"name":"wp","href":"https:\/\/api.w.org\/{rel}","templated":true}]}}